{"id":11326,"date":"2020-01-27T17:32:15","date_gmt":"2020-01-27T16:32:15","guid":{"rendered":"https:\/\/www.efdb.ch\/schulleben\/kantine\/"},"modified":"2022-11-29T14:44:37","modified_gmt":"2022-11-29T12:44:37","slug":"kantine","status":"publish","type":"page","link":"https:\/\/staging.efdb.ch\/de\/schulleben\/kantine\/","title":{"rendered":"Kantine"},"content":{"rendered":"<p>[et_pb_section fb_built=&#8220;1&#8243; fullwidth=&#8220;on&#8220; _builder_version=&#8220;4.16&#8243; global_colors_info=&#8220;{}&#8220;][et_pb_fullwidth_slider admin_label=&#8220;Fullwidth Slider&#8220; _builder_version=&#8220;4.16&#8243; custom_padding=&#8220;|||&#8220; global_colors_info=&#8220;{}&#8220; button_text_size__hover_enabled=&#8220;off&#8220; button_one_text_size__hover_enabled=&#8220;off&#8220; button_two_text_size__hover_enabled=&#8220;off&#8220; button_text_color__hover_enabled=&#8220;off&#8220; button_one_text_color__hover_enabled=&#8220;off&#8220; button_two_text_color__hover_enabled=&#8220;off&#8220; button_border_width__hover_enabled=&#8220;off&#8220; button_one_border_width__hover_enabled=&#8220;off&#8220; button_two_border_width__hover_enabled=&#8220;off&#8220; button_border_color__hover_enabled=&#8220;off&#8220; button_one_border_color__hover_enabled=&#8220;off&#8220; button_two_border_color__hover_enabled=&#8220;off&#8220; button_border_radius__hover_enabled=&#8220;off&#8220; button_one_border_radius__hover_enabled=&#8220;off&#8220; button_two_border_radius__hover_enabled=&#8220;off&#8220; button_letter_spacing__hover_enabled=&#8220;off&#8220; button_one_letter_spacing__hover_enabled=&#8220;off&#8220; button_two_letter_spacing__hover_enabled=&#8220;off&#8220; button_bg_color__hover_enabled=&#8220;off&#8220; button_one_bg_color__hover_enabled=&#8220;off&#8220; button_two_bg_color__hover_enabled=&#8220;off&#8220;][et_pb_slide heading=&#8220;Die Kantine&#8220; use_bg_overlay=&#8220;on&#8220; use_text_overlay=&#8220;off&#8220; _builder_version=&#8220;4.16&#8243; background_color=&#8220;#ffffff&#8220; background_image=&#8220;https:\/\/staging.efdb.ch\/wp-content\/uploads\/2017\/12\/ban19.jpg&#8220; button_on_hover=&#8220;on&#8220; global_colors_info=&#8220;{}&#8220; button_text_size__hover_enabled=&#8220;off&#8220; button_one_text_size__hover_enabled=&#8220;off&#8220; button_two_text_size__hover_enabled=&#8220;off&#8220; button_text_color__hover_enabled=&#8220;off&#8220; button_one_text_color__hover_enabled=&#8220;off&#8220; button_two_text_color__hover_enabled=&#8220;off&#8220; button_border_width__hover_enabled=&#8220;off&#8220; button_one_border_width__hover_enabled=&#8220;off&#8220; button_two_border_width__hover_enabled=&#8220;off&#8220; button_border_color__hover_enabled=&#8220;off&#8220; button_one_border_color__hover_enabled=&#8220;off&#8220; button_two_border_color__hover_enabled=&#8220;off&#8220; button_border_radius__hover_enabled=&#8220;off&#8220; button_one_border_radius__hover_enabled=&#8220;off&#8220; button_two_border_radius__hover_enabled=&#8220;off&#8220; button_letter_spacing__hover_enabled=&#8220;off&#8220; button_one_letter_spacing__hover_enabled=&#8220;off&#8220; button_two_letter_spacing__hover_enabled=&#8220;off&#8220; button_bg_color__hover_enabled=&#8220;off&#8220; button_one_bg_color__hover_enabled=&#8220;off&#8220; button_two_bg_color__hover_enabled=&#8220;off&#8220; sticky_transition=&#8220;on&#8220;]Ausgewogene und abwechslungsreich Kost, die schmeckt\u00a0!<br \/>\n[\/et_pb_slide][\/et_pb_fullwidth_slider][\/et_pb_section][et_pb_section fb_built=&#8220;1&#8243; _builder_version=&#8220;4.16&#8243; custom_padding=&#8220;57px|0px|53px|0px&#8220; global_colors_info=&#8220;{}&#8220;][et_pb_row column_structure=&#8220;1_2,1_2&#8243; _builder_version=&#8220;4.16&#8243; background_size=&#8220;initial&#8220; background_position=&#8220;top_left&#8220; background_repeat=&#8220;repeat&#8220; global_colors_info=&#8220;{}&#8220;][et_pb_column type=&#8220;1_2&#8243; _builder_version=&#8220;4.16&#8243; custom_padding=&#8220;|||&#8220; global_colors_info=&#8220;{}&#8220; custom_padding__hover=&#8220;|||&#8220;][et_pb_blog posts_number=&#8220;1&#8243; include_categories=&#8220;16&#8243; show_more=&#8220;on&#8220; show_date=&#8220;off&#8220; show_pagination=&#8220;off&#8220; admin_label=&#8220;Blog &#8211; menu mat&#8220; module_class=&#8220;menu-cantine&#8220; _builder_version=&#8220;4.16&#8243; pagination_font_size_tablet=&#8220;51&#8243; pagination_line_height_tablet=&#8220;2&#8243; global_colors_info=&#8220;{}&#8220;][\/et_pb_blog][\/et_pb_column][et_pb_column type=&#8220;1_2&#8243; _builder_version=&#8220;4.16&#8243; custom_padding=&#8220;|||&#8220; global_colors_info=&#8220;{}&#8220; custom_padding__hover=&#8220;|||&#8220;][et_pb_blog posts_number=&#8220;1&#8243; include_categories=&#8220;42&#8243; show_more=&#8220;on&#8220; show_date=&#8220;off&#8220; show_pagination=&#8220;off&#8220; admin_label=&#8220;Blog &#8211; menu elem&#8220; module_class=&#8220;menu-cantine&#8220; _builder_version=&#8220;4.16&#8243; pagination_font_size_tablet=&#8220;51&#8243; pagination_line_height_tablet=&#8220;2&#8243; global_colors_info=&#8220;{}&#8220;][\/et_pb_blog][\/et_pb_column][\/et_pb_row][et_pb_row _builder_version=&#8220;4.16&#8243; global_colors_info=&#8220;{}&#8220;][et_pb_column type=&#8220;4_4&#8243; _builder_version=&#8220;4.16&#8243; custom_padding=&#8220;|||&#8220; global_colors_info=&#8220;{}&#8220; custom_padding__hover=&#8220;|||&#8220;][et_pb_text admin_label=&#8220;Texte pr\u00e9sentation&#8220; _builder_version=&#8220;4.16&#8243; text_orientation=&#8220;center&#8220; global_colors_info=&#8220;{}&#8220;]Die Mahlzeit ist integraler Bestandteil des p\u00e4dagogischen Konzepts der Schule.<br \/>\nDie Kinder schulen w\u00e4hrend des Essens ihren Geschmackssinn und profitieren dabei von der f\u00fcr ihr Wachstum so wichtigen N\u00e4hrstoffzufuhr.<\/p>\n<p>Jede Mahlzeit besteht aus:<\/p>\n<ol>\n<li>einer kalten oder warmen Vorspeise<\/li>\n<li>einer Hauptspeise mit Beilage (Fleisch \/ Fisch, Gem\u00fcse, Kohlenhydrate)<\/li>\n<li>Obst oder Dessert<\/li>\n<\/ol>\n<p>Die Men\u00fcs, welche von einem Cateringservice zubereitet werden, sind abwechslungsreich, ausgewogen und an die Bed\u00fcrfnisse und das Alter der Kinder angepasst. Obst und Gem\u00fcse sind soweit m\u00f6glich saisonal.[\/et_pb_text][\/et_pb_column][\/et_pb_row][et_pb_row column_structure=&#8220;1_2,1_2&#8243; _builder_version=&#8220;4.16&#8243; global_colors_info=&#8220;{}&#8220;][et_pb_column type=&#8220;1_2&#8243; _builder_version=&#8220;4.16&#8243; custom_padding=&#8220;|||&#8220; global_colors_info=&#8220;{}&#8220; custom_padding__hover=&#8220;|||&#8220;][et_pb_gallery gallery_ids=&#8220;2293&#8243; gallery_captions=&#8220;,&#8220; fullwidth=&#8220;on&#8220; _builder_version=&#8220;4.16&#8243; pagination_font_size_tablet=&#8220;51&#8243; pagination_line_height_tablet=&#8220;2&#8243; global_colors_info=&#8220;{}&#8220;][\/et_pb_gallery][\/et_pb_column][et_pb_column type=&#8220;1_2&#8243; _builder_version=&#8220;4.16&#8243; custom_padding=&#8220;|||&#8220; global_colors_info=&#8220;{}&#8220; custom_padding__hover=&#8220;|||&#8220;][et_pb_text admin_label=&#8220;Texte hygi\u00e8ne&#8220; _builder_version=&#8220;4.16&#8243; background_color=&#8220;#d10a11&#8243; background_layout=&#8220;dark&#8220; custom_padding=&#8220;10px|10px|10px|10px&#8220; custom_padding_tablet=&#8220;&#8220; custom_padding_phone=&#8220;&#8220; custom_padding_last_edited=&#8220;on|desktop&#8220; global_colors_info=&#8220;{}&#8220;]<strong>Ein besonderes Augenmerk gilt der Hygiene. Die Betreuer sorgen daf\u00fcr, dass sich die Kinder vor dem Essen die H\u00e4nde waschen. Auch f\u00fcr Zahnhygiene nach dem Essen wird gesorgt. <\/strong><br \/>\n[\/et_pb_text][\/et_pb_column][\/et_pb_row][et_pb_row _builder_version=&#8220;4.16&#8243; global_colors_info=&#8220;{}&#8220;][et_pb_column type=&#8220;4_4&#8243; _builder_version=&#8220;4.16&#8243; custom_padding=&#8220;|||&#8220; global_colors_info=&#8220;{}&#8220; custom_padding__hover=&#8220;|||&#8220;][et_pb_text admin_label=&#8220;Intro tarifs&#8220; _builder_version=&#8220;4.19.1&#8243; hover_enabled=&#8220;0&#8243; global_colors_info=&#8220;{}&#8220; sticky_enabled=&#8220;0&#8243;][\/et_pb_text][\/et_pb_column][\/et_pb_row][et_pb_row _builder_version=&#8220;4.16&#8243; custom_padding=&#8220;28px|0px|27px|0px&#8220; global_colors_info=&#8220;{}&#8220;][et_pb_column type=&#8220;4_4&#8243; _builder_version=&#8220;4.16&#8243; custom_padding=&#8220;|||&#8220; global_colors_info=&#8220;{}&#8220; custom_padding__hover=&#8220;|||&#8220;][et_pb_text admin_label=&#8220;Liens t\u00e9l\u00e9chargement tarifs&#8220; _builder_version=&#8220;4.19.1&#8243; text_orientation=&#8220;center&#8220; custom_padding=&#8220;|||30px&#8220; hover_enabled=&#8220;0&#8243; border_color_left=&#8220;#d10a11&#8243; global_colors_info=&#8220;{}&#8220; sticky_enabled=&#8220;0&#8243;]<\/p>\n<p>&nbsp;<\/p>\n<p>&nbsp;<\/p>\n<p>[\/et_pb_text][\/et_pb_column][\/et_pb_row][\/et_pb_section][et_pb_section fb_built=&#8220;1&#8243; _builder_version=&#8220;4.16&#8243; background_color=&#8220;#5e89c4&#8243; custom_padding=&#8220;57px|0px|57px|0px&#8220; global_colors_info=&#8220;{}&#8220;][et_pb_row _builder_version=&#8220;4.16&#8243; global_colors_info=&#8220;{}&#8220;][et_pb_column type=&#8220;4_4&#8243; _builder_version=&#8220;4.16&#8243; custom_padding=&#8220;|||&#8220; global_colors_info=&#8220;{}&#8220; custom_padding__hover=&#8220;|||&#8220;][et_pb_text admin_label=&#8220;Titre t\u00e9moignages&#8220; _builder_version=&#8220;4.16&#8243; background_layout=&#8220;dark&#8220; global_colors_info=&#8220;{}&#8220;]<\/p>\n<h2 style=\"text-align: center\">\u00dcber die Kantine \u2026<\/h2>\n<p>&nbsp;<br \/>\n[\/et_pb_text][et_pb_slider show_pagination=&#8220;off&#8220; admin_label=&#8220;Diapo t\u00e9moignages&#8220; _builder_version=&#8220;4.16&#8243; custom_margin=&#8220;0px|0px|0px|0px&#8220; custom_padding=&#8220;0px|0px|0px|0px&#8220; animation_style=&#8220;fade&#8220; global_colors_info=&#8220;{}&#8220; button_text_size__hover_enabled=&#8220;off&#8220; button_one_text_size__hover_enabled=&#8220;off&#8220; button_two_text_size__hover_enabled=&#8220;off&#8220; button_text_color__hover_enabled=&#8220;off&#8220; button_one_text_color__hover_enabled=&#8220;off&#8220; button_two_text_color__hover_enabled=&#8220;off&#8220; button_border_width__hover_enabled=&#8220;off&#8220; button_one_border_width__hover_enabled=&#8220;off&#8220; button_two_border_width__hover_enabled=&#8220;off&#8220; button_border_color__hover_enabled=&#8220;off&#8220; button_one_border_color__hover_enabled=&#8220;off&#8220; button_two_border_color__hover_enabled=&#8220;off&#8220; button_border_radius__hover_enabled=&#8220;off&#8220; button_one_border_radius__hover_enabled=&#8220;off&#8220; button_two_border_radius__hover_enabled=&#8220;off&#8220; button_letter_spacing__hover_enabled=&#8220;off&#8220; button_one_letter_spacing__hover_enabled=&#8220;off&#8220; button_two_letter_spacing__hover_enabled=&#8220;off&#8220; button_bg_color__hover_enabled=&#8220;off&#8220; button_one_bg_color__hover_enabled=&#8220;off&#8220; button_two_bg_color__hover_enabled=&#8220;off&#8220;][et_pb_slide use_bg_overlay=&#8220;off&#8220; use_text_overlay=&#8220;off&#8220; _builder_version=&#8220;4.16&#8243; body_font=&#8220;||||||||&#8220; background_color=&#8220;#5e89c4&#8243; global_colors_info=&#8220;{}&#8220; button_text_size__hover_enabled=&#8220;off&#8220; button_one_text_size__hover_enabled=&#8220;off&#8220; button_two_text_size__hover_enabled=&#8220;off&#8220; button_text_color__hover_enabled=&#8220;off&#8220; button_one_text_color__hover_enabled=&#8220;off&#8220; button_two_text_color__hover_enabled=&#8220;off&#8220; button_border_width__hover_enabled=&#8220;off&#8220; button_one_border_width__hover_enabled=&#8220;off&#8220; button_two_border_width__hover_enabled=&#8220;off&#8220; button_border_color__hover_enabled=&#8220;off&#8220; button_one_border_color__hover_enabled=&#8220;off&#8220; button_two_border_color__hover_enabled=&#8220;off&#8220; button_border_radius__hover_enabled=&#8220;off&#8220; button_one_border_radius__hover_enabled=&#8220;off&#8220; button_two_border_radius__hover_enabled=&#8220;off&#8220; button_letter_spacing__hover_enabled=&#8220;off&#8220; button_one_letter_spacing__hover_enabled=&#8220;off&#8220; button_two_letter_spacing__hover_enabled=&#8220;off&#8220; button_bg_color__hover_enabled=&#8220;off&#8220; button_one_bg_color__hover_enabled=&#8220;off&#8220; button_two_bg_color__hover_enabled=&#8220;off&#8220; sticky_transition=&#8220;on&#8220;]<em>&#8222;Die Mahlzeiten in der Kantine machen der kulinarischen Kultur Frankreichs mit ihren leckeren traditionellen Rezepten, die die Kinder lieben, alle Ehre. Meine Kinder erz\u00e4hlen mir oft von den netten geselligen Momenten, die sie zur Mittagszeit verbringen. Die Men\u00fcs sind ausgewogen und ich bin w\u00e4hrend der Woche gelassen, da ich mich nicht darum k\u00fcmmern muss, meine Kinder zu Mittag von der Schule abzuholen. Es ist eine gro\u03b2er Vorteil und ein unglaublicher Zeitgewinn.&#8220;<\/em><\/p>\n<p>Bericht eines Elternteils[\/et_pb_slide][\/et_pb_slider][\/et_pb_column][\/et_pb_row][\/et_pb_section]<\/p>\n","protected":false},"excerpt":{"rendered":"<p>Ausgewogene und abwechslungsreich Kost, die schmeckt\u00a0! Die Mahlzeit ist integraler Bestandteil des p\u00e4dagogischen Konzepts der Schule. Die Kinder schulen w\u00e4hrend des Essens ihren Geschmackssinn und profitieren dabei von der f\u00fcr ihr Wachstum so wichtigen N\u00e4hrstoffzufuhr. Jede Mahlzeit besteht aus: einer kalten oder warmen Vorspeise einer Hauptspeise mit Beilage (Fleisch \/ Fisch, Gem\u00fcse, Kohlenhydrate) Obst oder [&hellip;]<\/p>\n","protected":false},"author":1,"featured_media":0,"parent":11322,"menu_order":0,"comment_status":"closed","ping_status":"closed","template":"","meta":{"_et_pb_use_builder":"on","_et_pb_old_content":"","_et_gb_content_width":""},"yoast_head":"<!-- This site is optimized with the Yoast SEO plugin v21.1 - https:\/\/yoast.com\/wordpress\/plugins\/seo\/ -->\n<title>Kantine - EFDB<\/title>\n<meta name=\"robots\" content=\"index, follow, max-snippet:-1, max-image-preview:large, max-video-preview:-1\" \/>\n<link rel=\"canonical\" href=\"https:\/\/staging.efdb.ch\/de\/schulleben\/kantine\/\" \/>\n<meta property=\"og:locale\" content=\"de_DE\" \/>\n<meta property=\"og:type\" content=\"article\" \/>\n<meta property=\"og:title\" content=\"Kantine - EFDB\" \/>\n<meta property=\"og:description\" content=\"Ausgewogene und abwechslungsreich Kost, die schmeckt\u00a0! Die Mahlzeit ist integraler Bestandteil des p\u00e4dagogischen Konzepts der Schule. Die Kinder schulen w\u00e4hrend des Essens ihren Geschmackssinn und profitieren dabei von der f\u00fcr ihr Wachstum so wichtigen N\u00e4hrstoffzufuhr. Jede Mahlzeit besteht aus: einer kalten oder warmen Vorspeise einer Hauptspeise mit Beilage (Fleisch \/ Fisch, Gem\u00fcse, Kohlenhydrate) Obst oder [&hellip;]\" \/>\n<meta property=\"og:url\" content=\"https:\/\/staging.efdb.ch\/de\/schulleben\/kantine\/\" \/>\n<meta property=\"og:site_name\" content=\"EFDB\" \/>\n<meta property=\"article:modified_time\" content=\"2022-11-29T12:44:37+00:00\" \/>\n<meta name=\"twitter:card\" content=\"summary_large_image\" \/>\n<meta name=\"twitter:label1\" content=\"Gesch\u00e4tzte Lesezeit\" \/>\n\t<meta name=\"twitter:data1\" content=\"7\u00a0Minuten\" \/>\n<script type=\"application\/ld+json\" class=\"yoast-schema-graph\">{\"@context\":\"https:\/\/schema.org\",\"@graph\":[{\"@type\":\"WebPage\",\"@id\":\"https:\/\/staging.efdb.ch\/de\/schulleben\/kantine\/\",\"url\":\"https:\/\/staging.efdb.ch\/de\/schulleben\/kantine\/\",\"name\":\"Kantine - EFDB\",\"isPartOf\":{\"@id\":\"https:\/\/staging.efdb.ch\/de\/#website\"},\"datePublished\":\"2020-01-27T16:32:15+00:00\",\"dateModified\":\"2022-11-29T12:44:37+00:00\",\"breadcrumb\":{\"@id\":\"https:\/\/staging.efdb.ch\/de\/schulleben\/kantine\/#breadcrumb\"},\"inLanguage\":\"de\",\"potentialAction\":[{\"@type\":\"ReadAction\",\"target\":[\"https:\/\/staging.efdb.ch\/de\/schulleben\/kantine\/\"]}]},{\"@type\":\"BreadcrumbList\",\"@id\":\"https:\/\/staging.efdb.ch\/de\/schulleben\/kantine\/#breadcrumb\",\"itemListElement\":[{\"@type\":\"ListItem\",\"position\":1,\"name\":\"Accueil\",\"item\":\"https:\/\/staging.efdb.ch\/de\/\"},{\"@type\":\"ListItem\",\"position\":2,\"name\":\"Schulleben\",\"item\":\"https:\/\/staging.efdb.ch\/de\/vie-scolaire\/\"},{\"@type\":\"ListItem\",\"position\":3,\"name\":\"Kantine\"}]},{\"@type\":\"WebSite\",\"@id\":\"https:\/\/staging.efdb.ch\/de\/#website\",\"url\":\"https:\/\/staging.efdb.ch\/de\/\",\"name\":\"EFDB\",\"description\":\"\u00c9cole fran\u00e7aise de B\u00e2le\",\"potentialAction\":[{\"@type\":\"SearchAction\",\"target\":{\"@type\":\"EntryPoint\",\"urlTemplate\":\"https:\/\/staging.efdb.ch\/de\/?s={search_term_string}\"},\"query-input\":\"required name=search_term_string\"}],\"inLanguage\":\"de\"}]}<\/script>\n<!-- \/ Yoast SEO plugin. -->","yoast_head_json":{"title":"Kantine - EFDB","robots":{"index":"index","follow":"follow","max-snippet":"max-snippet:-1","max-image-preview":"max-image-preview:large","max-video-preview":"max-video-preview:-1"},"canonical":"https:\/\/staging.efdb.ch\/de\/schulleben\/kantine\/","og_locale":"de_DE","og_type":"article","og_title":"Kantine - EFDB","og_description":"Ausgewogene und abwechslungsreich Kost, die schmeckt\u00a0! Die Mahlzeit ist integraler Bestandteil des p\u00e4dagogischen Konzepts der Schule. Die Kinder schulen w\u00e4hrend des Essens ihren Geschmackssinn und profitieren dabei von der f\u00fcr ihr Wachstum so wichtigen N\u00e4hrstoffzufuhr. Jede Mahlzeit besteht aus: einer kalten oder warmen Vorspeise einer Hauptspeise mit Beilage (Fleisch \/ Fisch, Gem\u00fcse, Kohlenhydrate) Obst oder [&hellip;]","og_url":"https:\/\/staging.efdb.ch\/de\/schulleben\/kantine\/","og_site_name":"EFDB","article_modified_time":"2022-11-29T12:44:37+00:00","twitter_card":"summary_large_image","twitter_misc":{"Gesch\u00e4tzte Lesezeit":"7\u00a0Minuten"},"schema":{"@context":"https:\/\/schema.org","@graph":[{"@type":"WebPage","@id":"https:\/\/staging.efdb.ch\/de\/schulleben\/kantine\/","url":"https:\/\/staging.efdb.ch\/de\/schulleben\/kantine\/","name":"Kantine - EFDB","isPartOf":{"@id":"https:\/\/staging.efdb.ch\/de\/#website"},"datePublished":"2020-01-27T16:32:15+00:00","dateModified":"2022-11-29T12:44:37+00:00","breadcrumb":{"@id":"https:\/\/staging.efdb.ch\/de\/schulleben\/kantine\/#breadcrumb"},"inLanguage":"de","potentialAction":[{"@type":"ReadAction","target":["https:\/\/staging.efdb.ch\/de\/schulleben\/kantine\/"]}]},{"@type":"BreadcrumbList","@id":"https:\/\/staging.efdb.ch\/de\/schulleben\/kantine\/#breadcrumb","itemListElement":[{"@type":"ListItem","position":1,"name":"Accueil","item":"https:\/\/staging.efdb.ch\/de\/"},{"@type":"ListItem","position":2,"name":"Schulleben","item":"https:\/\/staging.efdb.ch\/de\/vie-scolaire\/"},{"@type":"ListItem","position":3,"name":"Kantine"}]},{"@type":"WebSite","@id":"https:\/\/staging.efdb.ch\/de\/#website","url":"https:\/\/staging.efdb.ch\/de\/","name":"EFDB","description":"\u00c9cole fran\u00e7aise de B\u00e2le","potentialAction":[{"@type":"SearchAction","target":{"@type":"EntryPoint","urlTemplate":"https:\/\/staging.efdb.ch\/de\/?s={search_term_string}"},"query-input":"required name=search_term_string"}],"inLanguage":"de"}]}},"_links":{"self":[{"href":"https:\/\/staging.efdb.ch\/de\/wp-json\/wp\/v2\/pages\/11326"}],"collection":[{"href":"https:\/\/staging.efdb.ch\/de\/wp-json\/wp\/v2\/pages"}],"about":[{"href":"https:\/\/staging.efdb.ch\/de\/wp-json\/wp\/v2\/types\/page"}],"author":[{"embeddable":true,"href":"https:\/\/staging.efdb.ch\/de\/wp-json\/wp\/v2\/users\/1"}],"replies":[{"embeddable":true,"href":"https:\/\/staging.efdb.ch\/de\/wp-json\/wp\/v2\/comments?post=11326"}],"version-history":[{"count":24,"href":"https:\/\/staging.efdb.ch\/de\/wp-json\/wp\/v2\/pages\/11326\/revisions"}],"predecessor-version":[{"id":16372,"href":"https:\/\/staging.efdb.ch\/de\/wp-json\/wp\/v2\/pages\/11326\/revisions\/16372"}],"up":[{"embeddable":true,"href":"https:\/\/staging.efdb.ch\/de\/wp-json\/wp\/v2\/pages\/11322"}],"wp:attachment":[{"href":"https:\/\/staging.efdb.ch\/de\/wp-json\/wp\/v2\/media?parent=11326"}],"curies":[{"name":"wp","href":"https:\/\/api.w.org\/{rel}","templated":true}]}}