{"id":11336,"date":"2020-01-27T17:39:23","date_gmt":"2020-01-27T16:39:23","guid":{"rendered":"https:\/\/www.efdb.ch\/schulleben\/feriencamp\/"},"modified":"2023-07-03T23:14:52","modified_gmt":"2023-07-03T21:14:52","slug":"feriencamp","status":"publish","type":"page","link":"https:\/\/staging.efdb.ch\/de\/schulleben\/feriencamp\/","title":{"rendered":"Feriencamp"},"content":{"rendered":"<p>[et_pb_section fb_built=&#8220;1&#8243; fullwidth=&#8220;on&#8220; _builder_version=&#8220;4.16&#8243; global_colors_info=&#8220;{}&#8220;][et_pb_fullwidth_slider admin_label=&#8220;Fullwidth Slider&#8220; _builder_version=&#8220;4.16&#8243; custom_padding=&#8220;|||&#8220; global_colors_info=&#8220;{}&#8220; button_text_size__hover_enabled=&#8220;off&#8220; button_one_text_size__hover_enabled=&#8220;off&#8220; button_two_text_size__hover_enabled=&#8220;off&#8220; button_text_color__hover_enabled=&#8220;off&#8220; button_one_text_color__hover_enabled=&#8220;off&#8220; button_two_text_color__hover_enabled=&#8220;off&#8220; button_border_width__hover_enabled=&#8220;off&#8220; button_one_border_width__hover_enabled=&#8220;off&#8220; button_two_border_width__hover_enabled=&#8220;off&#8220; button_border_color__hover_enabled=&#8220;off&#8220; button_one_border_color__hover_enabled=&#8220;off&#8220; button_two_border_color__hover_enabled=&#8220;off&#8220; button_border_radius__hover_enabled=&#8220;off&#8220; button_one_border_radius__hover_enabled=&#8220;off&#8220; button_two_border_radius__hover_enabled=&#8220;off&#8220; button_letter_spacing__hover_enabled=&#8220;off&#8220; button_one_letter_spacing__hover_enabled=&#8220;off&#8220; button_two_letter_spacing__hover_enabled=&#8220;off&#8220; button_bg_color__hover_enabled=&#8220;off&#8220; button_one_bg_color__hover_enabled=&#8220;off&#8220; button_two_bg_color__hover_enabled=&#8220;off&#8220;][et_pb_slide heading=&#8220;Feriencamp&#8220; use_bg_overlay=&#8220;on&#8220; use_text_overlay=&#8220;off&#8220; _builder_version=&#8220;4.16&#8243; background_color=&#8220;#ffffff&#8220; background_image=&#8220;https:\/\/staging.efdb.ch\/wp-content\/uploads\/2019\/10\/DSC6686.jpg&#8220; background_enable_image=&#8220;on&#8220; button_on_hover=&#8220;on&#8220; global_colors_info=&#8220;{}&#8220; button_text_size__hover_enabled=&#8220;off&#8220; button_one_text_size__hover_enabled=&#8220;off&#8220; button_two_text_size__hover_enabled=&#8220;off&#8220; button_text_color__hover_enabled=&#8220;off&#8220; button_one_text_color__hover_enabled=&#8220;off&#8220; button_two_text_color__hover_enabled=&#8220;off&#8220; button_border_width__hover_enabled=&#8220;off&#8220; button_one_border_width__hover_enabled=&#8220;off&#8220; button_two_border_width__hover_enabled=&#8220;off&#8220; button_border_color__hover_enabled=&#8220;off&#8220; button_one_border_color__hover_enabled=&#8220;off&#8220; button_two_border_color__hover_enabled=&#8220;off&#8220; button_border_radius__hover_enabled=&#8220;off&#8220; button_one_border_radius__hover_enabled=&#8220;off&#8220; button_two_border_radius__hover_enabled=&#8220;off&#8220; button_letter_spacing__hover_enabled=&#8220;off&#8220; button_one_letter_spacing__hover_enabled=&#8220;off&#8220; button_two_letter_spacing__hover_enabled=&#8220;off&#8220; button_bg_color__hover_enabled=&#8220;off&#8220; button_one_bg_color__hover_enabled=&#8220;off&#8220; button_two_bg_color__hover_enabled=&#8220;off&#8220; sticky_transition=&#8220;on&#8220;]Das EFDB &#8211; Feriencamp w\u00e4hrend der Schulferien<br \/>\n[\/et_pb_slide][\/et_pb_fullwidth_slider][\/et_pb_section][et_pb_section fb_built=&#8220;1&#8243; _builder_version=&#8220;4.16&#8243; global_colors_info=&#8220;{}&#8220;][et_pb_row _builder_version=&#8220;4.16&#8243; global_colors_info=&#8220;{}&#8220;][et_pb_column type=&#8220;4_4&#8243; _builder_version=&#8220;4.16&#8243; custom_padding=&#8220;|||&#8220; global_colors_info=&#8220;{}&#8220; custom_padding__hover=&#8220;|||&#8220;][et_pb_text admin_label=&#8220;Titre&#8220; _builder_version=&#8220;4.20.2&#8243; hover_enabled=&#8220;0&#8243; global_colors_info=&#8220;{}&#8220; sticky_enabled=&#8220;0&#8243;]<\/p>\n<h2 style=\"text-align: center\"><strong>Das Feriencamp w\u00e4hrend der Sommerferien 2023<\/strong><\/h2>\n<p style=\"text-align: center\">Jippie, die Ferien sind da! Wir werden sie nutzen, um:<\/p>\n<p style=\"text-align: center\">sich zu bewegen, zu erforschen, zu basteln, zu singen, zu entdecken, zu schlemmen und zu lachen!<\/p>\n<p style=\"text-align: center\"><strong>\u00a0SEID HERZLICH WILLKOMMEN<\/strong><\/p>\n<h1 style=\"text-align: left\"><strong><span style=\"font-size: xx-large;color: #6957cc\">\u00a0 \u00a0 \u00a0 \u00a0 \u00a0 \u00a0 \u00a0 \u00a0 \u00a0 \u00a0 \u00a0vom 10. bis 21. Juli und vom 14. bis 29. August <\/span><strong style=\"color: #6957cc;font-size: xx-large\">2023<\/strong><\/strong><strong>\u00a0 \u00a0 \u00a0 \u00a0 \u00a0 \u00a0 \u00a0 \u00a0 \u00a0 \u00a0 \u00a0 \u00a0 \u00a0 \u00a0 \u00a0 \u00a0 \u00a0 \u00a0 \u00a0 \u00a0 \u00a0 \u00a0 \u00a0 \u00a0 \u00a0 \u00a0 \u00a0 \u00a0 \u00a0 \u00a0 \u00a0 \u00a0 \u00a0 \u00a0\u00a0<\/strong><\/h1>\n<p style=\"text-align: center\">Die \u00c9cole Fran\u00e7aise de B\u00e2le empf\u00e4ngt Ihre Kinder zu einem fr\u00f6hlichen, lockeren und lehrreichen Programm!<\/p>\n<p style=\"text-align: center\">Unser qualifiziertes und dynamisches Team wird ein abwechslungsreiches Programm in den R\u00e4umlichkeiten der Schule durchf\u00fchren.<\/p>\n<p style=\"text-align: center\">Unser Feriencamp heisst<\/p>\n<p><strong style=\"color: #333333;font-size: 26px\">\u00a0 \u00a0 \u00a0 \u00a0 \u00a0 Kinder zwischen 3 (Jg. 2019) und 12 Jahren von 7:30 bis 18:30 Uhr willkommen!<\/strong><\/p>\n<p>&nbsp;<\/p>\n<p>Entdecken Sie unser &#8222;<a href=\"https:\/\/staging.efdb.ch\/wp-content\/uploads\/2023\/05\/programme-ete-2023.pdf\">Sommerferienprogramm 2023<\/a>!&#8220;<\/p>\n<p>Einreichen der Anmeldung\u00a0<strong>bis zum 26. Juni 2023<\/strong><\/p>\n<p>[\/et_pb_text][et_pb_button button_url=&#8220;@ET-DC@eyJkeW5hbWljIjp0cnVlLCJjb250ZW50IjoicG9zdF9saW5rX3VybF9wYWdlIiwic2V0dGluZ3MiOnsicG9zdF9pZCI6IjE0MjYzIn19@&#8220; button_text=&#8220;Anmeldeformular f\u00fcr das Feriencamp&#8220; disabled_on=&#8220;off|off|off&#8220; _builder_version=&#8220;4.20.2&#8243; _dynamic_attributes=&#8220;button_url&#8220; _module_preset=&#8220;default&#8220; hover_enabled=&#8220;0&#8243; global_colors_info=&#8220;{}&#8220; sticky_enabled=&#8220;0&#8243;][\/et_pb_button][\/et_pb_column][\/et_pb_row][et_pb_row _builder_version=&#8220;4.16&#8243; global_colors_info=&#8220;{}&#8220;][et_pb_column type=&#8220;4_4&#8243; _builder_version=&#8220;4.16&#8243; custom_padding=&#8220;|||&#8220; global_colors_info=&#8220;{}&#8220; custom_padding__hover=&#8220;|||&#8220;][et_pb_text disabled_on=&#8220;off|off|off&#8220; admin_label=&#8220;Tarifs &amp; inscription&#8220; _builder_version=&#8220;4.20.2&#8243; hover_enabled=&#8220;0&#8243; global_colors_info=&#8220;{}&#8220; sticky_enabled=&#8220;0&#8243;]<\/p>\n<div>\n<p><strong><span lang=\"DE-CH\">Praktische Informationen<\/span><\/strong><span lang=\"DE-CH\">\u00a0:<\/p>\n<p><\/span><\/p>\n<\/div>\n<div>\n<p><strong><u><span lang=\"DE-CH\">Empfang<\/span><\/u><\/strong><span lang=\"DE-CH\">\u00a0: Von 7:30 bis 9:30 Uhr<\/p>\n<p><\/span><\/p>\n<\/div>\n<div>\n<p><strong><u><span lang=\"DE-CH\">Abholzeit:<\/span><\/u><\/strong><span lang=\"DE-CH\">\u00a0Zwischen 16:00 und 18:30 Uhr<\/p>\n<p><\/span><\/p>\n<\/div>\n<div>\n<p><strong><u><span lang=\"DE-CH\">Wo<\/span><\/u><\/strong><span lang=\"DE-CH\">: In der Primarschule der EFDB (Tel. 061 311 07 30), Engelgasse 103, 4052 Basel<\/p>\n<p><\/span><\/p>\n<\/div>\n<div>\n<p><strong><u><span lang=\"DE-CH\">Mit wem<\/span><\/u><\/strong><span lang=\"DE-CH\">: Einem qualifizierten und dynamischen Team.<\/p>\n<p><\/span><\/p>\n<\/div>\n<div>\n<p><strong><u><a href=\"https:\/\/staging.efdb.ch\/wp-content\/uploads\/2023\/03\/Tarifs-et-Conditions-Generales-centres-aeres-2022-23-VF.pdf\">Geb\u00fchren und allgemeine Gesch\u00e4ftsbedingungen<\/a> <\/u><\/strong>f\u00fcr das Feriencamp<\/p>\n<\/div>\n<p style=\"text-align: center\">\u00a0<\/p>\n<p>[\/et_pb_text][\/et_pb_column][\/et_pb_row][\/et_pb_section]<\/p>\n","protected":false},"excerpt":{"rendered":"<p>Das EFDB &#8211; Feriencamp w\u00e4hrend der Schulferien Das Feriencamp w\u00e4hrend der Sommerferien 2023 Jippie, die Ferien sind da! Wir werden sie nutzen, um: sich zu bewegen, zu erforschen, zu basteln, zu singen, zu entdecken, zu schlemmen und zu lachen! \u00a0SEID HERZLICH WILLKOMMEN \u00a0 \u00a0 \u00a0 \u00a0 \u00a0 \u00a0 \u00a0 \u00a0 \u00a0 \u00a0 \u00a0vom 10. bis [&hellip;]<\/p>\n","protected":false},"author":1,"featured_media":0,"parent":11322,"menu_order":0,"comment_status":"closed","ping_status":"closed","template":"","meta":{"_et_pb_use_builder":"on","_et_pb_old_content":"","_et_gb_content_width":""},"yoast_head":"<!-- This site is optimized with the Yoast SEO plugin v21.1 - https:\/\/yoast.com\/wordpress\/plugins\/seo\/ -->\n<title>Feriencamp - EFDB<\/title>\n<meta name=\"robots\" content=\"index, follow, max-snippet:-1, max-image-preview:large, max-video-preview:-1\" \/>\n<link rel=\"canonical\" href=\"https:\/\/staging.efdb.ch\/de\/schulleben\/feriencamp\/\" \/>\n<meta property=\"og:locale\" content=\"de_DE\" \/>\n<meta property=\"og:type\" content=\"article\" \/>\n<meta property=\"og:title\" content=\"Feriencamp - EFDB\" \/>\n<meta property=\"og:description\" content=\"Das EFDB - Feriencamp w\u00e4hrend der Schulferien Das Feriencamp w\u00e4hrend der Sommerferien 2023 Jippie, die Ferien sind da! Wir werden sie nutzen, um: sich zu bewegen, zu erforschen, zu basteln, zu singen, zu entdecken, zu schlemmen und zu lachen! \u00a0SEID HERZLICH WILLKOMMEN \u00a0 \u00a0 \u00a0 \u00a0 \u00a0 \u00a0 \u00a0 \u00a0 \u00a0 \u00a0 \u00a0vom 10. bis [&hellip;]\" \/>\n<meta property=\"og:url\" content=\"https:\/\/staging.efdb.ch\/de\/schulleben\/feriencamp\/\" \/>\n<meta property=\"og:site_name\" content=\"EFDB\" \/>\n<meta property=\"article:modified_time\" content=\"2023-07-03T21:14:52+00:00\" \/>\n<meta name=\"twitter:card\" content=\"summary_large_image\" \/>\n<meta name=\"twitter:label1\" content=\"Gesch\u00e4tzte Lesezeit\" \/>\n\t<meta name=\"twitter:data1\" content=\"3\u00a0Minuten\" \/>\n<script type=\"application\/ld+json\" class=\"yoast-schema-graph\">{\"@context\":\"https:\/\/schema.org\",\"@graph\":[{\"@type\":\"WebPage\",\"@id\":\"https:\/\/staging.efdb.ch\/de\/schulleben\/feriencamp\/\",\"url\":\"https:\/\/staging.efdb.ch\/de\/schulleben\/feriencamp\/\",\"name\":\"Feriencamp - EFDB\",\"isPartOf\":{\"@id\":\"https:\/\/staging.efdb.ch\/de\/#website\"},\"datePublished\":\"2020-01-27T16:39:23+00:00\",\"dateModified\":\"2023-07-03T21:14:52+00:00\",\"breadcrumb\":{\"@id\":\"https:\/\/staging.efdb.ch\/de\/schulleben\/feriencamp\/#breadcrumb\"},\"inLanguage\":\"de\",\"potentialAction\":[{\"@type\":\"ReadAction\",\"target\":[\"https:\/\/staging.efdb.ch\/de\/schulleben\/feriencamp\/\"]}]},{\"@type\":\"BreadcrumbList\",\"@id\":\"https:\/\/staging.efdb.ch\/de\/schulleben\/feriencamp\/#breadcrumb\",\"itemListElement\":[{\"@type\":\"ListItem\",\"position\":1,\"name\":\"Accueil\",\"item\":\"https:\/\/staging.efdb.ch\/de\/\"},{\"@type\":\"ListItem\",\"position\":2,\"name\":\"Schulleben\",\"item\":\"https:\/\/staging.efdb.ch\/de\/vie-scolaire\/\"},{\"@type\":\"ListItem\",\"position\":3,\"name\":\"Feriencamp\"}]},{\"@type\":\"WebSite\",\"@id\":\"https:\/\/staging.efdb.ch\/de\/#website\",\"url\":\"https:\/\/staging.efdb.ch\/de\/\",\"name\":\"EFDB\",\"description\":\"\u00c9cole fran\u00e7aise de B\u00e2le\",\"potentialAction\":[{\"@type\":\"SearchAction\",\"target\":{\"@type\":\"EntryPoint\",\"urlTemplate\":\"https:\/\/staging.efdb.ch\/de\/?s={search_term_string}\"},\"query-input\":\"required name=search_term_string\"}],\"inLanguage\":\"de\"}]}<\/script>\n<!-- \/ Yoast SEO plugin. -->","yoast_head_json":{"title":"Feriencamp - EFDB","robots":{"index":"index","follow":"follow","max-snippet":"max-snippet:-1","max-image-preview":"max-image-preview:large","max-video-preview":"max-video-preview:-1"},"canonical":"https:\/\/staging.efdb.ch\/de\/schulleben\/feriencamp\/","og_locale":"de_DE","og_type":"article","og_title":"Feriencamp - EFDB","og_description":"Das EFDB - Feriencamp w\u00e4hrend der Schulferien Das Feriencamp w\u00e4hrend der Sommerferien 2023 Jippie, die Ferien sind da! Wir werden sie nutzen, um: sich zu bewegen, zu erforschen, zu basteln, zu singen, zu entdecken, zu schlemmen und zu lachen! \u00a0SEID HERZLICH WILLKOMMEN \u00a0 \u00a0 \u00a0 \u00a0 \u00a0 \u00a0 \u00a0 \u00a0 \u00a0 \u00a0 \u00a0vom 10. bis [&hellip;]","og_url":"https:\/\/staging.efdb.ch\/de\/schulleben\/feriencamp\/","og_site_name":"EFDB","article_modified_time":"2023-07-03T21:14:52+00:00","twitter_card":"summary_large_image","twitter_misc":{"Gesch\u00e4tzte Lesezeit":"3\u00a0Minuten"},"schema":{"@context":"https:\/\/schema.org","@graph":[{"@type":"WebPage","@id":"https:\/\/staging.efdb.ch\/de\/schulleben\/feriencamp\/","url":"https:\/\/staging.efdb.ch\/de\/schulleben\/feriencamp\/","name":"Feriencamp - EFDB","isPartOf":{"@id":"https:\/\/staging.efdb.ch\/de\/#website"},"datePublished":"2020-01-27T16:39:23+00:00","dateModified":"2023-07-03T21:14:52+00:00","breadcrumb":{"@id":"https:\/\/staging.efdb.ch\/de\/schulleben\/feriencamp\/#breadcrumb"},"inLanguage":"de","potentialAction":[{"@type":"ReadAction","target":["https:\/\/staging.efdb.ch\/de\/schulleben\/feriencamp\/"]}]},{"@type":"BreadcrumbList","@id":"https:\/\/staging.efdb.ch\/de\/schulleben\/feriencamp\/#breadcrumb","itemListElement":[{"@type":"ListItem","position":1,"name":"Accueil","item":"https:\/\/staging.efdb.ch\/de\/"},{"@type":"ListItem","position":2,"name":"Schulleben","item":"https:\/\/staging.efdb.ch\/de\/vie-scolaire\/"},{"@type":"ListItem","position":3,"name":"Feriencamp"}]},{"@type":"WebSite","@id":"https:\/\/staging.efdb.ch\/de\/#website","url":"https:\/\/staging.efdb.ch\/de\/","name":"EFDB","description":"\u00c9cole fran\u00e7aise de B\u00e2le","potentialAction":[{"@type":"SearchAction","target":{"@type":"EntryPoint","urlTemplate":"https:\/\/staging.efdb.ch\/de\/?s={search_term_string}"},"query-input":"required name=search_term_string"}],"inLanguage":"de"}]}},"_links":{"self":[{"href":"https:\/\/staging.efdb.ch\/de\/wp-json\/wp\/v2\/pages\/11336"}],"collection":[{"href":"https:\/\/staging.efdb.ch\/de\/wp-json\/wp\/v2\/pages"}],"about":[{"href":"https:\/\/staging.efdb.ch\/de\/wp-json\/wp\/v2\/types\/page"}],"author":[{"embeddable":true,"href":"https:\/\/staging.efdb.ch\/de\/wp-json\/wp\/v2\/users\/1"}],"replies":[{"embeddable":true,"href":"https:\/\/staging.efdb.ch\/de\/wp-json\/wp\/v2\/comments?post=11336"}],"version-history":[{"count":222,"href":"https:\/\/staging.efdb.ch\/de\/wp-json\/wp\/v2\/pages\/11336\/revisions"}],"predecessor-version":[{"id":18184,"href":"https:\/\/staging.efdb.ch\/de\/wp-json\/wp\/v2\/pages\/11336\/revisions\/18184"}],"up":[{"embeddable":true,"href":"https:\/\/staging.efdb.ch\/de\/wp-json\/wp\/v2\/pages\/11322"}],"wp:attachment":[{"href":"https:\/\/staging.efdb.ch\/de\/wp-json\/wp\/v2\/media?parent=11336"}],"curies":[{"name":"wp","href":"https:\/\/api.w.org\/{rel}","templated":true}]}}