{"id":11338,"date":"2020-01-27T17:48:51","date_gmt":"2020-01-27T16:48:51","guid":{"rendered":"https:\/\/www.efdb.ch\/infos-kontakt\/"},"modified":"2023-02-27T12:54:15","modified_gmt":"2023-02-27T10:54:15","slug":"infos-kontakt","status":"publish","type":"page","link":"https:\/\/staging.efdb.ch\/de\/infos-kontakt\/","title":{"rendered":"Kontakte"},"content":{"rendered":"<p>[et_pb_section fb_built=&#8220;1&#8243; fullwidth=&#8220;on&#8220; _builder_version=&#8220;4.16&#8243; global_colors_info=&#8220;{}&#8220;][et_pb_fullwidth_map address=&#8220;Dornacherstrasse 192, 4053 Basel, Suisse&#8220; zoom_level=&#8220;13&#8243; address_lat=&#8220;47.544672100193&#8243; address_lng=&#8220;7.5931078999999&#8243; mouse_wheel=&#8220;off&#8220; admin_label=&#8220;Fullwidth Map&#8220; _builder_version=&#8220;4.16&#8243; global_colors_info=&#8220;{}&#8220;][et_pb_map_pin title=&#8220;Kinderkrippe und Kindergarten&#8220; pin_address=&#8220;Dornacherstrasse 192, 4053 Basel, Suisse&#8220; pin_address_lat=&#8220;47.540964&#8243; pin_address_lng=&#8220;7.5931078999999&#8243; _builder_version=&#8220;3.0.91&#8243; global_colors_info=&#8220;{}&#8220;]<\/p>\n<p>Dornacherstrasse 192 &#8211; CH 4053 Basel Tram n\u00b016, Haltestelle Tellplatz Tram n\u00b015, Haltestellen Tellplatz od. Bruderholzstrasse Bus n\u00b036, Haltestelle Bruderholzstrasse<\/p>\n<p>[\/et_pb_map_pin][et_pb_map_pin title=&#8220;Primarschule&#8220; pin_address=&#8220;Engelgasse 103, 4052 Basel, Suisse&#8220; pin_address_lat=&#8220;47.5477697&#8243; pin_address_lng=&#8220;7.6047556999999&#8243; _builder_version=&#8220;3.0.91&#8243; global_colors_info=&#8220;{}&#8220;]Engelgasse 103 &#8211; 4052 Basel<\/p>\n<p>Tram n\u00b014, Haltestelle Grellingerstrasse<br \/>\nTram n\u00b015, Haltestellen Denkmal od. Grosspeterstrasse<br \/>\nBus n\u00b037, Haltestelle Hirzbodenweg<br \/>\n[\/et_pb_map_pin][\/et_pb_fullwidth_map][\/et_pb_section][et_pb_section fb_built=&#8220;1&#8243; _builder_version=&#8220;4.16&#8243; custom_padding=&#8220;57px|19px|57px|0px|false|false&#8220; global_colors_info=&#8220;{}&#8220;][et_pb_row column_structure=&#8220;2_3,1_3&#8243; _builder_version=&#8220;4.16&#8243; background_size=&#8220;initial&#8220; background_position=&#8220;top_left&#8220; background_repeat=&#8220;repeat&#8220; global_colors_info=&#8220;{}&#8220;][et_pb_column type=&#8220;2_3&#8243; _builder_version=&#8220;4.16&#8243; custom_padding=&#8220;|||&#8220; global_colors_info=&#8220;{}&#8220; custom_padding__hover=&#8220;|||&#8220;][et_pb_image src=&#8220;https:\/\/staging.efdb.ch\/wp-content\/uploads\/2019\/10\/DSC6948-e1572210682222.jpg&#8220; force_fullwidth=&#8220;on&#8220; align_tablet=&#8220;center&#8220; align_phone=&#8220;&#8220; align_last_edited=&#8220;on|desktop&#8220; _builder_version=&#8220;4.17.6&#8243; global_colors_info=&#8220;{}&#8220;][\/et_pb_image][et_pb_image src=&#8220;https:\/\/staging.efdb.ch\/wp-content\/uploads\/2021\/05\/certifications-efdb.png&#8220; alt=&#8220;Zertifizierung&#8220; title_text=&#8220;Zertifizierung-efdb&#8220; _builder_version=&#8220;4.16&#8243; _module_preset=&#8220;default&#8220; global_colors_info=&#8220;{}&#8220;][\/et_pb_image][et_pb_image src=&#8220;https:\/\/staging.efdb.ch\/wp-content\/uploads\/2021\/09\/certification-efe3d-niveau1.png&#8220; title_text=&#8220;Zertifizierung-efe3d-level1&#8243; _builder_version=&#8220;4.16&#8243; _module_preset=&#8220;default&#8220; locked=&#8220;off&#8220; global_colors_info=&#8220;{}&#8220;][\/et_pb_image][\/et_pb_column][et_pb_column type=&#8220;1_3&#8243; _builder_version=&#8220;4.16&#8243; custom_padding=&#8220;|||&#8220; global_colors_info=&#8220;{}&#8220; custom_padding__hover=&#8220;|||&#8220;][et_pb_text admin_label=&#8220;Liste contacts&#8220; _builder_version=&#8220;4.19.4&#8243; background_size=&#8220;initial&#8220; background_position=&#8220;top_left&#8220; background_repeat=&#8220;repeat&#8220; hover_enabled=&#8220;0&#8243; global_colors_info=&#8220;{}&#8220; sticky_enabled=&#8220;0&#8243;]<\/p>\n<p><strong>Schulleiter\u00a0<br \/><\/strong>Herr Fr\u00e9d\u00e9ric Fourt <br \/><a href=\"mailto:direction@efdb.ch\">direction@efdb.ch<\/a> <\/p>\n<p><span style=\"font-size: 14px;\"><b>Buchhalter<\/b>\u00a0<br \/>Herr G\u00e9rard Bouele <br \/><a href=\"mailto:compta@efdb.ch\">compta@efdb.ch<\/a><\/span> <\/p>\n<p><span style=\"font-size: 14px;\"><strong>Sekret\u00e4rin Primarschule <br \/><\/strong><a href=\"mailto:elementaire@efdb.ch\">elementaire@efdb.ch <\/a>\/ +41\u202f(0)61\u202f311\u202f07\u202f30<\/span> <\/p>\n<p><span style=\"font-size: 14px;\"><strong>Sekret\u00e4rin Kindergarten<\/strong> <br \/><a href=\"mailto:maternelle@efdb.ch\">maternelle@efdb.ch <\/a>\/ +41\u202f(0)61\u202f271\u202f75\u202f72<\/span> <\/p>\n<p><span style=\"font-size: 14px;\"><strong>Sekret\u00e4rin Kinderkrippe<\/strong> <br \/><a href=\"mailto:creche@efdb.ch\">creche@efdb.ch <\/a>\/ +41\u202f(0)61\u202f271\u202f75\u202f72<\/span> <\/p>\n<p><span style=\"font-size: 14px;\"><strong>Vorstand<\/strong> <br \/><a href=\"mailto:comite@efdb.ch\">comite@efdb.ch<\/a><\/span> <\/p>\n<p><span style=\"font-size: 14px;\"><strong>Elternrat <br \/><\/strong><a href=\"mailto:conseil@efdb.ch\">conseil@efdb.ch<\/a><\/span> <\/p>\n<p><span style=\"font-size: 14px;\"><strong>Feriencamp <br \/><\/strong><a href=\"mailto:centreaere@efdb.ch\">centreaere@efdb.ch<\/a><\/span><\/p>\n<p>[\/et_pb_text][et_pb_button button_url=&#8220;https:\/\/staging.efdb.ch\/de\/gebuhren-und-anmeldung\/kontaktformular\/&#8220; button_text=&#8220;Kontaktformular&#8220; admin_label=&#8220;Bouton formulaire contact&#8220; _builder_version=&#8220;4.16&#8243; background_layout=&#8220;dark&#8220; global_colors_info=&#8220;{}&#8220; button_text_size__hover_enabled=&#8220;off&#8220; button_one_text_size__hover_enabled=&#8220;off&#8220; button_two_text_size__hover_enabled=&#8220;off&#8220; button_text_color__hover_enabled=&#8220;off&#8220; button_one_text_color__hover_enabled=&#8220;off&#8220; button_two_text_color__hover_enabled=&#8220;off&#8220; button_border_width__hover_enabled=&#8220;off&#8220; button_one_border_width__hover_enabled=&#8220;off&#8220; button_two_border_width__hover_enabled=&#8220;off&#8220; button_border_color__hover_enabled=&#8220;off&#8220; button_one_border_color__hover_enabled=&#8220;off&#8220; button_two_border_color__hover_enabled=&#8220;off&#8220; button_border_radius__hover_enabled=&#8220;off&#8220; button_one_border_radius__hover_enabled=&#8220;off&#8220; button_two_border_radius__hover_enabled=&#8220;off&#8220; button_letter_spacing__hover_enabled=&#8220;off&#8220; button_one_letter_spacing__hover_enabled=&#8220;off&#8220; button_two_letter_spacing__hover_enabled=&#8220;off&#8220; button_bg_color__hover_enabled=&#8220;off&#8220; button_one_bg_color__hover_enabled=&#8220;off&#8220; button_two_bg_color__hover_enabled=&#8220;off&#8220;][\/et_pb_button][\/et_pb_column][\/et_pb_row][\/et_pb_section]<\/p>\n","protected":false},"excerpt":{"rendered":"<p>Dornacherstrasse 192 &#8211; CH 4053 Basel Tram n\u00b016, Haltestelle Tellplatz Tram n\u00b015, Haltestellen Tellplatz od. Bruderholzstrasse Bus n\u00b036, Haltestelle Bruderholzstrasse Engelgasse 103 &#8211; 4052 Basel Tram n\u00b014, Haltestelle Grellingerstrasse Tram n\u00b015, Haltestellen Denkmal od. Grosspeterstrasse Bus n\u00b037, Haltestelle Hirzbodenweg Schulleiter\u00a0Herr Fr\u00e9d\u00e9ric Fourt direction@efdb.ch Buchhalter\u00a0Herr G\u00e9rard Bouele compta@efdb.ch Sekret\u00e4rin Primarschule elementaire@efdb.ch \/ +41\u202f(0)61\u202f311\u202f07\u202f30 Sekret\u00e4rin Kindergarten maternelle@efdb.ch [&hellip;]<\/p>\n","protected":false},"author":1,"featured_media":0,"parent":0,"menu_order":0,"comment_status":"closed","ping_status":"closed","template":"","meta":{"_et_pb_use_builder":"on","_et_pb_old_content":"","_et_gb_content_width":""},"yoast_head":"<!-- This site is optimized with the Yoast SEO plugin v21.1 - https:\/\/yoast.com\/wordpress\/plugins\/seo\/ -->\n<title>Kontakte - EFDB<\/title>\n<meta name=\"robots\" content=\"index, follow, max-snippet:-1, max-image-preview:large, max-video-preview:-1\" \/>\n<link rel=\"canonical\" href=\"https:\/\/staging.efdb.ch\/de\/infos-kontakt\/\" \/>\n<meta property=\"og:locale\" content=\"de_DE\" \/>\n<meta property=\"og:type\" content=\"article\" \/>\n<meta property=\"og:title\" content=\"Kontakte - EFDB\" \/>\n<meta property=\"og:description\" content=\"Dornacherstrasse 192 - CH 4053 Basel Tram n\u00b016, Haltestelle Tellplatz Tram n\u00b015, Haltestellen Tellplatz od. Bruderholzstrasse Bus n\u00b036, Haltestelle Bruderholzstrasse Engelgasse 103 - 4052 Basel Tram n\u00b014, Haltestelle Grellingerstrasse Tram n\u00b015, Haltestellen Denkmal od. Grosspeterstrasse Bus n\u00b037, Haltestelle Hirzbodenweg Schulleiter\u00a0Herr Fr\u00e9d\u00e9ric Fourt direction@efdb.ch Buchhalter\u00a0Herr G\u00e9rard Bouele compta@efdb.ch Sekret\u00e4rin Primarschule elementaire@efdb.ch \/ +41\u202f(0)61\u202f311\u202f07\u202f30 Sekret\u00e4rin Kindergarten maternelle@efdb.ch [&hellip;]\" \/>\n<meta property=\"og:url\" content=\"https:\/\/staging.efdb.ch\/de\/infos-kontakt\/\" \/>\n<meta property=\"og:site_name\" content=\"EFDB\" \/>\n<meta property=\"article:modified_time\" content=\"2023-02-27T10:54:15+00:00\" \/>\n<meta name=\"twitter:card\" content=\"summary_large_image\" \/>\n<meta name=\"twitter:label1\" content=\"Gesch\u00e4tzte Lesezeit\" \/>\n\t<meta name=\"twitter:data1\" content=\"3\u00a0Minuten\" \/>\n<script type=\"application\/ld+json\" class=\"yoast-schema-graph\">{\"@context\":\"https:\/\/schema.org\",\"@graph\":[{\"@type\":\"WebPage\",\"@id\":\"https:\/\/staging.efdb.ch\/de\/infos-kontakt\/\",\"url\":\"https:\/\/staging.efdb.ch\/de\/infos-kontakt\/\",\"name\":\"Kontakte - EFDB\",\"isPartOf\":{\"@id\":\"https:\/\/staging.efdb.ch\/de\/#website\"},\"datePublished\":\"2020-01-27T16:48:51+00:00\",\"dateModified\":\"2023-02-27T10:54:15+00:00\",\"breadcrumb\":{\"@id\":\"https:\/\/staging.efdb.ch\/de\/infos-kontakt\/#breadcrumb\"},\"inLanguage\":\"de\",\"potentialAction\":[{\"@type\":\"ReadAction\",\"target\":[\"https:\/\/staging.efdb.ch\/de\/infos-kontakt\/\"]}]},{\"@type\":\"BreadcrumbList\",\"@id\":\"https:\/\/staging.efdb.ch\/de\/infos-kontakt\/#breadcrumb\",\"itemListElement\":[{\"@type\":\"ListItem\",\"position\":1,\"name\":\"Accueil\",\"item\":\"https:\/\/staging.efdb.ch\/de\/\"},{\"@type\":\"ListItem\",\"position\":2,\"name\":\"Kontakte\"}]},{\"@type\":\"WebSite\",\"@id\":\"https:\/\/staging.efdb.ch\/de\/#website\",\"url\":\"https:\/\/staging.efdb.ch\/de\/\",\"name\":\"EFDB\",\"description\":\"\u00c9cole fran\u00e7aise de B\u00e2le\",\"potentialAction\":[{\"@type\":\"SearchAction\",\"target\":{\"@type\":\"EntryPoint\",\"urlTemplate\":\"https:\/\/staging.efdb.ch\/de\/?s={search_term_string}\"},\"query-input\":\"required name=search_term_string\"}],\"inLanguage\":\"de\"}]}<\/script>\n<!-- \/ Yoast SEO plugin. -->","yoast_head_json":{"title":"Kontakte - EFDB","robots":{"index":"index","follow":"follow","max-snippet":"max-snippet:-1","max-image-preview":"max-image-preview:large","max-video-preview":"max-video-preview:-1"},"canonical":"https:\/\/staging.efdb.ch\/de\/infos-kontakt\/","og_locale":"de_DE","og_type":"article","og_title":"Kontakte - EFDB","og_description":"Dornacherstrasse 192 - CH 4053 Basel Tram n\u00b016, Haltestelle Tellplatz Tram n\u00b015, Haltestellen Tellplatz od. Bruderholzstrasse Bus n\u00b036, Haltestelle Bruderholzstrasse Engelgasse 103 - 4052 Basel Tram n\u00b014, Haltestelle Grellingerstrasse Tram n\u00b015, Haltestellen Denkmal od. Grosspeterstrasse Bus n\u00b037, Haltestelle Hirzbodenweg Schulleiter\u00a0Herr Fr\u00e9d\u00e9ric Fourt direction@efdb.ch Buchhalter\u00a0Herr G\u00e9rard Bouele compta@efdb.ch Sekret\u00e4rin Primarschule elementaire@efdb.ch \/ +41\u202f(0)61\u202f311\u202f07\u202f30 Sekret\u00e4rin Kindergarten maternelle@efdb.ch [&hellip;]","og_url":"https:\/\/staging.efdb.ch\/de\/infos-kontakt\/","og_site_name":"EFDB","article_modified_time":"2023-02-27T10:54:15+00:00","twitter_card":"summary_large_image","twitter_misc":{"Gesch\u00e4tzte Lesezeit":"3\u00a0Minuten"},"schema":{"@context":"https:\/\/schema.org","@graph":[{"@type":"WebPage","@id":"https:\/\/staging.efdb.ch\/de\/infos-kontakt\/","url":"https:\/\/staging.efdb.ch\/de\/infos-kontakt\/","name":"Kontakte - EFDB","isPartOf":{"@id":"https:\/\/staging.efdb.ch\/de\/#website"},"datePublished":"2020-01-27T16:48:51+00:00","dateModified":"2023-02-27T10:54:15+00:00","breadcrumb":{"@id":"https:\/\/staging.efdb.ch\/de\/infos-kontakt\/#breadcrumb"},"inLanguage":"de","potentialAction":[{"@type":"ReadAction","target":["https:\/\/staging.efdb.ch\/de\/infos-kontakt\/"]}]},{"@type":"BreadcrumbList","@id":"https:\/\/staging.efdb.ch\/de\/infos-kontakt\/#breadcrumb","itemListElement":[{"@type":"ListItem","position":1,"name":"Accueil","item":"https:\/\/staging.efdb.ch\/de\/"},{"@type":"ListItem","position":2,"name":"Kontakte"}]},{"@type":"WebSite","@id":"https:\/\/staging.efdb.ch\/de\/#website","url":"https:\/\/staging.efdb.ch\/de\/","name":"EFDB","description":"\u00c9cole fran\u00e7aise de B\u00e2le","potentialAction":[{"@type":"SearchAction","target":{"@type":"EntryPoint","urlTemplate":"https:\/\/staging.efdb.ch\/de\/?s={search_term_string}"},"query-input":"required name=search_term_string"}],"inLanguage":"de"}]}},"_links":{"self":[{"href":"https:\/\/staging.efdb.ch\/de\/wp-json\/wp\/v2\/pages\/11338"}],"collection":[{"href":"https:\/\/staging.efdb.ch\/de\/wp-json\/wp\/v2\/pages"}],"about":[{"href":"https:\/\/staging.efdb.ch\/de\/wp-json\/wp\/v2\/types\/page"}],"author":[{"embeddable":true,"href":"https:\/\/staging.efdb.ch\/de\/wp-json\/wp\/v2\/users\/1"}],"replies":[{"embeddable":true,"href":"https:\/\/staging.efdb.ch\/de\/wp-json\/wp\/v2\/comments?post=11338"}],"version-history":[{"count":69,"href":"https:\/\/staging.efdb.ch\/de\/wp-json\/wp\/v2\/pages\/11338\/revisions"}],"predecessor-version":[{"id":17450,"href":"https:\/\/staging.efdb.ch\/de\/wp-json\/wp\/v2\/pages\/11338\/revisions\/17450"}],"wp:attachment":[{"href":"https:\/\/staging.efdb.ch\/de\/wp-json\/wp\/v2\/media?parent=11338"}],"curies":[{"name":"wp","href":"https:\/\/api.w.org\/{rel}","templated":true}]}}