{"id":11397,"date":"2020-02-17T14:58:10","date_gmt":"2020-02-17T13:58:10","guid":{"rendered":"https:\/\/www.efdb.ch\/ueber-uns\/"},"modified":"2023-01-27T18:08:07","modified_gmt":"2023-01-27T16:08:07","slug":"ueber-uns","status":"publish","type":"page","link":"https:\/\/staging.efdb.ch\/de\/ueber-uns\/","title":{"rendered":"\u00dcber uns"},"content":{"rendered":"<p>[et_pb_section fb_built=&#8220;1&#8243; fullwidth=&#8220;on&#8220; _builder_version=&#8220;4.16&#8243; global_colors_info=&#8220;{}&#8220;][et_pb_fullwidth_slider admin_label=&#8220;Fullwidth Slider&#8220; _builder_version=&#8220;4.19.4&#8243; custom_padding=&#8220;|||&#8220; custom_padding_tablet=&#8220;|||&#8220; custom_padding_phone=&#8220;|||&#8220; hover_enabled=&#8220;0&#8243; box_shadow_style=&#8220;preset6&#8243; box_shadow_blur=&#8220;10px&#8220; box_shadow_color=&#8220;rgba(0,0,0,0.1)&#8220; global_colors_info=&#8220;{}&#8220; button_text_size__hover_enabled=&#8220;off&#8220; button_one_text_size__hover_enabled=&#8220;off&#8220; button_two_text_size__hover_enabled=&#8220;off&#8220; button_text_color__hover_enabled=&#8220;off&#8220; button_one_text_color__hover_enabled=&#8220;off&#8220; button_two_text_color__hover_enabled=&#8220;off&#8220; button_border_width__hover_enabled=&#8220;off&#8220; button_one_border_width__hover_enabled=&#8220;off&#8220; button_two_border_width__hover_enabled=&#8220;off&#8220; button_border_color__hover_enabled=&#8220;off&#8220; button_one_border_color__hover_enabled=&#8220;off&#8220; button_two_border_color__hover_enabled=&#8220;off&#8220; button_border_radius__hover_enabled=&#8220;off&#8220; button_one_border_radius__hover_enabled=&#8220;off&#8220; button_two_border_radius__hover_enabled=&#8220;off&#8220; button_letter_spacing__hover_enabled=&#8220;off&#8220; button_one_letter_spacing__hover_enabled=&#8220;off&#8220; button_two_letter_spacing__hover_enabled=&#8220;off&#8220; button_bg_color__hover_enabled=&#8220;off&#8220; button_one_bg_color__hover_enabled=&#8220;off&#8220; button_two_bg_color__hover_enabled=&#8220;off&#8220; sticky_enabled=&#8220;0&#8243;][et_pb_slide heading=&#8220;Die \u00c9cole Fran\u00e7aise de B\u00e2le&#8220; use_bg_overlay=&#8220;on&#8220; _builder_version=&#8220;4.19.4&#8243; background_color=&#8220;#ffffff&#8220; background_image=&#8220;https:\/\/staging.efdb.ch\/wp-content\/uploads\/2019\/10\/DSC6948-e1572210682222.jpg&#8220; background_enable_image=&#8220;on&#8220; hover_enabled=&#8220;0&#8243; global_colors_info=&#8220;{}&#8220; button_text_size__hover_enabled=&#8220;off&#8220; button_one_text_size__hover_enabled=&#8220;off&#8220; button_two_text_size__hover_enabled=&#8220;off&#8220; button_text_color__hover_enabled=&#8220;off&#8220; button_one_text_color__hover_enabled=&#8220;off&#8220; button_two_text_color__hover_enabled=&#8220;off&#8220; button_border_width__hover_enabled=&#8220;off&#8220; button_one_border_width__hover_enabled=&#8220;off&#8220; button_two_border_width__hover_enabled=&#8220;off&#8220; button_border_color__hover_enabled=&#8220;off&#8220; button_one_border_color__hover_enabled=&#8220;off&#8220; button_two_border_color__hover_enabled=&#8220;off&#8220; button_border_radius__hover_enabled=&#8220;off&#8220; button_one_border_radius__hover_enabled=&#8220;off&#8220; button_two_border_radius__hover_enabled=&#8220;off&#8220; button_letter_spacing__hover_enabled=&#8220;off&#8220; button_one_letter_spacing__hover_enabled=&#8220;off&#8220; button_two_letter_spacing__hover_enabled=&#8220;off&#8220; button_bg_color__hover_enabled=&#8220;off&#8220; button_one_bg_color__hover_enabled=&#8220;off&#8220; button_two_bg_color__hover_enabled=&#8220;off&#8220; sticky_transition=&#8220;on&#8220; sticky_enabled=&#8220;0&#8243;]<\/p>\n<p>Organisation<\/p>\n<p>[\/et_pb_slide][\/et_pb_fullwidth_slider][\/et_pb_section][et_pb_section fb_built=&#8220;1&#8243; specialty=&#8220;on&#8220; _builder_version=&#8220;4.16&#8243; global_colors_info=&#8220;{}&#8220;][et_pb_column type=&#8220;2_3&#8243; specialty_columns=&#8220;2&#8243; _builder_version=&#8220;4.16&#8243; custom_padding=&#8220;|||&#8220; global_colors_info=&#8220;{}&#8220; parallax__hover=&#8220;off&#8220; parallax_method__hover=&#8220;on&#8220; custom_padding__hover=&#8220;|||&#8220;][et_pb_row_inner admin_label=&#8220;Ligne&#8220; _builder_version=&#8220;4.16&#8243; global_colors_info=&#8220;{}&#8220;][et_pb_column_inner saved_specialty_column_type=&#8220;2_3&#8243; _builder_version=&#8220;4.16&#8243; custom_padding=&#8220;|||&#8220; global_colors_info=&#8220;{}&#8220; parallax__hover=&#8220;off&#8220; parallax_method__hover=&#8220;on&#8220; custom_padding__hover=&#8220;|||&#8220;][et_pb_text admin_label=&#8220;Organisation de l&#8217;\u00e9cole&#8220; _builder_version=&#8220;4.16&#8243; global_colors_info=&#8220;{}&#8220;]<\/p>\n<h2>Organisation der Schule<\/h2>\n<p>[\/et_pb_text][et_pb_video src=&#8220;https:\/\/www.youtube.com\/watch?v=Med9H5WBs5s&#8220; _builder_version=&#8220;4.16&#8243; global_colors_info=&#8220;{}&#8220;]<\/p>\n<p>[\/et_pb_video][\/et_pb_column_inner][\/et_pb_row_inner][et_pb_row_inner admin_label=&#8220;Ligne&#8220; _builder_version=&#8220;4.16&#8243; custom_padding=&#8220;37px|||||&#8220; global_colors_info=&#8220;{}&#8220;][et_pb_column_inner saved_specialty_column_type=&#8220;2_3&#8243; _builder_version=&#8220;4.16&#8243; custom_padding=&#8220;|||&#8220; global_colors_info=&#8220;{}&#8220; parallax__hover=&#8220;off&#8220; parallax_method__hover=&#8220;on&#8220; custom_padding__hover=&#8220;|||&#8220;][et_pb_text admin_label=&#8220;Missions et Projets&#8220; _builder_version=&#8220;4.19.2&#8243; global_colors_info=&#8220;{}&#8220;]<\/p>\n<p><a href=\"https:\/\/staging.efdb.ch\/wp-content\/uploads\/2022\/01\/Livret-daccueil-EFDB-FR-2022.01.18.pdf\" rel=\"attachment wp-att-13526\">EFDB &#8211; Livret d&#8217;accueil &#8211; 2022.01.18<\/a><\/p>\n<p><a href=\"https:\/\/staging.efdb.ch\/wp-content\/uploads\/2022\/01\/Livret-daccueil-EFDB-DE-2022.01.18.pdf\" rel=\"attachment wp-att-13529\">EFDB &#8211; Ein Leitfaden &#8211; 2022.01.18<\/a><\/p>\n<p><a href=\"https:\/\/staging.efdb.ch\/wp-content\/uploads\/2022\/01\/Livret-daccueil-EFDB-EN-2022.01.18.pdf\" rel=\"attachment wp-att-13532\">EFDB &#8211; Information booklet &#8211; 2022.01.18<\/a><\/p>\n<p>Die\u00a0<a href=\"https:\/\/staging.efdb.ch\/wp-content\/uploads\/2018\/02\/Statuts-de-l_EFDB-du-17-f\u00e9vrier-2011-sign\u00e9s.pdf\">Schulstatuten<\/a><\/p>\n<p>Das\u00a0<a href=\"https:\/\/staging.efdb.ch\/wp-content\/uploads\/2023\/01\/Reglement-interieur-EFDB-2022-2023.pdf\">interne Reglement<\/a>\u00a0der Schule<\/p>\n<p>[\/et_pb_text][\/et_pb_column_inner][\/et_pb_row_inner][\/et_pb_column][et_pb_column type=&#8220;1_3&#8243; _builder_version=&#8220;4.16&#8243; custom_padding=&#8220;|||&#8220; global_colors_info=&#8220;{}&#8220; parallax__hover=&#8220;off&#8220; parallax_method__hover=&#8220;on&#8220; custom_padding__hover=&#8220;|||&#8220;][et_pb_text admin_label=&#8220;EFDB&#8220; _builder_version=&#8220;4.16&#8243; global_colors_info=&#8220;{}&#8220;]<\/p>\n<p>Die \u00c9cole Fran\u00e7aise de B\u00e2le wurde 1884 gegr\u00fcndet, als einzige von der AEFE (Agentur f\u00fcr das franz\u00f6sische Auslandsschulwesen) amtlich anerkannte Schule der Nordwestschweiz. Sie steht ebenfalls unter der Aufsicht des ED (Erziehungsdepartement) Basel-Stadt und der Acad\u00e9mie de Strasbourg (Schulaufsichtsbeh\u00f6rde der D\u00e9partements Bas-Rhin und Haut-Rhin).<\/p>\n<p>[\/et_pb_text][et_pb_text admin_label=&#8220;Partenaires&#8220; _builder_version=&#8220;4.16&#8243; global_colors_info=&#8220;{}&#8220;]<\/p>\n<h3><\/h3>\n<ul>\n<li><a href=\"https:\/\/www.aefe.fr\/\" target=\"_blank\" rel=\"noopener noreferrer\"> Agentur f\u00fcr das franz\u00f6sische Auslandsschulwesen (AEFE) <\/a><\/li>\n<li><a href=\"https:\/\/www.education.gouv.fr\/\" target=\"_blank\" rel=\"noopener noreferrer\"> Franz\u00f6sisches Bildungsministerium (MEN) <\/a><\/li>\n<li><a href=\"https:\/\/www.ed.bs.ch\/\" target=\"_blank\" rel=\"noopener noreferrer\"> Erziehungsdepartement Basel-Stadt (ED Basel-Stadt) <\/a><\/li>\n<\/ul>\n<p>[\/et_pb_text][et_pb_image src=&#8220;https:\/\/staging.efdb.ch\/wp-content\/uploads\/2021\/09\/delf-goethe-cambridge-combines-1.png&#8220; alt=&#8220;Zertifizierungen&#8220; title_text=&#8220;delf goethe cambridge combin\u00e9s&#8220; _builder_version=&#8220;4.16&#8243; _module_preset=&#8220;default&#8220; global_colors_info=&#8220;{}&#8220;][\/et_pb_image][et_pb_image src=&#8220;https:\/\/staging.efdb.ch\/wp-content\/uploads\/2021\/09\/certification-efe3d-niveau1.png&#8220; title_text=&#8220;certification-efe3d-niveau1&#8243; _builder_version=&#8220;4.16&#8243; _module_preset=&#8220;default&#8220; global_colors_info=&#8220;{}&#8220;][\/et_pb_image][\/et_pb_column][\/et_pb_section]<\/p>\n","protected":false},"excerpt":{"rendered":"<p>OrganisationOrganisation der Schule EFDB &#8211; Livret d&#8217;accueil &#8211; 2022.01.18 EFDB &#8211; Ein Leitfaden &#8211; 2022.01.18 EFDB &#8211; Information booklet &#8211; 2022.01.18 Die\u00a0Schulstatuten Das\u00a0interne Reglement\u00a0der SchuleDie \u00c9cole Fran\u00e7aise de B\u00e2le wurde 1884 gegr\u00fcndet, als einzige von der AEFE (Agentur f\u00fcr das franz\u00f6sische Auslandsschulwesen) amtlich anerkannte Schule der Nordwestschweiz. Sie steht ebenfalls unter der Aufsicht des ED [&hellip;]<\/p>\n","protected":false},"author":1,"featured_media":0,"parent":0,"menu_order":0,"comment_status":"closed","ping_status":"closed","template":"","meta":{"_et_pb_use_builder":"on","_et_pb_old_content":"","_et_gb_content_width":""},"yoast_head":"<!-- This site is optimized with the Yoast SEO plugin v21.1 - https:\/\/yoast.com\/wordpress\/plugins\/seo\/ -->\n<title>\u00dcber uns - EFDB<\/title>\n<meta name=\"robots\" content=\"index, follow, max-snippet:-1, max-image-preview:large, max-video-preview:-1\" \/>\n<link rel=\"canonical\" href=\"https:\/\/staging.efdb.ch\/de\/ueber-uns\/\" \/>\n<meta property=\"og:locale\" content=\"de_DE\" \/>\n<meta property=\"og:type\" content=\"article\" \/>\n<meta property=\"og:title\" content=\"\u00dcber uns - EFDB\" \/>\n<meta property=\"og:description\" content=\"OrganisationOrganisation der Schule EFDB - Livret d&#039;accueil - 2022.01.18 EFDB - Ein Leitfaden - 2022.01.18 EFDB - Information booklet - 2022.01.18 Die\u00a0Schulstatuten Das\u00a0interne Reglement\u00a0der SchuleDie \u00c9cole Fran\u00e7aise de B\u00e2le wurde 1884 gegr\u00fcndet, als einzige von der AEFE (Agentur f\u00fcr das franz\u00f6sische Auslandsschulwesen) amtlich anerkannte Schule der Nordwestschweiz. Sie steht ebenfalls unter der Aufsicht des ED [&hellip;]\" \/>\n<meta property=\"og:url\" content=\"https:\/\/staging.efdb.ch\/de\/ueber-uns\/\" \/>\n<meta property=\"og:site_name\" content=\"EFDB\" \/>\n<meta property=\"article:modified_time\" content=\"2023-01-27T16:08:07+00:00\" \/>\n<meta name=\"twitter:card\" content=\"summary_large_image\" \/>\n<meta name=\"twitter:label1\" content=\"Gesch\u00e4tzte Lesezeit\" \/>\n\t<meta name=\"twitter:data1\" content=\"4\u00a0Minuten\" \/>\n<script type=\"application\/ld+json\" class=\"yoast-schema-graph\">{\"@context\":\"https:\/\/schema.org\",\"@graph\":[{\"@type\":\"WebPage\",\"@id\":\"https:\/\/staging.efdb.ch\/de\/ueber-uns\/\",\"url\":\"https:\/\/staging.efdb.ch\/de\/ueber-uns\/\",\"name\":\"\u00dcber uns - EFDB\",\"isPartOf\":{\"@id\":\"https:\/\/staging.efdb.ch\/de\/#website\"},\"datePublished\":\"2020-02-17T13:58:10+00:00\",\"dateModified\":\"2023-01-27T16:08:07+00:00\",\"breadcrumb\":{\"@id\":\"https:\/\/staging.efdb.ch\/de\/ueber-uns\/#breadcrumb\"},\"inLanguage\":\"de\",\"potentialAction\":[{\"@type\":\"ReadAction\",\"target\":[\"https:\/\/staging.efdb.ch\/de\/ueber-uns\/\"]}]},{\"@type\":\"BreadcrumbList\",\"@id\":\"https:\/\/staging.efdb.ch\/de\/ueber-uns\/#breadcrumb\",\"itemListElement\":[{\"@type\":\"ListItem\",\"position\":1,\"name\":\"Accueil\",\"item\":\"https:\/\/staging.efdb.ch\/de\/\"},{\"@type\":\"ListItem\",\"position\":2,\"name\":\"\u00dcber uns\"}]},{\"@type\":\"WebSite\",\"@id\":\"https:\/\/staging.efdb.ch\/de\/#website\",\"url\":\"https:\/\/staging.efdb.ch\/de\/\",\"name\":\"EFDB\",\"description\":\"\u00c9cole fran\u00e7aise de B\u00e2le\",\"potentialAction\":[{\"@type\":\"SearchAction\",\"target\":{\"@type\":\"EntryPoint\",\"urlTemplate\":\"https:\/\/staging.efdb.ch\/de\/?s={search_term_string}\"},\"query-input\":\"required name=search_term_string\"}],\"inLanguage\":\"de\"}]}<\/script>\n<!-- \/ Yoast SEO plugin. -->","yoast_head_json":{"title":"\u00dcber uns - EFDB","robots":{"index":"index","follow":"follow","max-snippet":"max-snippet:-1","max-image-preview":"max-image-preview:large","max-video-preview":"max-video-preview:-1"},"canonical":"https:\/\/staging.efdb.ch\/de\/ueber-uns\/","og_locale":"de_DE","og_type":"article","og_title":"\u00dcber uns - EFDB","og_description":"OrganisationOrganisation der Schule EFDB - Livret d'accueil - 2022.01.18 EFDB - Ein Leitfaden - 2022.01.18 EFDB - Information booklet - 2022.01.18 Die\u00a0Schulstatuten Das\u00a0interne Reglement\u00a0der SchuleDie \u00c9cole Fran\u00e7aise de B\u00e2le wurde 1884 gegr\u00fcndet, als einzige von der AEFE (Agentur f\u00fcr das franz\u00f6sische Auslandsschulwesen) amtlich anerkannte Schule der Nordwestschweiz. Sie steht ebenfalls unter der Aufsicht des ED [&hellip;]","og_url":"https:\/\/staging.efdb.ch\/de\/ueber-uns\/","og_site_name":"EFDB","article_modified_time":"2023-01-27T16:08:07+00:00","twitter_card":"summary_large_image","twitter_misc":{"Gesch\u00e4tzte Lesezeit":"4\u00a0Minuten"},"schema":{"@context":"https:\/\/schema.org","@graph":[{"@type":"WebPage","@id":"https:\/\/staging.efdb.ch\/de\/ueber-uns\/","url":"https:\/\/staging.efdb.ch\/de\/ueber-uns\/","name":"\u00dcber uns - EFDB","isPartOf":{"@id":"https:\/\/staging.efdb.ch\/de\/#website"},"datePublished":"2020-02-17T13:58:10+00:00","dateModified":"2023-01-27T16:08:07+00:00","breadcrumb":{"@id":"https:\/\/staging.efdb.ch\/de\/ueber-uns\/#breadcrumb"},"inLanguage":"de","potentialAction":[{"@type":"ReadAction","target":["https:\/\/staging.efdb.ch\/de\/ueber-uns\/"]}]},{"@type":"BreadcrumbList","@id":"https:\/\/staging.efdb.ch\/de\/ueber-uns\/#breadcrumb","itemListElement":[{"@type":"ListItem","position":1,"name":"Accueil","item":"https:\/\/staging.efdb.ch\/de\/"},{"@type":"ListItem","position":2,"name":"\u00dcber uns"}]},{"@type":"WebSite","@id":"https:\/\/staging.efdb.ch\/de\/#website","url":"https:\/\/staging.efdb.ch\/de\/","name":"EFDB","description":"\u00c9cole fran\u00e7aise de B\u00e2le","potentialAction":[{"@type":"SearchAction","target":{"@type":"EntryPoint","urlTemplate":"https:\/\/staging.efdb.ch\/de\/?s={search_term_string}"},"query-input":"required name=search_term_string"}],"inLanguage":"de"}]}},"_links":{"self":[{"href":"https:\/\/staging.efdb.ch\/de\/wp-json\/wp\/v2\/pages\/11397"}],"collection":[{"href":"https:\/\/staging.efdb.ch\/de\/wp-json\/wp\/v2\/pages"}],"about":[{"href":"https:\/\/staging.efdb.ch\/de\/wp-json\/wp\/v2\/types\/page"}],"author":[{"embeddable":true,"href":"https:\/\/staging.efdb.ch\/de\/wp-json\/wp\/v2\/users\/1"}],"replies":[{"embeddable":true,"href":"https:\/\/staging.efdb.ch\/de\/wp-json\/wp\/v2\/comments?post=11397"}],"version-history":[{"count":63,"href":"https:\/\/staging.efdb.ch\/de\/wp-json\/wp\/v2\/pages\/11397\/revisions"}],"predecessor-version":[{"id":17163,"href":"https:\/\/staging.efdb.ch\/de\/wp-json\/wp\/v2\/pages\/11397\/revisions\/17163"}],"wp:attachment":[{"href":"https:\/\/staging.efdb.ch\/de\/wp-json\/wp\/v2\/media?parent=11397"}],"curies":[{"name":"wp","href":"https:\/\/api.w.org\/{rel}","templated":true}]}}