{"id":11438,"date":"2020-02-17T15:32:12","date_gmt":"2020-02-17T14:32:12","guid":{"rendered":"https:\/\/www.efdb.ch\/ueber-uns\/unterstuetzung-der-efdb\/"},"modified":"2022-12-02T18:38:42","modified_gmt":"2022-12-02T16:38:42","slug":"unterstuetzung-der-efdb","status":"publish","type":"page","link":"https:\/\/staging.efdb.ch\/de\/ueber-uns\/unterstuetzung-der-efdb\/","title":{"rendered":"Unterst\u00fctzen Sie die EFDB"},"content":{"rendered":"<p>[et_pb_section fb_built=&#8220;1&#8243; _builder_version=&#8220;4.16&#8243; custom_margin=&#8220;||-3px|||&#8220; custom_padding=&#8220;||0px|||&#8220; global_colors_info=&#8220;{}&#8220;][et_pb_row _builder_version=&#8220;4.16&#8243; global_colors_info=&#8220;{}&#8220;][et_pb_column type=&#8220;4_4&#8243; _builder_version=&#8220;4.16&#8243; global_colors_info=&#8220;{}&#8220;][et_pb_text _builder_version=&#8220;4.16&#8243; global_colors_info=&#8220;{}&#8220;][\/et_pb_text][\/et_pb_column][\/et_pb_row][et_pb_row column_structure=&#8220;3_5,2_5&#8243; _builder_version=&#8220;4.16&#8243; min_height=&#8220;341px&#8220; global_colors_info=&#8220;{}&#8220;][et_pb_column type=&#8220;3_5&#8243; _builder_version=&#8220;4.16&#8243; global_colors_info=&#8220;{}&#8220;][et_pb_text _builder_version=&#8220;4.16&#8243; hover_enabled=&#8220;0&#8243; global_colors_info=&#8220;{}&#8220; sticky_enabled=&#8220;0&#8243;]<\/p>\n<h1>Die EFDB unterst\u00fctzen<\/h1>\n<p>Die EFDB w\u00e4chst und passt ihre Infrastruktur den Bed\u00fcrfnissen an (z.B. sechs Klassen in der Grundschule, Mezzanin im Kindergarten usw.). Jede Spende an unsere Gemeinschaft, sei es eine Geldspende, eine Sachspende (wie z.B. neue oder gebrauchte Ger\u00e4te, die der Ausbildung der Kinder zugute kommen) oder ein zeitliches Engagement, ist h\u00f6chst willkommen.<\/p>\n<p>&nbsp;<\/p>\n<h2>Vorteile einer Spende<\/h2>\n<ul>\n<li>Sie helfen der kontinuierlichen Verbesserung der Schule, der Ausbildung und der Gemeinschaft.<\/li>\n<li>Sie k\u00f6nnen Ihren finanziellen Beitrag bei der Einkommenssteuererkl\u00e4rung in Ansatz bringen, da die Schule von den Steuerbeh\u00f6rden als f\u00f6rderungsw\u00fcrdiger Verein anerkannt wird.<\/li>\n<\/ul>\n<p>[\/et_pb_text][\/et_pb_column][et_pb_column type=&#8220;2_5&#8243; _builder_version=&#8220;4.16&#8243; global_colors_info=&#8220;{}&#8220;][et_pb_text _builder_version=&#8220;4.17.6&#8243; text_text_color=&#8220;#ffffff&#8220; header_text_color=&#8220;#ffffff&#8220; header_2_text_color=&#8220;#ffffff&#8220; header_3_text_color=&#8220;#ffffff&#8220; header_4_text_color=&#8220;#ffffff&#8220; header_5_text_color=&#8220;#ffffff&#8220; background_color=&#8220;#d10a11&#8243; custom_padding=&#8220;20px|20px|20px|20px|false|false&#8220; hover_enabled=&#8220;0&#8243; global_colors_info=&#8220;{}&#8220; sticky_enabled=&#8220;0&#8243;]<\/p>\n<h3><strong>Schullager<\/strong><\/h3>\n<p>Vom 3. bis 7. Oktober 2022 fahren alle Klassen der Primarschule gemeinsam ins Lager (Classe verte).[\/et_pb_text][\/et_pb_column][\/et_pb_row][\/et_pb_section][et_pb_section fb_built=&#8220;1&#8243; admin_label=&#8220;section&#8220; _builder_version=&#8220;4.16&#8243; custom_padding=&#8220;0px|||||&#8220; global_colors_info=&#8220;{}&#8220;][et_pb_row admin_label=&#8220;row&#8220; _builder_version=&#8220;4.16&#8243; background_size=&#8220;initial&#8220; background_position=&#8220;top_left&#8220; background_repeat=&#8220;repeat&#8220; custom_padding=&#8220;0px|||||&#8220; global_colors_info=&#8220;{}&#8220;][et_pb_column type=&#8220;4_4&#8243; _builder_version=&#8220;4.16&#8243; custom_padding=&#8220;|||&#8220; global_colors_info=&#8220;{}&#8220; custom_padding__hover=&#8220;|||&#8220;][et_pb_text admin_label=&#8220;Text&#8220; _builder_version=&#8220;4.17.6&#8243; background_size=&#8220;initial&#8220; background_position=&#8220;top_left&#8220; background_repeat=&#8220;repeat&#8220; min_height=&#8220;351px&#8220; hover_enabled=&#8220;0&#8243; global_colors_info=&#8220;{}&#8220; sticky_enabled=&#8220;0&#8243;]<script type=\"text\/javascript\">var gform;gform||(document.addEventListener(\"gform_main_scripts_loaded\",function(){gform.scriptsLoaded=!0}),window.addEventListener(\"DOMContentLoaded\",function(){gform.domLoaded=!0}),gform={domLoaded:!1,scriptsLoaded:!1,initializeOnLoaded:function(o){gform.domLoaded&&gform.scriptsLoaded?o():!gform.domLoaded&&gform.scriptsLoaded?window.addEventListener(\"DOMContentLoaded\",o):document.addEventListener(\"gform_main_scripts_loaded\",o)},hooks:{action:{},filter:{}},addAction:function(o,n,r,t){gform.addHook(\"action\",o,n,r,t)},addFilter:function(o,n,r,t){gform.addHook(\"filter\",o,n,r,t)},doAction:function(o){gform.doHook(\"action\",o,arguments)},applyFilters:function(o){return gform.doHook(\"filter\",o,arguments)},removeAction:function(o,n){gform.removeHook(\"action\",o,n)},removeFilter:function(o,n,r){gform.removeHook(\"filter\",o,n,r)},addHook:function(o,n,r,t,i){null==gform.hooks[o][n]&&(gform.hooks[o][n]=[]);var e=gform.hooks[o][n];null==i&&(i=n+\"_\"+e.length),gform.hooks[o][n].push({tag:i,callable:r,priority:t=null==t?10:t})},doHook:function(n,o,r){var t;if(r=Array.prototype.slice.call(r,1),null!=gform.hooks[n][o]&&((o=gform.hooks[n][o]).sort(function(o,n){return o.priority-n.priority}),o.forEach(function(o){\"function\"!=typeof(t=o.callable)&&(t=window[t]),\"action\"==n?t.apply(null,r):r[0]=t.apply(null,r)})),\"filter\"==n)return r[0]},removeHook:function(o,n,t,i){var r;null!=gform.hooks[o][n]&&(r=(r=gform.hooks[o][n]).filter(function(o,n,r){return!!(null!=i&&i!=o.tag||null!=t&&t!=o.priority)}),gform.hooks[o][n]=r)}});<\/script>\n                <div class='gf_browser_gecko gform_wrapper gform_legacy_markup_wrapper gform-theme--no-framework' data-form-theme='legacy' data-form-index='0' id='gform_wrapper_3' style='display:none'>\n                        <div class='gform_heading'>\n                            <h3 class=\"gform_title\">Unterst\u00fctzen Sie die EFDB!<\/h3>\n                            <p class='gform_description'><\/p>\n                        <\/div><form method='post' enctype='multipart\/form-data'  id='gform_3'  action='\/de\/wp-json\/wp\/v2\/pages\/11438' data-formid='3' > \r\n <input type='hidden' class='gforms-pum' value='{\"closepopup\":false,\"closedelay\":0,\"openpopup\":false,\"openpopup_id\":0}' \/>\n                        <div class='gform-body gform_body'><ul id='gform_fields_3' class='gform_fields top_label form_sublabel_below description_below'><li id=\"field_3_11\"  class=\"gfield gfield--type-checkbox gfield--type-choice gfield_contains_required field_sublabel_below gfield--no-description field_description_below gfield_visibility_visible\"  data-js-reload=\"field_3_11\"><label class='gfield_label gform-field-label gfield_label_before_complex'  >Ich m\u00f6chte<span class=\"gfield_required\"><span class=\"gfield_required gfield_required_asterisk\">*<\/span><\/span><\/label><div class='ginput_container ginput_container_checkbox'><ul class='gfield_checkbox' id='input_3_11'><li class='gchoice gchoice_3_11_1'>\n\t\t\t\t\t\t\t\t<input class='gfield-choice-input' name='input_11.1' type='checkbox'  value='Geld spenden'  id='choice_3_11_1'   \/>\n\t\t\t\t\t\t\t\t<label for='choice_3_11_1' id='label_3_11_1' class='gform-field-label gform-field-label--type-inline'>Geld spenden<\/label>\n\t\t\t\t\t\t\t<\/li><li class='gchoice gchoice_3_11_2'>\n\t\t\t\t\t\t\t\t<input class='gfield-choice-input' name='input_11.2' type='checkbox'  value='eine materielle Spende machen \/ ein\/e Freiwillige\/r werden'  id='choice_3_11_2'   \/>\n\t\t\t\t\t\t\t\t<label for='choice_3_11_2' id='label_3_11_2' class='gform-field-label gform-field-label--type-inline'>eine materielle Spende machen \/ ein\/e Freiwillige\/r werden<\/label>\n\t\t\t\t\t\t\t<\/li><\/ul><\/div><\/li><li id=\"field_3_19\"  class=\"gfield gfield--type-radio gfield--type-choice field_sublabel_below gfield--no-description field_description_above gfield_visibility_visible\"  data-js-reload=\"field_3_19\"><label class='gfield_label gform-field-label'  >Ich m\u00f6chte mit meiner Spende an einem der folgenden Projekte teilnehmen:<\/label><div class='ginput_container ginput_container_radio'><ul class='gfield_radio' id='input_3_19'>\n\t\t\t<li class='gchoice gchoice_3_19_0'>\n\t\t\t\t<input name='input_19' type='radio' value='Schullager Primarschule 2022' checked='checked' id='choice_3_19_0'    \/>\n\t\t\t\t<label for='choice_3_19_0' id='label_3_19_0' class='gform-field-label gform-field-label--type-inline'>Schullager Primarschule 2022<\/label>\n\t\t\t<\/li>\n\t\t\t<li class='gchoice gchoice_3_19_1'>\n\t\t\t\t<input name='input_19' type='radio' value='Andere'  id='choice_3_19_1'    \/>\n\t\t\t\t<label for='choice_3_19_1' id='label_3_19_1' class='gform-field-label gform-field-label--type-inline'>Andere<\/label>\n\t\t\t<\/li><\/ul><\/div><\/li><li id=\"field_3_20\"  class=\"gfield gfield--type-text gfield_contains_required field_sublabel_below gfield--no-description field_description_below gfield_visibility_visible\"  data-js-reload=\"field_3_20\"><label class='gfield_label gform-field-label' for='input_3_20' >Falls andere, geben Sie diese bitte hier an<span class=\"gfield_required\"><span class=\"gfield_required gfield_required_asterisk\">*<\/span><\/span><\/label><div class='ginput_container ginput_container_text'><input name='input_20' id='input_3_20' type='text' value='' class='medium' maxlength='256'    aria-required=\"true\" aria-invalid=\"false\"   \/> <\/div><\/li><li id=\"field_3_12\"  class=\"gfield gfield--type-select gfield_contains_required field_sublabel_below gfield--no-description field_description_below gfield_visibility_visible\"  data-js-reload=\"field_3_12\"><label class='gfield_label gform-field-label' for='input_3_12' >Ich m\u00f6chte spenden per :<span class=\"gfield_required\"><span class=\"gfield_required gfield_required_asterisk\">*<\/span><\/span><\/label><div class='ginput_container ginput_container_select'><select name='input_12' id='input_3_12' class='medium gfield_select'    aria-required=\"true\" aria-invalid=\"false\" ><option value='' ><\/option><option value='Bank\u00fcberweisung' >Bank\u00fcberweisung<\/option><option value='Bargeld' >Bargeld<\/option><option value='QR code' >QR code<\/option><\/select><\/div><\/li><li id=\"field_3_13\"  class=\"gfield gfield--type-html gfield_html gfield_html_formatted gfield_no_follows_desc field_sublabel_below gfield--no-description field_description_below gfield_visibility_visible\"  data-js-reload=\"field_3_13\">F\u00fcllen Sie das Formular aus, und wir setzen uns innerhalb von 3 Arbeitstagen mit Ihnen in Verbindung und teilen Ihnen die Einzelheiten f\u00fcr die \u00dcberweisung mit.<\/li><li id=\"field_3_15\"  class=\"gfield gfield--type-html gfield_html gfield_html_formatted gfield_no_follows_desc field_sublabel_below gfield--no-description field_description_below gfield_visibility_visible\"  data-js-reload=\"field_3_15\">Modalit\u00e4ten Arten<\/li><li id=\"field_3_16\"  class=\"gfield gfield--type-html gfield_html gfield_html_formatted gfield_no_follows_desc field_sublabel_below gfield--no-description field_description_below gfield_visibility_visible\"  data-js-reload=\"field_3_16\">F\u00fcllen Sie das Formular aus und wir werden uns mit Ihnen in Verbindung setzen, um die Modalit\u00e4ten f\u00fcr eine materielle Spende oder eine ehrenamtliche T\u00e4tigkeit zu besprechen.<\/li><li id=\"field_3_22\"  class=\"gfield gfield--type-html gfield_html gfield_html_formatted gfield_no_follows_desc field_sublabel_below gfield--no-description field_description_below gfield_visibility_visible\"  data-js-reload=\"field_3_22\">Scannen und den gew\u00fcnschten Betrag eingeben:\r\n\r\n<img decoding=\"async\" src=\"https:\/\/www.efdb.ch\/wp-content\/uploads\/2022\/11\/QRcode.png\" alt=\"QRcode\"\/><\/li><li id=\"field_3_18\"  class=\"gfield gfield--type-radio gfield--type-choice gfield_contains_required field_sublabel_below gfield--no-description field_description_below gfield_visibility_visible\"  data-js-reload=\"field_3_18\"><label class='gfield_label gform-field-label'  >Ich w\u00fcnsche eine Steuerbescheinigung<span class=\"gfield_required\"><span class=\"gfield_required gfield_required_asterisk\">*<\/span><\/span><\/label><div class='ginput_container ginput_container_radio'><ul class='gfield_radio' id='input_3_18'>\n\t\t\t<li class='gchoice gchoice_3_18_0'>\n\t\t\t\t<input name='input_18' type='radio' value='Ja'  id='choice_3_18_0'    \/>\n\t\t\t\t<label for='choice_3_18_0' id='label_3_18_0' class='gform-field-label gform-field-label--type-inline'>Ja<\/label>\n\t\t\t<\/li>\n\t\t\t<li class='gchoice gchoice_3_18_1'>\n\t\t\t\t<input name='input_18' type='radio' value='Nein' checked='checked' id='choice_3_18_1'    \/>\n\t\t\t\t<label for='choice_3_18_1' id='label_3_18_1' class='gform-field-label gform-field-label--type-inline'>Nein<\/label>\n\t\t\t<\/li><\/ul><\/div><\/li><li id=\"field_3_4\"  class=\"gfield gfield--type-text gfield_contains_required field_sublabel_below gfield--no-description field_description_below gfield_visibility_visible\"  data-js-reload=\"field_3_4\"><label class='gfield_label gform-field-label' for='input_3_4' >Name<span class=\"gfield_required\"><span class=\"gfield_required gfield_required_asterisk\">*<\/span><\/span><\/label><div class='ginput_container ginput_container_text'><input name='input_4' id='input_3_4' type='text' value='' class='medium'     aria-required=\"true\" aria-invalid=\"false\"   \/> <\/div><\/li><li id=\"field_3_5\"  class=\"gfield gfield--type-text gfield_contains_required field_sublabel_below gfield--no-description field_description_below gfield_visibility_visible\"  data-js-reload=\"field_3_5\"><label class='gfield_label gform-field-label' for='input_3_5' >Vorname<span class=\"gfield_required\"><span class=\"gfield_required gfield_required_asterisk\">*<\/span><\/span><\/label><div class='ginput_container ginput_container_text'><input name='input_5' id='input_3_5' type='text' value='' class='medium'     aria-required=\"true\" aria-invalid=\"false\"   \/> <\/div><\/li><li id=\"field_3_21\"  class=\"gfield gfield--type-text field_sublabel_below gfield--no-description field_description_below gfield_visibility_visible\"  data-js-reload=\"field_3_21\"><label class='gfield_label gform-field-label' for='input_3_21' >Unternehmen<\/label><div class='ginput_container ginput_container_text'><input name='input_21' id='input_3_21' type='text' value='' class='medium'      aria-invalid=\"false\"   \/> <\/div><\/li><li id=\"field_3_6\"  class=\"gfield gfield--type-text gfield_contains_required field_sublabel_below gfield--no-description field_description_below gfield_visibility_visible\"  data-js-reload=\"field_3_6\"><label class='gfield_label gform-field-label' for='input_3_6' >Adresse<span class=\"gfield_required\"><span class=\"gfield_required gfield_required_asterisk\">*<\/span><\/span><\/label><div class='ginput_container ginput_container_text'><input name='input_6' id='input_3_6' type='text' value='' class='medium'     aria-required=\"true\" aria-invalid=\"false\"   \/> <\/div><\/li><li id=\"field_3_7\"  class=\"gfield gfield--type-phone gfield_contains_required field_sublabel_below gfield--no-description field_description_below gfield_visibility_visible\"  data-js-reload=\"field_3_7\"><label class='gfield_label gform-field-label' for='input_3_7' >Telefon<span class=\"gfield_required\"><span class=\"gfield_required gfield_required_asterisk\">*<\/span><\/span><\/label><div class='ginput_container ginput_container_phone'><input name='input_7' id='input_3_7' type='text' value='' class='medium'   aria-required=\"true\" aria-invalid=\"false\"   \/><\/div><\/li><li id=\"field_3_8\"  class=\"gfield gfield--type-email gfield_contains_required field_sublabel_below gfield--no-description field_description_below gfield_visibility_visible\"  data-js-reload=\"field_3_8\"><label class='gfield_label gform-field-label' for='input_3_8' >E-Mail<span class=\"gfield_required\"><span class=\"gfield_required gfield_required_asterisk\">*<\/span><\/span><\/label><div class='ginput_container ginput_container_email'>\n                            <input name='input_8' id='input_3_8' type='text' value='' class='medium'    aria-required=\"true\" aria-invalid=\"false\"  \/>\n                        <\/div><\/li><\/ul><\/div>\n        <div class='gform_footer top_label'> <input type='submit' id='gform_submit_button_3' class='gform_button button' value='Senden'  onclick='if(window[\"gf_submitting_3\"]){return false;}  window[\"gf_submitting_3\"]=true;  ' onkeypress='if( event.keyCode == 13 ){ if(window[\"gf_submitting_3\"]){return false;} window[\"gf_submitting_3\"]=true;  jQuery(\"#gform_3\").trigger(\"submit\",[true]); }' \/> \n            <input type='hidden' class='gform_hidden' name='is_submit_3' value='1' \/>\n            <input type='hidden' class='gform_hidden' name='gform_submit' value='3' \/>\n            \n            <input type='hidden' class='gform_hidden' name='gform_unique_id' value='' \/>\n            <input type='hidden' class='gform_hidden' name='state_3' value='WyJbXSIsIjBjNTc2OTU2MGQzOThmMDMwNjE4NDk5ZWVjMTY0OTM0Il0=' \/>\n            <input type='hidden' class='gform_hidden' name='gform_target_page_number_3' id='gform_target_page_number_3' value='0' \/>\n            <input type='hidden' class='gform_hidden' name='gform_source_page_number_3' id='gform_source_page_number_3' value='1' \/>\n            <input type='hidden' name='gform_field_values' value='' \/>\n            \n        <\/div>\n                        <p style=\"display: none !important;\" class=\"akismet-fields-container\" data-prefix=\"ak_\"><label>&#916;<textarea name=\"ak_hp_textarea\" cols=\"45\" rows=\"8\" maxlength=\"100\"><\/textarea><\/label><input type=\"hidden\" id=\"ak_js_1\" name=\"ak_js\" value=\"16\"\/><script type=\"text\/javascript\">\ndocument.getElementById( \"ak_js_1\" ).setAttribute( \"value\", ( new Date() ).getTime() );\n<\/script>\n<\/p><\/form>\n                        <\/div><script type=\"text\/javascript\">\ngform.initializeOnLoaded( function() {gformInitSpinner( 3, 'https:\/\/staging.efdb.ch\/wp-content\/plugins\/gravityforms\/images\/spinner.svg', true );jQuery('#gform_ajax_frame_3').on('load',function(){var contents = jQuery(this).contents().find('*').html();var is_postback = contents.indexOf('GF_AJAX_POSTBACK') >= 0;if(!is_postback){return;}var form_content = jQuery(this).contents().find('#gform_wrapper_3');var is_confirmation = jQuery(this).contents().find('#gform_confirmation_wrapper_3').length > 0;var is_redirect = contents.indexOf('gformRedirect(){') >= 0;var is_form = form_content.length > 0 && ! is_redirect && ! is_confirmation;var mt = parseInt(jQuery('html').css('margin-top'), 10) + parseInt(jQuery('body').css('margin-top'), 10) + 100;if(is_form){jQuery('#gform_wrapper_3').html(form_content.html());if(form_content.hasClass('gform_validation_error')){jQuery('#gform_wrapper_3').addClass('gform_validation_error');} else {jQuery('#gform_wrapper_3').removeClass('gform_validation_error');}setTimeout( function() { \/* delay the scroll by 50 milliseconds to fix a bug in chrome *\/  }, 50 );if(window['gformInitDatepicker']) {gformInitDatepicker();}if(window['gformInitPriceFields']) {gformInitPriceFields();}var current_page = jQuery('#gform_source_page_number_3').val();gformInitSpinner( 3, 'https:\/\/staging.efdb.ch\/wp-content\/plugins\/gravityforms\/images\/spinner.svg', true );jQuery(document).trigger('gform_page_loaded', [3, current_page]);window['gf_submitting_3'] = false;}else if(!is_redirect){var confirmation_content = jQuery(this).contents().find('.GF_AJAX_POSTBACK').html();if(!confirmation_content){confirmation_content = contents;}setTimeout(function(){jQuery('#gform_wrapper_3').replaceWith(confirmation_content);jQuery(document).trigger('gform_confirmation_loaded', [3]);window['gf_submitting_3'] = false;wp.a11y.speak(jQuery('#gform_confirmation_message_3').text());}, 50);}else{jQuery('#gform_3').append(contents);if(window['gformRedirect']) {gformRedirect();}}jQuery(document).trigger('gform_post_render', [3, current_page]);gform.utils.trigger({ event: 'gform\/postRender', native: false, data: { formId: 3, currentPage: current_page } });} );} );\n<\/script>\n[\/et_pb_text][\/et_pb_column][\/et_pb_row][\/et_pb_section]<\/p>\n","protected":false},"excerpt":{"rendered":"<p>Die EFDB unterst\u00fctzen Die EFDB w\u00e4chst und passt ihre Infrastruktur den Bed\u00fcrfnissen an (z.B. sechs Klassen in der Grundschule, Mezzanin im Kindergarten usw.). Jede Spende an unsere Gemeinschaft, sei es eine Geldspende, eine Sachspende (wie z.B. neue oder gebrauchte Ger\u00e4te, die der Ausbildung der Kinder zugute kommen) oder ein zeitliches Engagement, ist h\u00f6chst willkommen. &nbsp; [&hellip;]<\/p>\n","protected":false},"author":1,"featured_media":0,"parent":11397,"menu_order":0,"comment_status":"closed","ping_status":"closed","template":"","meta":{"_et_pb_use_builder":"on","_et_pb_old_content":"","_et_gb_content_width":""},"yoast_head":"<!-- This site is optimized with the Yoast SEO plugin v21.1 - https:\/\/yoast.com\/wordpress\/plugins\/seo\/ -->\n<title>Unterst\u00fctzen Sie die EFDB - EFDB<\/title>\n<meta name=\"robots\" content=\"index, follow, max-snippet:-1, max-image-preview:large, max-video-preview:-1\" \/>\n<link rel=\"canonical\" href=\"https:\/\/staging.efdb.ch\/de\/ueber-uns\/unterstuetzung-der-efdb\/\" \/>\n<meta property=\"og:locale\" content=\"de_DE\" \/>\n<meta property=\"og:type\" content=\"article\" \/>\n<meta property=\"og:title\" content=\"Unterst\u00fctzen Sie die EFDB - EFDB\" \/>\n<meta property=\"og:description\" content=\"Die EFDB unterst\u00fctzen Die EFDB w\u00e4chst und passt ihre Infrastruktur den Bed\u00fcrfnissen an (z.B. sechs Klassen in der Grundschule, Mezzanin im Kindergarten usw.). Jede Spende an unsere Gemeinschaft, sei es eine Geldspende, eine Sachspende (wie z.B. neue oder gebrauchte Ger\u00e4te, die der Ausbildung der Kinder zugute kommen) oder ein zeitliches Engagement, ist h\u00f6chst willkommen. &nbsp; [&hellip;]\" \/>\n<meta property=\"og:url\" content=\"https:\/\/staging.efdb.ch\/de\/ueber-uns\/unterstuetzung-der-efdb\/\" \/>\n<meta property=\"og:site_name\" content=\"EFDB\" \/>\n<meta property=\"article:modified_time\" content=\"2022-12-02T16:38:42+00:00\" \/>\n<meta name=\"twitter:card\" content=\"summary_large_image\" \/>\n<meta name=\"twitter:label1\" content=\"Gesch\u00e4tzte Lesezeit\" \/>\n\t<meta name=\"twitter:data1\" content=\"2\u00a0Minuten\" \/>\n<script type=\"application\/ld+json\" class=\"yoast-schema-graph\">{\"@context\":\"https:\/\/schema.org\",\"@graph\":[{\"@type\":\"WebPage\",\"@id\":\"https:\/\/staging.efdb.ch\/de\/ueber-uns\/unterstuetzung-der-efdb\/\",\"url\":\"https:\/\/staging.efdb.ch\/de\/ueber-uns\/unterstuetzung-der-efdb\/\",\"name\":\"Unterst\u00fctzen Sie die EFDB - EFDB\",\"isPartOf\":{\"@id\":\"https:\/\/staging.efdb.ch\/de\/#website\"},\"datePublished\":\"2020-02-17T14:32:12+00:00\",\"dateModified\":\"2022-12-02T16:38:42+00:00\",\"breadcrumb\":{\"@id\":\"https:\/\/staging.efdb.ch\/de\/ueber-uns\/unterstuetzung-der-efdb\/#breadcrumb\"},\"inLanguage\":\"de\",\"potentialAction\":[{\"@type\":\"ReadAction\",\"target\":[\"https:\/\/staging.efdb.ch\/de\/ueber-uns\/unterstuetzung-der-efdb\/\"]}]},{\"@type\":\"BreadcrumbList\",\"@id\":\"https:\/\/staging.efdb.ch\/de\/ueber-uns\/unterstuetzung-der-efdb\/#breadcrumb\",\"itemListElement\":[{\"@type\":\"ListItem\",\"position\":1,\"name\":\"Accueil\",\"item\":\"https:\/\/staging.efdb.ch\/de\/\"},{\"@type\":\"ListItem\",\"position\":2,\"name\":\"\u00dcber uns\",\"item\":\"https:\/\/staging.efdb.ch\/de\/lecole\/\"},{\"@type\":\"ListItem\",\"position\":3,\"name\":\"Unterst\u00fctzen Sie die EFDB\"}]},{\"@type\":\"WebSite\",\"@id\":\"https:\/\/staging.efdb.ch\/de\/#website\",\"url\":\"https:\/\/staging.efdb.ch\/de\/\",\"name\":\"EFDB\",\"description\":\"\u00c9cole fran\u00e7aise de B\u00e2le\",\"potentialAction\":[{\"@type\":\"SearchAction\",\"target\":{\"@type\":\"EntryPoint\",\"urlTemplate\":\"https:\/\/staging.efdb.ch\/de\/?s={search_term_string}\"},\"query-input\":\"required name=search_term_string\"}],\"inLanguage\":\"de\"}]}<\/script>\n<!-- \/ Yoast SEO plugin. -->","yoast_head_json":{"title":"Unterst\u00fctzen Sie die EFDB - EFDB","robots":{"index":"index","follow":"follow","max-snippet":"max-snippet:-1","max-image-preview":"max-image-preview:large","max-video-preview":"max-video-preview:-1"},"canonical":"https:\/\/staging.efdb.ch\/de\/ueber-uns\/unterstuetzung-der-efdb\/","og_locale":"de_DE","og_type":"article","og_title":"Unterst\u00fctzen Sie die EFDB - EFDB","og_description":"Die EFDB unterst\u00fctzen Die EFDB w\u00e4chst und passt ihre Infrastruktur den Bed\u00fcrfnissen an (z.B. sechs Klassen in der Grundschule, Mezzanin im Kindergarten usw.). Jede Spende an unsere Gemeinschaft, sei es eine Geldspende, eine Sachspende (wie z.B. neue oder gebrauchte Ger\u00e4te, die der Ausbildung der Kinder zugute kommen) oder ein zeitliches Engagement, ist h\u00f6chst willkommen. &nbsp; [&hellip;]","og_url":"https:\/\/staging.efdb.ch\/de\/ueber-uns\/unterstuetzung-der-efdb\/","og_site_name":"EFDB","article_modified_time":"2022-12-02T16:38:42+00:00","twitter_card":"summary_large_image","twitter_misc":{"Gesch\u00e4tzte Lesezeit":"2\u00a0Minuten"},"schema":{"@context":"https:\/\/schema.org","@graph":[{"@type":"WebPage","@id":"https:\/\/staging.efdb.ch\/de\/ueber-uns\/unterstuetzung-der-efdb\/","url":"https:\/\/staging.efdb.ch\/de\/ueber-uns\/unterstuetzung-der-efdb\/","name":"Unterst\u00fctzen Sie die EFDB - EFDB","isPartOf":{"@id":"https:\/\/staging.efdb.ch\/de\/#website"},"datePublished":"2020-02-17T14:32:12+00:00","dateModified":"2022-12-02T16:38:42+00:00","breadcrumb":{"@id":"https:\/\/staging.efdb.ch\/de\/ueber-uns\/unterstuetzung-der-efdb\/#breadcrumb"},"inLanguage":"de","potentialAction":[{"@type":"ReadAction","target":["https:\/\/staging.efdb.ch\/de\/ueber-uns\/unterstuetzung-der-efdb\/"]}]},{"@type":"BreadcrumbList","@id":"https:\/\/staging.efdb.ch\/de\/ueber-uns\/unterstuetzung-der-efdb\/#breadcrumb","itemListElement":[{"@type":"ListItem","position":1,"name":"Accueil","item":"https:\/\/staging.efdb.ch\/de\/"},{"@type":"ListItem","position":2,"name":"\u00dcber uns","item":"https:\/\/staging.efdb.ch\/de\/lecole\/"},{"@type":"ListItem","position":3,"name":"Unterst\u00fctzen Sie die EFDB"}]},{"@type":"WebSite","@id":"https:\/\/staging.efdb.ch\/de\/#website","url":"https:\/\/staging.efdb.ch\/de\/","name":"EFDB","description":"\u00c9cole fran\u00e7aise de B\u00e2le","potentialAction":[{"@type":"SearchAction","target":{"@type":"EntryPoint","urlTemplate":"https:\/\/staging.efdb.ch\/de\/?s={search_term_string}"},"query-input":"required name=search_term_string"}],"inLanguage":"de"}]}},"_links":{"self":[{"href":"https:\/\/staging.efdb.ch\/de\/wp-json\/wp\/v2\/pages\/11438"}],"collection":[{"href":"https:\/\/staging.efdb.ch\/de\/wp-json\/wp\/v2\/pages"}],"about":[{"href":"https:\/\/staging.efdb.ch\/de\/wp-json\/wp\/v2\/types\/page"}],"author":[{"embeddable":true,"href":"https:\/\/staging.efdb.ch\/de\/wp-json\/wp\/v2\/users\/1"}],"replies":[{"embeddable":true,"href":"https:\/\/staging.efdb.ch\/de\/wp-json\/wp\/v2\/comments?post=11438"}],"version-history":[{"count":31,"href":"https:\/\/staging.efdb.ch\/de\/wp-json\/wp\/v2\/pages\/11438\/revisions"}],"predecessor-version":[{"id":16425,"href":"https:\/\/staging.efdb.ch\/de\/wp-json\/wp\/v2\/pages\/11438\/revisions\/16425"}],"up":[{"embeddable":true,"href":"https:\/\/staging.efdb.ch\/de\/wp-json\/wp\/v2\/pages\/11397"}],"wp:attachment":[{"href":"https:\/\/staging.efdb.ch\/de\/wp-json\/wp\/v2\/media?parent=11438"}],"curies":[{"name":"wp","href":"https:\/\/api.w.org\/{rel}","templated":true}]}}