{"id":11455,"date":"2020-02-17T15:57:09","date_gmt":"2020-02-17T14:57:09","guid":{"rendered":"https:\/\/www.efdb.ch\/schulgeld-und-einschreibegebuehr\/"},"modified":"2023-06-06T13:12:30","modified_gmt":"2023-06-06T11:12:30","slug":"gebuhren-und-anmeldung","status":"publish","type":"page","link":"https:\/\/staging.efdb.ch\/de\/gebuhren-und-anmeldung\/","title":{"rendered":"Geb\u00fchren"},"content":{"rendered":"<p>[et_pb_section fb_built=&#8220;1&#8243; fullwidth=&#8220;on&#8220; _builder_version=&#8220;4.16&#8243; global_colors_info=&#8220;{}&#8220;][et_pb_fullwidth_slider admin_label=&#8220;Fullwidth Slider&#8220; _builder_version=&#8220;4.20.2&#8243; custom_padding=&#8220;|||&#8220; custom_padding_tablet=&#8220;|||&#8220; custom_padding_phone=&#8220;|||&#8220; box_shadow_style=&#8220;preset6&#8243; box_shadow_blur=&#8220;10px&#8220; box_shadow_color=&#8220;rgba(0,0,0,0.1)&#8220; global_colors_info=&#8220;{}&#8220; button_text_size__hover_enabled=&#8220;off&#8220; button_one_text_size__hover_enabled=&#8220;off&#8220; button_two_text_size__hover_enabled=&#8220;off&#8220; button_text_color__hover_enabled=&#8220;off&#8220; button_one_text_color__hover_enabled=&#8220;off&#8220; button_two_text_color__hover_enabled=&#8220;off&#8220; button_border_width__hover_enabled=&#8220;off&#8220; button_one_border_width__hover_enabled=&#8220;off&#8220; button_two_border_width__hover_enabled=&#8220;off&#8220; button_border_color__hover_enabled=&#8220;off&#8220; button_one_border_color__hover_enabled=&#8220;off&#8220; button_two_border_color__hover_enabled=&#8220;off&#8220; button_border_radius__hover_enabled=&#8220;off&#8220; button_one_border_radius__hover_enabled=&#8220;off&#8220; button_two_border_radius__hover_enabled=&#8220;off&#8220; button_letter_spacing__hover_enabled=&#8220;off&#8220; button_one_letter_spacing__hover_enabled=&#8220;off&#8220; button_two_letter_spacing__hover_enabled=&#8220;off&#8220; button_bg_color__hover_enabled=&#8220;off&#8220; button_one_bg_color__hover_enabled=&#8220;off&#8220; button_two_bg_color__hover_enabled=&#8220;off&#8220;][et_pb_slide heading=&#8220;Geb\u00fchren&#8220; use_bg_overlay=&#8220;on&#8220; _builder_version=&#8220;4.20.2&#8243; background_color=&#8220;#ffffff&#8220; background_image=&#8220;https:\/\/staging.efdb.ch\/wp-content\/uploads\/2019\/10\/DSC6948.jpg&#8220; background_enable_image=&#8220;on&#8220; global_colors_info=&#8220;{}&#8220; button_text_size__hover_enabled=&#8220;off&#8220; button_one_text_size__hover_enabled=&#8220;off&#8220; button_two_text_size__hover_enabled=&#8220;off&#8220; button_text_color__hover_enabled=&#8220;off&#8220; button_one_text_color__hover_enabled=&#8220;off&#8220; button_two_text_color__hover_enabled=&#8220;off&#8220; button_border_width__hover_enabled=&#8220;off&#8220; button_one_border_width__hover_enabled=&#8220;off&#8220; button_two_border_width__hover_enabled=&#8220;off&#8220; button_border_color__hover_enabled=&#8220;off&#8220; button_one_border_color__hover_enabled=&#8220;off&#8220; button_two_border_color__hover_enabled=&#8220;off&#8220; button_border_radius__hover_enabled=&#8220;off&#8220; button_one_border_radius__hover_enabled=&#8220;off&#8220; button_two_border_radius__hover_enabled=&#8220;off&#8220; button_letter_spacing__hover_enabled=&#8220;off&#8220; button_one_letter_spacing__hover_enabled=&#8220;off&#8220; button_two_letter_spacing__hover_enabled=&#8220;off&#8220; button_bg_color__hover_enabled=&#8220;off&#8220; button_one_bg_color__hover_enabled=&#8220;off&#8220; button_two_bg_color__hover_enabled=&#8220;off&#8220; sticky_transition=&#8220;on&#8220;][\/et_pb_slide][\/et_pb_fullwidth_slider][\/et_pb_section][et_pb_section fb_built=&#8220;1&#8243; _builder_version=&#8220;4.16&#8243; custom_padding=&#8220;57px|0px|57px|0px&#8220; global_colors_info=&#8220;{}&#8220;][et_pb_row _builder_version=&#8220;4.16&#8243; global_colors_info=&#8220;{}&#8220;][et_pb_column type=&#8220;4_4&#8243; _builder_version=&#8220;4.16&#8243; custom_padding=&#8220;|||&#8220; global_colors_info=&#8220;{}&#8220; custom_padding__hover=&#8220;|||&#8220;][et_pb_text admin_label=&#8220;Texte intro tarifs&#8220; _builder_version=&#8220;4.19.0&#8243; global_colors_info=&#8220;{}&#8220;]<\/p>\n<h2 style=\"text-align: center\">Anmeldegeb\u00fchr<\/h2>\n<p style=\"text-align: center\">F\u00fcr die erste Anmeldung betr\u00e4gt die Anmeldegeb\u00fchr CHF 500.<\/p>\n<p>[\/et_pb_text][\/et_pb_column][\/et_pb_row][et_pb_row column_structure=&#8220;1_3,1_3,1_3&#8243; _builder_version=&#8220;4.16&#8243; global_colors_info=&#8220;{}&#8220;][et_pb_column type=&#8220;1_3&#8243; _builder_version=&#8220;4.16&#8243; custom_padding=&#8220;|||&#8220; global_colors_info=&#8220;{}&#8220; custom_padding__hover=&#8220;|||&#8220;][et_pb_text _builder_version=&#8220;4.20.2&#8243; global_colors_info=&#8220;{}&#8220;]<\/p>\n<h3>Kinderkrippe<\/h3>\n<ul>\n<li><strong><a href=\"https:\/\/staging.efdb.ch\/wp-content\/uploads\/2022\/09\/Tarifs-et-Conditions-Generales-Creche-2022-23.pdf\" rel=\"attachment wp-att-15663\">Geb\u00fchren und allgemeine Gesch\u00e4ftsbedingungen Kinderkrippe 2022-23<\/a><\/strong><\/li>\n<li><strong><a href=\"https:\/\/staging.efdb.ch\/wp-content\/uploads\/2023\/05\/Tarifs-et-Conditions-Generales-Creche-2023-24.pdf\" rel=\"attachment wp-att-17857\">Geb\u00fchren und allgemeine Gesch\u00e4ftsbedingungen Kinderkrippe 2023-24<\/a><\/strong><\/li>\n<\/ul>\n<p>[\/et_pb_text][et_pb_button button_url=&#8220;@ET-DC@eyJkeW5hbWljIjp0cnVlLCJjb250ZW50IjoicG9zdF9saW5rX3VybF9wYWdlIiwic2V0dGluZ3MiOnsicG9zdF9pZCI6IjE2MzA5In19@&#8220; button_text=&#8220;Anmeldung&#8220; _builder_version=&#8220;4.19.1&#8243; _dynamic_attributes=&#8220;button_url&#8220; _module_preset=&#8220;default&#8220; global_colors_info=&#8220;{}&#8220;][\/et_pb_button][\/et_pb_column][et_pb_column type=&#8220;1_3&#8243; _builder_version=&#8220;4.16&#8243; custom_padding=&#8220;|||&#8220; global_colors_info=&#8220;{}&#8220; custom_padding__hover=&#8220;|||&#8220;][et_pb_text _builder_version=&#8220;4.20.2&#8243; global_colors_info=&#8220;{}&#8220;]<\/p>\n<h3>Kindergarten, Primarschule und \u00a0 \u00a0 \u00a0 \u00a06. Klasse<\/h3>\n<ul>\n<li><strong><a href=\"https:\/\/staging.efdb.ch\/wp-content\/uploads\/2022\/09\/Tarifs-Ecolages-et-Conditions-Generales-EM-et-EP-2022-23.pdf\" rel=\"attachment wp-att-15667\">Geb\u00fchren und allgemeine Gesch\u00e4ftsbedingungen KiGa, Primar und 6. Klasse 2022-23\u00a0<\/a><\/strong><\/li>\n<li><strong><a href=\"https:\/\/staging.efdb.ch\/wp-content\/uploads\/2023\/05\/Tarifs-Ecolages-et-Conditions-Generales-2023-24.pdf\" rel=\"attachment wp-att-17860\">Geb\u00fchren und allgemeine Gesch\u00e4ftsbedingungen KiGa, Primar und 6. Klasse 2023-24<\/a><\/strong><\/li>\n<\/ul>\n<p>[\/et_pb_text][et_pb_button button_url=&#8220;@ET-DC@eyJkeW5hbWljIjp0cnVlLCJjb250ZW50IjoicG9zdF9saW5rX3VybF9wYWdlIiwic2V0dGluZ3MiOnsicG9zdF9pZCI6IjE2MzA5In19@&#8220; button_text=&#8220;Anmeldung&#8220; _builder_version=&#8220;4.19.1&#8243; _dynamic_attributes=&#8220;button_url&#8220; _module_preset=&#8220;default&#8220; global_colors_info=&#8220;{}&#8220;][\/et_pb_button][\/et_pb_column][et_pb_column type=&#8220;1_3&#8243; _builder_version=&#8220;4.16&#8243; custom_padding=&#8220;|||&#8220; global_colors_info=&#8220;{}&#8220; custom_padding__hover=&#8220;|||&#8220;][et_pb_text _builder_version=&#8220;4.20.2&#8243; text_font=&#8220;||||||||&#8220; header_font=&#8220;||||||||&#8220; hover_enabled=&#8220;0&#8243; global_colors_info=&#8220;{}&#8220; sticky_enabled=&#8220;0&#8243;]<\/p>\n<h3>Kantine<\/h3>\n<ul>\n<li><strong><a href=\"https:\/\/staging.efdb.ch\/wp-content\/uploads\/2022\/12\/Tarifs-et-Conditions-Generales-Cantine-2022-23.pdf\" rel=\"attachment wp-att-16408\">Geb\u00fchren und allgemeine Gesch\u00e4ftsbedingungen Kantine 2022-23<\/a><\/strong><\/li>\n<li><strong><a href=\"https:\/\/staging.efdb.ch\/wp-content\/uploads\/2023\/05\/Tarifs-et-Conditions-Generales-cantine-2023-24.pdf\" rel=\"attachment wp-att-17863\">Geb\u00fchren und allgemeine Gesch\u00e4ftsbedingungen Kantine 2023-24<\/a><\/strong><\/li>\n<\/ul>\n<h3>Freizeitaktivit\u00e4ten und Nachmittagsbetreuung<\/h3>\n<ul>\n<li><strong><a href=\"https:\/\/staging.efdb.ch\/wp-content\/uploads\/2022\/05\/Tarifs-du-periscolaire-EM-2022-23.pdf\">Geb\u00fchren und allgemeine Gesch\u00e4ftsbedingungen KiGa 2022-23<\/a><\/strong><\/li>\n<li><strong><a href=\"https:\/\/staging.efdb.ch\/wp-content\/uploads\/2023\/05\/Tarifs-et-Conditions-Generales-periscolaire-maternelle-2023-24.pdf\" rel=\"attachment wp-att-17866\">Geb\u00fchren und allgemeine Gesch\u00e4ftsbedingungen KiGa 2023-24<\/a><\/strong><\/li>\n<li><strong><a href=\"https:\/\/staging.efdb.ch\/wp-content\/uploads\/2022\/06\/Tarifs-et-Conditions-Generales-periscolaire-EP-2022-23.pdf\">Geb\u00fchren und allgemeine Gesch\u00e4ftsbedingungen 1. &#8211; 6. Klasse 2022-23<\/a><\/strong><\/li>\n<li><strong><a href=\"https:\/\/staging.efdb.ch\/wp-content\/uploads\/2023\/06\/Periscolaire-EP-Tarifs-et-Conditions-Generales-2023-24.pdf\" rel=\"attachment wp-att-18034\">Geb\u00fchren und allgemeine Gesch\u00e4ftsbedingungen 1. &#8211; 6. Klasse 2023-24<\/a><\/strong><\/li>\n<\/ul>\n<h3>Feriencamp<\/h3>\n<ul>\n<li><strong><a href=\"https:\/\/staging.efdb.ch\/wp-content\/uploads\/2023\/03\/Tarifs-et-Conditions-Generales-centres-aeres-2022-23.pdf\" rel=\"attachment wp-att-17480\">Geb\u00fchren und allgemeine Gesch\u00e4ftsbedingungen Feriencamp 2022-23<\/a><\/strong><\/li>\n<li><strong><a href=\"https:\/\/staging.efdb.ch\/wp-content\/uploads\/2023\/05\/Tarifs-et-Conditions-Generales-centres-aeres-2023-24.pdf\" rel=\"attachment wp-att-17872\">Geb\u00fchren und allgemeine Gesch\u00e4ftsbedingungen Feriencamp 2023-24<\/a><\/strong><\/li>\n<\/ul>\n<p>[\/et_pb_text][\/et_pb_column][\/et_pb_row][et_pb_row _builder_version=&#8220;4.16&#8243; global_colors_info=&#8220;{}&#8220;][et_pb_column type=&#8220;4_4&#8243; _builder_version=&#8220;4.16&#8243; global_colors_info=&#8220;{}&#8220;][et_pb_text _builder_version=&#8220;4.19.0&#8243; global_colors_info=&#8220;{}&#8220;][\/et_pb_text][\/et_pb_column][\/et_pb_row][et_pb_row _builder_version=&#8220;4.16&#8243; global_colors_info=&#8220;{}&#8220;][et_pb_column type=&#8220;4_4&#8243; _builder_version=&#8220;4.16&#8243; custom_padding=&#8220;|||&#8220; global_colors_info=&#8220;{}&#8220; custom_padding__hover=&#8220;|||&#8220;][et_pb_text admin_label=&#8220;Conditions particuli\u00e8res&#8220; _builder_version=&#8220;4.19.4&#8243; global_colors_info=&#8220;{}&#8220;]<\/p>\n<p style=\"text-align: center\">\u00a0<\/p>\n<p style=\"text-align: center\"><strong>Spezielle Bedingungen<\/strong><\/p>\n<p style=\"text-align: center\">Wir bieten Familien mit zwei oder mehreren Kindern eine Erm\u00e4ssigung der Schulgeb\u00fchren (Kinderkrippe, Kindergarten, Primarschule und 6. Klasse):<\/p>\n<p style=\"text-align: center\">10% f\u00fcr das zweite Kind und 15 % ab dem dritten Kind.<\/p>\n<p style=\"text-align: center\">\u00a0<\/p>\n<p>[\/et_pb_text][\/et_pb_column][\/et_pb_row][\/et_pb_section][et_pb_section fb_built=&#8220;1&#8243; _builder_version=&#8220;4.16&#8243; background_color=&#8220;#5e89c4&#8243; custom_padding=&#8220;57px|0px|57px|0px&#8220; global_colors_info=&#8220;{}&#8220;][et_pb_row column_structure=&#8220;1_2,1_2&#8243; _builder_version=&#8220;4.16&#8243; global_colors_info=&#8220;{}&#8220;][et_pb_column type=&#8220;1_2&#8243; _builder_version=&#8220;4.16&#8243; custom_padding=&#8220;|||&#8220; global_colors_info=&#8220;{}&#8220; custom_padding__hover=&#8220;|||&#8220;][et_pb_blurb title=&#8220;Unternehmenstarif&#8220; admin_label=&#8220;Tarification Corporate&#8220; _builder_version=&#8220;4.16&#8243; header_level=&#8220;h3&#8243; header_font=&#8220;|700|||||||&#8220; header_font_size=&#8220;24px&#8220; body_font=&#8220;|600|||||||&#8220; text_orientation=&#8220;center&#8220; background_layout=&#8220;dark&#8220; header_font_size_tablet=&#8220;&#8220; header_font_size_phone=&#8220;&#8220; header_font_size_last_edited=&#8220;on|desktop&#8220; global_colors_info=&#8220;{}&#8220;]<\/p>\n<p>F\u00fcr Familien, deren Arbeitgeber die Schulgeb\u00fchren \u00fcbernimmt. Der Unternehmenstarif beinhaltet das gesamte Angebot an Aktivit\u00e4ten: Montag bis Freitag von 8h00 bis 18h30. Die Kantine ist davon ausgenommen und wird extra verrechnet.<\/p>\n<p>[\/et_pb_blurb][\/et_pb_column][et_pb_column type=&#8220;1_2&#8243; _builder_version=&#8220;4.16&#8243; custom_padding=&#8220;|||&#8220; global_colors_info=&#8220;{}&#8220; custom_padding__hover=&#8220;|||&#8220;][et_pb_blurb title=&#8220;Stipendium der AEFE&#8220; admin_label=&#8220;Bourse AEFE&#8220; _builder_version=&#8220;4.16&#8243; header_level=&#8220;h3&#8243; header_font=&#8220;|700|||||||&#8220; header_font_size=&#8220;24px&#8220; body_font=&#8220;|600|||||||&#8220; text_orientation=&#8220;center&#8220; background_layout=&#8220;dark&#8220; header_font_size_tablet=&#8220;&#8220; header_font_size_phone=&#8220;&#8220; header_font_size_last_edited=&#8220;on|desktop&#8220; global_colors_info=&#8220;{}&#8220;]<\/p>\n<p>F\u00fcr in der Schweiz lebende franz\u00f6sische Kinder. Der Stipendienantrag l\u00e4uft \u00fcber das franz\u00f6sische Konsulat in Z\u00fcrich und richtet sich nach dem Einkommen. Auskunft und Unterlagen sind bei der Stelle f\u00fcr Stipendien des\u00a0 Franz\u00f6sischen Generalkonsulats Z\u00fcrich zu beantragen.<\/p>\n<p>[\/et_pb_blurb][\/et_pb_column][\/et_pb_row][\/et_pb_section][et_pb_section fb_built=&#8220;1&#8243; _builder_version=&#8220;4.16&#8243; background_color=&#8220;#ffffff&#8220; global_colors_info=&#8220;{}&#8220;][et_pb_row _builder_version=&#8220;4.16&#8243; custom_padding=&#8220;28px|0px|28px|0px&#8220; global_colors_info=&#8220;{}&#8220;][et_pb_column type=&#8220;4_4&#8243; _builder_version=&#8220;4.16&#8243; custom_padding=&#8220;|||&#8220; global_colors_info=&#8220;{}&#8220; custom_padding__hover=&#8220;|||&#8220;][et_pb_text admin_label=&#8220;Besoin de r\u00e9fl\u00e9chir ?&#8220; _builder_version=&#8220;4.16&#8243; text_orientation=&#8220;center&#8220; global_colors_info=&#8220;{}&#8220;]<\/p>\n<h3>Sie z\u00f6gern noch?<\/h3>\n<p class=\"p1\"><span class=\"s1\">Die \u00c9cole Fran\u00e7aise de B\u00e2le<\/span><span class=\"s2\">\u00a0steht Ihnen gerne zur Verf\u00fcgung, um <\/span><span class=\"s3\"><b>Ihre Fragen<\/b><\/span><span class=\"s2\"> zu beantworten, mit Ihnen die <\/span><span class=\"s3\"><b>Schule zu besichtigen<\/b><\/span><span class=\"s2\"> und das <\/span><span class=\"s3\"><b>Lehrerteam kennenzulernen. <\/b><\/span><span class=\"s2\">Fragen Sie online um einen Termin an und klicken Sie bitte auf<\/span><b> <\/b><span class=\"s2\">das untenstehende K\u00e4stchen.<\/span><\/p>\n<p>[\/et_pb_text][et_pb_button button_url=&#8220;https:\/\/staging.efdb.ch\/de\/gebuhren-und-anmeldung\/kontaktformular\/&#8220; button_text=&#8220;Kontaktformular&#8220; button_alignment=&#8220;center&#8220; admin_label=&#8220;Bouton contact&#8220; _builder_version=&#8220;4.16&#8243; background_layout=&#8220;dark&#8220; custom_margin=&#8220;0px||0px|&#8220; custom_padding=&#8220;|||&#8220; global_colors_info=&#8220;{}&#8220; button_text_size__hover_enabled=&#8220;off&#8220; button_one_text_size__hover_enabled=&#8220;off&#8220; button_two_text_size__hover_enabled=&#8220;off&#8220; button_text_color__hover_enabled=&#8220;off&#8220; button_one_text_color__hover_enabled=&#8220;off&#8220; button_two_text_color__hover_enabled=&#8220;off&#8220; button_border_width__hover_enabled=&#8220;off&#8220; button_one_border_width__hover_enabled=&#8220;off&#8220; button_two_border_width__hover_enabled=&#8220;off&#8220; button_border_color__hover_enabled=&#8220;off&#8220; button_one_border_color__hover_enabled=&#8220;off&#8220; button_two_border_color__hover_enabled=&#8220;off&#8220; button_border_radius__hover_enabled=&#8220;off&#8220; button_one_border_radius__hover_enabled=&#8220;off&#8220; button_two_border_radius__hover_enabled=&#8220;off&#8220; button_letter_spacing__hover_enabled=&#8220;off&#8220; button_one_letter_spacing__hover_enabled=&#8220;off&#8220; button_two_letter_spacing__hover_enabled=&#8220;off&#8220; button_bg_color__hover_enabled=&#8220;off&#8220; button_one_bg_color__hover_enabled=&#8220;off&#8220; button_two_bg_color__hover_enabled=&#8220;off&#8220;][\/et_pb_button][\/et_pb_column][\/et_pb_row][et_pb_row _builder_version=&#8220;4.16&#8243; global_colors_info=&#8220;{}&#8220;][et_pb_column type=&#8220;4_4&#8243; _builder_version=&#8220;4.16&#8243; custom_padding=&#8220;|||&#8220; global_colors_info=&#8220;{}&#8220; custom_padding__hover=&#8220;|||&#8220;][et_pb_text admin_label=&#8220;Inscription en 3 \u00e9tapes&#8220; _builder_version=&#8220;4.19.4&#8243; global_colors_info=&#8220;{}&#8220;]<\/p>\n<h2 class=\"p1\" style=\"text-align: center\"><span class=\"s1\">Anmeldung f\u00fcr die \u00c9<\/span><span class=\"s2\">cole Fran\u00e7aise de B\u00e2le <\/span><span class=\"s1\">in drei Schritten<\/span><\/h2>\n<p>[\/et_pb_text][\/et_pb_column][\/et_pb_row][et_pb_row column_structure=&#8220;1_3,1_3,1_3&#8243; _builder_version=&#8220;4.16&#8243; global_colors_info=&#8220;{}&#8220;][et_pb_column type=&#8220;1_3&#8243; _builder_version=&#8220;4.16&#8243; custom_padding=&#8220;|||&#8220; global_colors_info=&#8220;{}&#8220; custom_padding__hover=&#8220;|||&#8220;][et_pb_blurb url=&#8220;https:\/\/staging.efdb.ch\/de\/gebuhren-und-anmeldung\/antrag-auf-einschreibung-2\/&#8220; image=&#8220;https:\/\/staging.efdb.ch\/wp-content\/uploads\/2018\/01\/formulaire.png&#8220; admin_label=&#8220;Etape 1&#8243; _builder_version=&#8220;4.16&#8243; text_orientation=&#8220;center&#8220; global_colors_info=&#8220;{}&#8220;]<\/p>\n<p class=\"p1\"><strong><span class=\"s1\">Die Anmeldung erfolgt online.<\/span><\/strong><\/p>\n<p>[\/et_pb_blurb][\/et_pb_column][et_pb_column type=&#8220;1_3&#8243; _builder_version=&#8220;4.16&#8243; custom_padding=&#8220;|||&#8220; global_colors_info=&#8220;{}&#8220; custom_padding__hover=&#8220;|||&#8220;][et_pb_blurb image=&#8220;https:\/\/staging.efdb.ch\/wp-content\/uploads\/2018\/01\/phone.png&#8220; admin_label=&#8220;Etape 2&#8243; _builder_version=&#8220;4.16&#8243; text_orientation=&#8220;center&#8220; global_colors_info=&#8220;{}&#8220;]<\/p>\n<p><strong>Das Sekretariat der Schule kontaktiert Sie, um einen Termin f\u00fcr ein Treffen mit der Direktion zu vereinbaren und Ihre Anmeldung zu best\u00e4tigen.<\/strong><\/p>\n<p>[\/et_pb_blurb][\/et_pb_column][et_pb_column type=&#8220;1_3&#8243; _builder_version=&#8220;4.16&#8243; custom_padding=&#8220;|||&#8220; global_colors_info=&#8220;{}&#8220; custom_padding__hover=&#8220;|||&#8220;][et_pb_blurb image=&#8220;https:\/\/staging.efdb.ch\/wp-content\/uploads\/2018\/01\/courrier.png&#8220; admin_label=&#8220;Etape 3&#8243; _builder_version=&#8220;4.16&#8243; text_orientation=&#8220;center&#8220; global_colors_info=&#8220;{}&#8220;]<\/p>\n<p><strong>Die Anmeldung ist ab dem Erhalt der Einschreibegeb\u00fchren endg\u00fcltig.\u00a0<\/strong><\/p>\n<p>[\/et_pb_blurb][\/et_pb_column][\/et_pb_row][\/et_pb_section]<\/p>\n","protected":false},"excerpt":{"rendered":"<p>Anmeldegeb\u00fchr F\u00fcr die erste Anmeldung betr\u00e4gt die Anmeldegeb\u00fchr CHF 500.Kinderkrippe Geb\u00fchren und allgemeine Gesch\u00e4ftsbedingungen Kinderkrippe 2022-23 Geb\u00fchren und allgemeine Gesch\u00e4ftsbedingungen Kinderkrippe 2023-24 Kindergarten, Primarschule und \u00a0 \u00a0 \u00a0 \u00a06. Klasse Geb\u00fchren und allgemeine Gesch\u00e4ftsbedingungen KiGa, Primar und 6. Klasse 2022-23\u00a0 Geb\u00fchren und allgemeine Gesch\u00e4ftsbedingungen KiGa, Primar und 6. Klasse 2023-24 Kantine Geb\u00fchren und allgemeine Gesch\u00e4ftsbedingungen [&hellip;]<\/p>\n","protected":false},"author":1,"featured_media":0,"parent":0,"menu_order":0,"comment_status":"closed","ping_status":"closed","template":"","meta":{"_et_pb_use_builder":"on","_et_pb_old_content":"","_et_gb_content_width":""},"yoast_head":"<!-- This site is optimized with the Yoast SEO plugin v21.1 - https:\/\/yoast.com\/wordpress\/plugins\/seo\/ -->\n<title>Geb\u00fchren - EFDB<\/title>\n<meta name=\"robots\" content=\"index, follow, max-snippet:-1, max-image-preview:large, max-video-preview:-1\" \/>\n<link rel=\"canonical\" href=\"https:\/\/staging.efdb.ch\/de\/gebuhren-und-anmeldung\/\" \/>\n<meta property=\"og:locale\" content=\"de_DE\" \/>\n<meta property=\"og:type\" content=\"article\" \/>\n<meta property=\"og:title\" content=\"Geb\u00fchren - EFDB\" \/>\n<meta property=\"og:description\" content=\"Anmeldegeb\u00fchr F\u00fcr die erste Anmeldung betr\u00e4gt die Anmeldegeb\u00fchr CHF 500.Kinderkrippe Geb\u00fchren und allgemeine Gesch\u00e4ftsbedingungen Kinderkrippe 2022-23 Geb\u00fchren und allgemeine Gesch\u00e4ftsbedingungen Kinderkrippe 2023-24 Kindergarten, Primarschule und \u00a0 \u00a0 \u00a0 \u00a06. Klasse Geb\u00fchren und allgemeine Gesch\u00e4ftsbedingungen KiGa, Primar und 6. Klasse 2022-23\u00a0 Geb\u00fchren und allgemeine Gesch\u00e4ftsbedingungen KiGa, Primar und 6. Klasse 2023-24 Kantine Geb\u00fchren und allgemeine Gesch\u00e4ftsbedingungen [&hellip;]\" \/>\n<meta property=\"og:url\" content=\"https:\/\/staging.efdb.ch\/de\/gebuhren-und-anmeldung\/\" \/>\n<meta property=\"og:site_name\" content=\"EFDB\" \/>\n<meta property=\"article:modified_time\" content=\"2023-06-06T11:12:30+00:00\" \/>\n<meta name=\"twitter:card\" content=\"summary_large_image\" \/>\n<meta name=\"twitter:label1\" content=\"Gesch\u00e4tzte Lesezeit\" \/>\n\t<meta name=\"twitter:data1\" content=\"4\u00a0Minuten\" \/>\n<script type=\"application\/ld+json\" class=\"yoast-schema-graph\">{\"@context\":\"https:\/\/schema.org\",\"@graph\":[{\"@type\":\"WebPage\",\"@id\":\"https:\/\/staging.efdb.ch\/de\/gebuhren-und-anmeldung\/\",\"url\":\"https:\/\/staging.efdb.ch\/de\/gebuhren-und-anmeldung\/\",\"name\":\"Geb\u00fchren - EFDB\",\"isPartOf\":{\"@id\":\"https:\/\/staging.efdb.ch\/de\/#website\"},\"datePublished\":\"2020-02-17T14:57:09+00:00\",\"dateModified\":\"2023-06-06T11:12:30+00:00\",\"breadcrumb\":{\"@id\":\"https:\/\/staging.efdb.ch\/de\/gebuhren-und-anmeldung\/#breadcrumb\"},\"inLanguage\":\"de\",\"potentialAction\":[{\"@type\":\"ReadAction\",\"target\":[\"https:\/\/staging.efdb.ch\/de\/gebuhren-und-anmeldung\/\"]}]},{\"@type\":\"BreadcrumbList\",\"@id\":\"https:\/\/staging.efdb.ch\/de\/gebuhren-und-anmeldung\/#breadcrumb\",\"itemListElement\":[{\"@type\":\"ListItem\",\"position\":1,\"name\":\"Accueil\",\"item\":\"https:\/\/staging.efdb.ch\/de\/\"},{\"@type\":\"ListItem\",\"position\":2,\"name\":\"Geb\u00fchren\"}]},{\"@type\":\"WebSite\",\"@id\":\"https:\/\/staging.efdb.ch\/de\/#website\",\"url\":\"https:\/\/staging.efdb.ch\/de\/\",\"name\":\"EFDB\",\"description\":\"\u00c9cole fran\u00e7aise de B\u00e2le\",\"potentialAction\":[{\"@type\":\"SearchAction\",\"target\":{\"@type\":\"EntryPoint\",\"urlTemplate\":\"https:\/\/staging.efdb.ch\/de\/?s={search_term_string}\"},\"query-input\":\"required name=search_term_string\"}],\"inLanguage\":\"de\"}]}<\/script>\n<!-- \/ Yoast SEO plugin. -->","yoast_head_json":{"title":"Geb\u00fchren - EFDB","robots":{"index":"index","follow":"follow","max-snippet":"max-snippet:-1","max-image-preview":"max-image-preview:large","max-video-preview":"max-video-preview:-1"},"canonical":"https:\/\/staging.efdb.ch\/de\/gebuhren-und-anmeldung\/","og_locale":"de_DE","og_type":"article","og_title":"Geb\u00fchren - EFDB","og_description":"Anmeldegeb\u00fchr F\u00fcr die erste Anmeldung betr\u00e4gt die Anmeldegeb\u00fchr CHF 500.Kinderkrippe Geb\u00fchren und allgemeine Gesch\u00e4ftsbedingungen Kinderkrippe 2022-23 Geb\u00fchren und allgemeine Gesch\u00e4ftsbedingungen Kinderkrippe 2023-24 Kindergarten, Primarschule und \u00a0 \u00a0 \u00a0 \u00a06. Klasse Geb\u00fchren und allgemeine Gesch\u00e4ftsbedingungen KiGa, Primar und 6. Klasse 2022-23\u00a0 Geb\u00fchren und allgemeine Gesch\u00e4ftsbedingungen KiGa, Primar und 6. Klasse 2023-24 Kantine Geb\u00fchren und allgemeine Gesch\u00e4ftsbedingungen [&hellip;]","og_url":"https:\/\/staging.efdb.ch\/de\/gebuhren-und-anmeldung\/","og_site_name":"EFDB","article_modified_time":"2023-06-06T11:12:30+00:00","twitter_card":"summary_large_image","twitter_misc":{"Gesch\u00e4tzte Lesezeit":"4\u00a0Minuten"},"schema":{"@context":"https:\/\/schema.org","@graph":[{"@type":"WebPage","@id":"https:\/\/staging.efdb.ch\/de\/gebuhren-und-anmeldung\/","url":"https:\/\/staging.efdb.ch\/de\/gebuhren-und-anmeldung\/","name":"Geb\u00fchren - EFDB","isPartOf":{"@id":"https:\/\/staging.efdb.ch\/de\/#website"},"datePublished":"2020-02-17T14:57:09+00:00","dateModified":"2023-06-06T11:12:30+00:00","breadcrumb":{"@id":"https:\/\/staging.efdb.ch\/de\/gebuhren-und-anmeldung\/#breadcrumb"},"inLanguage":"de","potentialAction":[{"@type":"ReadAction","target":["https:\/\/staging.efdb.ch\/de\/gebuhren-und-anmeldung\/"]}]},{"@type":"BreadcrumbList","@id":"https:\/\/staging.efdb.ch\/de\/gebuhren-und-anmeldung\/#breadcrumb","itemListElement":[{"@type":"ListItem","position":1,"name":"Accueil","item":"https:\/\/staging.efdb.ch\/de\/"},{"@type":"ListItem","position":2,"name":"Geb\u00fchren"}]},{"@type":"WebSite","@id":"https:\/\/staging.efdb.ch\/de\/#website","url":"https:\/\/staging.efdb.ch\/de\/","name":"EFDB","description":"\u00c9cole fran\u00e7aise de B\u00e2le","potentialAction":[{"@type":"SearchAction","target":{"@type":"EntryPoint","urlTemplate":"https:\/\/staging.efdb.ch\/de\/?s={search_term_string}"},"query-input":"required name=search_term_string"}],"inLanguage":"de"}]}},"_links":{"self":[{"href":"https:\/\/staging.efdb.ch\/de\/wp-json\/wp\/v2\/pages\/11455"}],"collection":[{"href":"https:\/\/staging.efdb.ch\/de\/wp-json\/wp\/v2\/pages"}],"about":[{"href":"https:\/\/staging.efdb.ch\/de\/wp-json\/wp\/v2\/types\/page"}],"author":[{"embeddable":true,"href":"https:\/\/staging.efdb.ch\/de\/wp-json\/wp\/v2\/users\/1"}],"replies":[{"embeddable":true,"href":"https:\/\/staging.efdb.ch\/de\/wp-json\/wp\/v2\/comments?post=11455"}],"version-history":[{"count":183,"href":"https:\/\/staging.efdb.ch\/de\/wp-json\/wp\/v2\/pages\/11455\/revisions"}],"predecessor-version":[{"id":18053,"href":"https:\/\/staging.efdb.ch\/de\/wp-json\/wp\/v2\/pages\/11455\/revisions\/18053"}],"wp:attachment":[{"href":"https:\/\/staging.efdb.ch\/de\/wp-json\/wp\/v2\/media?parent=11455"}],"curies":[{"name":"wp","href":"https:\/\/api.w.org\/{rel}","templated":true}]}}