{"id":15085,"date":"2022-07-27T18:23:25","date_gmt":"2022-07-27T16:23:25","guid":{"rendered":"https:\/\/www.efdb.ch\/die-mannschaft\/"},"modified":"2023-03-09T20:14:55","modified_gmt":"2023-03-09T18:14:55","slug":"team-und-organisation","status":"publish","type":"page","link":"https:\/\/staging.efdb.ch\/de\/team-und-organisation\/","title":{"rendered":"Team und Organisation"},"content":{"rendered":"<p>[et_pb_section fb_built=&#8220;1&#8243; fullwidth=&#8220;on&#8220; _builder_version=&#8220;4.16&#8243; global_colors_info=&#8220;{}&#8220;][et_pb_fullwidth_slider admin_label=&#8220;Fullwidth Slider&#8220; _builder_version=&#8220;4.19.4&#8243; custom_padding=&#8220;|||&#8220; custom_padding_tablet=&#8220;|||&#8220; custom_padding_phone=&#8220;|||&#8220; box_shadow_style=&#8220;preset6&#8243; box_shadow_blur=&#8220;10px&#8220; box_shadow_color=&#8220;rgba(0,0,0,0.1)&#8220; global_colors_info=&#8220;{}&#8220; button_text_size__hover_enabled=&#8220;off&#8220; button_one_text_size__hover_enabled=&#8220;off&#8220; button_two_text_size__hover_enabled=&#8220;off&#8220; button_text_color__hover_enabled=&#8220;off&#8220; button_one_text_color__hover_enabled=&#8220;off&#8220; button_two_text_color__hover_enabled=&#8220;off&#8220; button_border_width__hover_enabled=&#8220;off&#8220; button_one_border_width__hover_enabled=&#8220;off&#8220; button_two_border_width__hover_enabled=&#8220;off&#8220; button_border_color__hover_enabled=&#8220;off&#8220; button_one_border_color__hover_enabled=&#8220;off&#8220; button_two_border_color__hover_enabled=&#8220;off&#8220; button_border_radius__hover_enabled=&#8220;off&#8220; button_one_border_radius__hover_enabled=&#8220;off&#8220; button_two_border_radius__hover_enabled=&#8220;off&#8220; button_letter_spacing__hover_enabled=&#8220;off&#8220; button_one_letter_spacing__hover_enabled=&#8220;off&#8220; button_two_letter_spacing__hover_enabled=&#8220;off&#8220; button_bg_color__hover_enabled=&#8220;off&#8220; button_one_bg_color__hover_enabled=&#8220;off&#8220; button_two_bg_color__hover_enabled=&#8220;off&#8220;][et_pb_slide heading=&#8220;Team und Organisation&#8220; use_bg_overlay=&#8220;on&#8220; _builder_version=&#8220;4.19.4&#8243; background_color=&#8220;#ffffff&#8220; background_image=&#8220;https:\/\/staging.efdb.ch\/wp-content\/uploads\/2019\/10\/DSC6948-e1572210682222.jpg&#8220; background_enable_image=&#8220;on&#8220; global_colors_info=&#8220;{}&#8220; button_text_size__hover_enabled=&#8220;off&#8220; button_one_text_size__hover_enabled=&#8220;off&#8220; button_two_text_size__hover_enabled=&#8220;off&#8220; button_text_color__hover_enabled=&#8220;off&#8220; button_one_text_color__hover_enabled=&#8220;off&#8220; button_two_text_color__hover_enabled=&#8220;off&#8220; button_border_width__hover_enabled=&#8220;off&#8220; button_one_border_width__hover_enabled=&#8220;off&#8220; button_two_border_width__hover_enabled=&#8220;off&#8220; button_border_color__hover_enabled=&#8220;off&#8220; button_one_border_color__hover_enabled=&#8220;off&#8220; button_two_border_color__hover_enabled=&#8220;off&#8220; button_border_radius__hover_enabled=&#8220;off&#8220; button_one_border_radius__hover_enabled=&#8220;off&#8220; button_two_border_radius__hover_enabled=&#8220;off&#8220; button_letter_spacing__hover_enabled=&#8220;off&#8220; button_one_letter_spacing__hover_enabled=&#8220;off&#8220; button_two_letter_spacing__hover_enabled=&#8220;off&#8220; button_bg_color__hover_enabled=&#8220;off&#8220; button_one_bg_color__hover_enabled=&#8220;off&#8220; button_two_bg_color__hover_enabled=&#8220;off&#8220; sticky_transition=&#8220;on&#8220;]<\/p>\n<p>der \u00c9cole Fran\u00e7aise de B\u00e2le<\/p>\n<p>[\/et_pb_slide][\/et_pb_fullwidth_slider][\/et_pb_section][et_pb_section fb_built=&#8220;1&#8243; specialty=&#8220;on&#8220; _builder_version=&#8220;4.16&#8243; global_colors_info=&#8220;{}&#8220;][et_pb_column type=&#8220;2_3&#8243; specialty_columns=&#8220;2&#8243; _builder_version=&#8220;4.16&#8243; custom_padding=&#8220;|||&#8220; global_colors_info=&#8220;{}&#8220; parallax__hover=&#8220;off&#8220; parallax_method__hover=&#8220;on&#8220; custom_padding__hover=&#8220;|||&#8220;][et_pb_row_inner admin_label=&#8220;Ligne&#8220; _builder_version=&#8220;4.16&#8243; hover_enabled=&#8220;0&#8243; global_colors_info=&#8220;{}&#8220; sticky_enabled=&#8220;0&#8243;][et_pb_column_inner saved_specialty_column_type=&#8220;2_3&#8243; _builder_version=&#8220;4.16&#8243; custom_padding=&#8220;|||&#8220; global_colors_info=&#8220;{}&#8220; parallax__hover=&#8220;off&#8220; parallax_method__hover=&#8220;on&#8220; custom_padding__hover=&#8220;|||&#8220;][et_pb_text admin_label=&#8220;Organigramme&#8220; _builder_version=&#8220;4.19.4&#8243; hover_enabled=&#8220;0&#8243; global_colors_info=&#8220;{}&#8220; sticky_enabled=&#8220;0&#8243;]<\/p>\n<h2>Organigramm<\/h2>\n<p>&nbsp;<\/p>\n<p><a href=\"https:\/\/staging.efdb.ch\/wp-content\/uploads\/2023\/03\/Organigramme-EFDB.pdf\" rel=\"attachment wp-att-17505\">Organigramm EFDB<\/a><\/p>\n<p>[\/et_pb_text][et_pb_accordion _builder_version=&#8220;4.19.4&#8243; body_text_color=&#8220;#233B51&#8243; body_ul_position=&#8220;inside&#8220; background_color=&#8220;#ffffff&#8220; global_colors_info=&#8220;{}&#8220;][et_pb_accordion_item title=&#8220;Direktion &amp; Verwaltung&#8220; open=&#8220;on&#8220; icon_color=&#8220;#d10a11&#8243; _builder_version=&#8220;4.19.4&#8243; custom_margin=&#8220;||0px|&#8220; custom_margin_tablet=&#8220;||0px|&#8220; custom_margin_phone=&#8220;||0px|&#8220; border_width_bottom=&#8220;0px&#8220; global_colors_info=&#8220;{}&#8220;]<\/p>\n<ul>\n<li><strong>Schulleiter: <\/strong>Fr\u00e9d\u00e9ric FOURT<\/li>\n<li><strong>Buchhalter: <\/strong>G\u00e9rard BOUELE<\/li>\n<li><strong>Sekret\u00e4rin Kindergarten und Kinderkrippe: <\/strong>Caroline KLEIN<\/li>\n<li><strong>Sekret\u00e4rin Primarschule: <\/strong>Anne-Sophie RINGENBACH<\/li>\n<li><strong>P\u00e4dagogische Assistentin: <\/strong>Pauline LAZIES<\/li>\n<\/ul>\n<p>[\/et_pb_accordion_item][et_pb_accordion_item title=&#8220;Kinderkrippe&#8220; icon_color=&#8220;#d10a11&#8243; _builder_version=&#8220;4.19.4&#8243; custom_margin=&#8220;||0px|&#8220; custom_margin_tablet=&#8220;0px|||&#8220; custom_margin_phone=&#8220;0px|||&#8220; border_width_bottom=&#8220;0px&#8220; global_colors_info=&#8220;{}&#8220; open=&#8220;off&#8220;]<\/p>\n<p><strong>Erzieher\/innen:<\/strong><\/p>\n<ul>\n<li>Laura GEISS<\/li>\n<li>Anna\u00eblle BAY<\/li>\n<li>Charline ROHFRITSCH<\/li>\n<\/ul>\n<p><strong>Kinderbetreuungsassistenten\/innen:<\/strong><\/p>\n<ul>\n<li>Marie COUVE<\/li>\n<li>Jacqueline RUCHTY<\/li>\n<\/ul>\n<p><strong>Kindergartenassistenten\/innen:<\/strong><\/p>\n<ul>\n<li>Camille AUBLE<\/li>\n<li>D\u00e9borah CAILLEUX<\/li>\n<li>Muriel DIJOUX<\/li>\n<li>Sandra GASSER<\/li>\n<li>Morgane TIRELLI<\/li>\n<li>Sabine VAISSEAU<\/li>\n<\/ul>\n<p>[\/et_pb_accordion_item][et_pb_accordion_item title=&#8220;Kindergarten&#8220; icon_color=&#8220;#d10a11&#8243; _builder_version=&#8220;4.19.4&#8243; custom_margin=&#8220;||0px|&#8220; custom_margin_tablet=&#8220;||0px|&#8220; custom_margin_phone=&#8220;||0px|&#8220; border_width_bottom=&#8220;0px&#8220; global_colors_info=&#8220;{}&#8220; open=&#8220;off&#8220;]<\/p>\n<p><strong>Lehrer\/innen &amp; Kindergartenassistenten\/innen:<\/strong><\/p>\n<ul>\n<li><strong>Petite section<\/strong>:\n<ul>\n<li>Sophie JENN<\/li>\n<li>Marine WIEDLIN<\/li>\n<li>Laurence BENOIT<\/li>\n<\/ul>\n<\/li>\n<li><strong>Moyenne section<\/strong>:\n<ul>\n<li>C\u00e9line KERN<\/li>\n<li>Tania WEISS<\/li>\n<li>Jean-Pierre PESSOTTO<\/li>\n<\/ul>\n<\/li>\n<li><strong>Grande section<\/strong>:\n<ul>\n<li>Eliette CUCHE<\/li>\n<li>Julie SCHWARZROCK<\/li>\n<\/ul>\n<\/li>\n<\/ul>\n<p><strong>Deutschlehrerinnen:<\/strong><\/p>\n<ul>\n<li>Laura GEISS<\/li>\n<li>Amira GHANNAM<\/li>\n<\/ul>\n<p><strong>Musiklehrerin:<\/strong><\/p>\n<ul>\n<li>Aurore BREUILLOT<\/li>\n<\/ul>\n<p><strong>Aufsicht, Kantine und Wartung:<\/strong><\/p>\n<ul>\n<li>V\u00e9ronique BENADDI<\/li>\n<li>Salom\u00e9 MENU<\/li>\n<\/ul>\n<p>[\/et_pb_accordion_item][et_pb_accordion_item title=&#8220;Primarschule \/ 6. Klasse&#8220; icon_color=&#8220;#d10a11&#8243; _builder_version=&#8220;4.19.4&#8243; custom_margin=&#8220;||0px|&#8220; custom_margin_tablet=&#8220;||0px|&#8220; custom_margin_phone=&#8220;||0px|&#8220; border_width_bottom=&#8220;0px&#8220; global_colors_info=&#8220;{}&#8220; open=&#8220;off&#8220;]<\/p>\n<p><strong>Lehrer\/innen:<\/strong><\/p>\n<ul>\n<li><strong>1. Klasse (CP): <\/strong>Marc SCHNEIDER, Oc\u00e9ane HAESSIG<\/li>\n<li><strong>2. Klasse (CE1): <\/strong>Dominique LERAY<\/li>\n<li><strong>3. Klasse (CE2): <\/strong>Val\u00e9rie MULLER<\/li>\n<li><strong>4. Klasse (CM1): <\/strong>Anne ZUSSY<\/li>\n<li><strong>5. Klasse (CM2): <\/strong>Florence CAUSSIN<\/li>\n<li><strong>6. Klasse (6\u00e8me): <\/strong>Klassenlehrer, Fr\u00e9d\u00e9ric FOURT<\/li>\n<\/ul>\n<p><strong>Deutschlehrer\/innen:<\/strong><\/p>\n<ul>\n<li>Antje GHANNAM<\/li>\n<li>Val\u00e9rie MULLER<\/li>\n<li>M\u00e9lanie NIGLIS<\/li>\n<li>Marc SCHNEIDER<\/li>\n<li>Elisabeth REINGRUBER<\/li>\n<li>Amira GHANNAM<\/li>\n<\/ul>\n<p><strong>Englischlehrerinnen:<\/strong><\/p>\n<ul>\n<li>Hajnalka MOGGS<\/li>\n<li>Sheena PRUNTY<\/li>\n<\/ul>\n<p><strong>Musiklehrerin:<\/strong><\/p>\n<ul>\n<li>Aurore BREUILLOT<\/li>\n<\/ul>\n<p><strong>Kantinenaufsicht:<\/strong><\/p>\n<ul>\n<li>Claudia GIRALDO<\/li>\n<li>M\u00e9lanie NIGLIS<\/li>\n<li>Justine VEIDIG<\/li>\n<\/ul>\n<p>[\/et_pb_accordion_item][et_pb_accordion_item title=&#8220;Vorstand, gew\u00e4hlt am 15. Dezember 2021&#8243; icon_color=&#8220;#d10a11&#8243; _builder_version=&#8220;4.19.4&#8243; custom_margin=&#8220;||0px|&#8220; custom_margin_tablet=&#8220;||0px|&#8220; custom_margin_phone=&#8220;||0px|&#8220; border_width_bottom=&#8220;0px&#8220; global_colors_info=&#8220;{}&#8220; open=&#8220;off&#8220;]<\/p>\n<ul>\n<li><strong>Pr\u00e4sidentin: <\/strong>Sonia REGENASS<\/li>\n<li><strong>Vizepr\u00e4sident: <\/strong>C\u00e9dric ANDR\u00c9<\/li>\n<li><strong>Schatzmeister: <\/strong>Karim MELLITI<\/li>\n<li><strong>Sekret\u00e4rin: <\/strong>Anne PONTON<\/li>\n<li><strong>Mitglied: <\/strong>Alexandra LEJEUNE<\/li>\n<li><strong>Vertreterin des Elternrats: <\/strong>Diane BEAUVAIS<\/li>\n<li><strong>Mitglieder von Amts wegen: <\/strong>\n<ul>\n<li>Alain STERBIK, Consul G\u00e9n\u00e9ral de France \u00e0 Z\u00fcrich<\/li>\n<li>Fran\u00e7ois COURANT, Conseiller de Coop\u00e9ration et d\u2019Action Culturelle<\/li>\n<li>M. Nicolas FELD-GROOTEN, Inspecteur d\u2019Acad\u00e9mie, Directeur des Services D\u00e9partementaux de l\u2019Education Nationale du Haut-Rhin<\/li>\n<\/ul>\n<\/li>\n<\/ul>\n<p>[\/et_pb_accordion_item][et_pb_accordion_item title=&#8220;Elternrat, gew\u00e4hlt am 11. Oktober 2022&#8243; icon_color=&#8220;#d10a11&#8243; _builder_version=&#8220;4.19.4&#8243; global_colors_info=&#8220;{}&#8220; open=&#8220;off&#8220;]<\/p>\n<p><strong>Vertreterin des Elternrats:<\/strong><\/p>\n<ul>\n<li>Diane BEAUVAIS<\/li>\n<\/ul>\n<p><strong>Mitglieder des Elternrats:<\/strong><\/p>\n<ul>\n<li>Diana DER AGOPIAN<\/li>\n<li>Caroline ROYER<\/li>\n<\/ul>\n<p>[\/et_pb_accordion_item][\/et_pb_accordion][\/et_pb_column_inner][\/et_pb_row_inner][\/et_pb_column][et_pb_column type=&#8220;1_3&#8243; _builder_version=&#8220;4.16&#8243; custom_padding=&#8220;|||&#8220; global_colors_info=&#8220;{}&#8220; parallax__hover=&#8220;off&#8220; parallax_method__hover=&#8220;on&#8220; custom_padding__hover=&#8220;|||&#8220;][et_pb_text admin_label=&#8220;EFDB&#8220; _builder_version=&#8220;4.19.4&#8243; global_colors_info=&#8220;{}&#8220;]<\/p>\n<p>Die \u00c9cole Fran\u00e7aise de B\u00e2le wurde 1884 gegr\u00fcndet, als einzige von der AEFE (Agentur f\u00fcr das franz\u00f6sische Auslandsschulwesen) amtlich anerkannte Schule der Nordwestschweiz. Sie steht ebenfalls unter der Aufsicht des ED (Erziehungsdepartement) Basel-Stadt und der Acad\u00e9mie de Strasbourg (Schulaufsichtsbeh\u00f6rde der D\u00e9partements Bas-Rhin und Haut-Rhin).<\/p>\n<p>[\/et_pb_text][et_pb_text admin_label=&#8220;Partenaires&#8220; _builder_version=&#8220;4.16&#8243; global_colors_info=&#8220;{}&#8220;]<\/p>\n<p>&nbsp;<\/p>\n<ul>\n<li><a href=\"https:\/\/www.aefe.fr\/\" target=\"_blank\" rel=\"noopener noreferrer\">Agentur f\u00fcr das franz\u00f6sische Auslandsschulwesen (AEFE)<\/a><\/li>\n<li><a href=\"https:\/\/www.education.gouv.fr\/\" target=\"_blank\" rel=\"noopener noreferrer\">Franz\u00f6sisches Bildungsministerium (MEN)<\/a><\/li>\n<li><a href=\"https:\/\/www.ed.bs.ch\/\" target=\"_blank\" rel=\"noopener noreferrer\">Erziehungsdepartement Basel-Stadt (ED Basel-Stadt)<\/a><\/li>\n<\/ul>\n<p>[\/et_pb_text][et_pb_image src=&#8220;https:\/\/staging.efdb.ch\/wp-content\/uploads\/2021\/09\/delf-goethe-cambridge-combines-1.png&#8220; alt=&#8220;Zertifizierung&#8220; title_text=&#8220;delf goethe cambridge combin\u00e9s&#8220; _builder_version=&#8220;4.16&#8243; _module_preset=&#8220;default&#8220; global_colors_info=&#8220;{}&#8220;][\/et_pb_image][et_pb_image src=&#8220;https:\/\/staging.efdb.ch\/wp-content\/uploads\/2021\/09\/certification-efe3d-niveau1.png&#8220; title_text=&#8220;Zertifizierung-efe3d-level1&#8243; _builder_version=&#8220;4.16&#8243; _module_preset=&#8220;default&#8220; global_colors_info=&#8220;{}&#8220;][\/et_pb_image][\/et_pb_column][\/et_pb_section]<\/p>\n","protected":false},"excerpt":{"rendered":"<p>der \u00c9cole Fran\u00e7aise de B\u00e2leOrganigramm &nbsp; Organigramm EFDB Schulleiter: Fr\u00e9d\u00e9ric FOURT Buchhalter: G\u00e9rard BOUELE Sekret\u00e4rin Kindergarten und Kinderkrippe: Caroline KLEIN Sekret\u00e4rin Primarschule: Anne-Sophie RINGENBACH P\u00e4dagogische Assistentin: Pauline LAZIES Erzieher\/innen: Laura GEISS Anna\u00eblle BAY Charline ROHFRITSCH Kinderbetreuungsassistenten\/innen: Marie COUVE Jacqueline RUCHTY Kindergartenassistenten\/innen: Camille AUBLE D\u00e9borah CAILLEUX Muriel DIJOUX Sandra GASSER Morgane TIRELLI Sabine VAISSEAU Lehrer\/innen &amp; [&hellip;]<\/p>\n","protected":false},"author":1,"featured_media":0,"parent":0,"menu_order":0,"comment_status":"closed","ping_status":"closed","template":"","meta":{"_et_pb_use_builder":"on","_et_pb_old_content":"","_et_gb_content_width":""},"yoast_head":"<!-- This site is optimized with the Yoast SEO plugin v21.1 - https:\/\/yoast.com\/wordpress\/plugins\/seo\/ -->\n<title>Team und Organisation - EFDB<\/title>\n<meta name=\"robots\" content=\"index, follow, max-snippet:-1, max-image-preview:large, max-video-preview:-1\" \/>\n<link rel=\"canonical\" href=\"https:\/\/staging.efdb.ch\/de\/team-und-organisation\/\" \/>\n<meta property=\"og:locale\" content=\"de_DE\" \/>\n<meta property=\"og:type\" content=\"article\" \/>\n<meta property=\"og:title\" content=\"Team und Organisation - EFDB\" \/>\n<meta property=\"og:description\" content=\"der \u00c9cole Fran\u00e7aise de B\u00e2leOrganigramm &nbsp; Organigramm EFDB Schulleiter: Fr\u00e9d\u00e9ric FOURT Buchhalter: G\u00e9rard BOUELE Sekret\u00e4rin Kindergarten und Kinderkrippe: Caroline KLEIN Sekret\u00e4rin Primarschule: Anne-Sophie RINGENBACH P\u00e4dagogische Assistentin: Pauline LAZIES Erzieher\/innen: Laura GEISS Anna\u00eblle BAY Charline ROHFRITSCH Kinderbetreuungsassistenten\/innen: Marie COUVE Jacqueline RUCHTY Kindergartenassistenten\/innen: Camille AUBLE D\u00e9borah CAILLEUX Muriel DIJOUX Sandra GASSER Morgane TIRELLI Sabine VAISSEAU Lehrer\/innen &amp; [&hellip;]\" \/>\n<meta property=\"og:url\" content=\"https:\/\/staging.efdb.ch\/de\/team-und-organisation\/\" \/>\n<meta property=\"og:site_name\" content=\"EFDB\" \/>\n<meta property=\"article:modified_time\" content=\"2023-03-09T18:14:55+00:00\" \/>\n<meta name=\"twitter:card\" content=\"summary_large_image\" \/>\n<meta name=\"twitter:label1\" content=\"Gesch\u00e4tzte Lesezeit\" \/>\n\t<meta name=\"twitter:data1\" content=\"4\u00a0Minuten\" \/>\n<script type=\"application\/ld+json\" class=\"yoast-schema-graph\">{\"@context\":\"https:\/\/schema.org\",\"@graph\":[{\"@type\":\"WebPage\",\"@id\":\"https:\/\/staging.efdb.ch\/de\/team-und-organisation\/\",\"url\":\"https:\/\/staging.efdb.ch\/de\/team-und-organisation\/\",\"name\":\"Team und Organisation - EFDB\",\"isPartOf\":{\"@id\":\"https:\/\/staging.efdb.ch\/de\/#website\"},\"datePublished\":\"2022-07-27T16:23:25+00:00\",\"dateModified\":\"2023-03-09T18:14:55+00:00\",\"breadcrumb\":{\"@id\":\"https:\/\/staging.efdb.ch\/de\/team-und-organisation\/#breadcrumb\"},\"inLanguage\":\"de\",\"potentialAction\":[{\"@type\":\"ReadAction\",\"target\":[\"https:\/\/staging.efdb.ch\/de\/team-und-organisation\/\"]}]},{\"@type\":\"BreadcrumbList\",\"@id\":\"https:\/\/staging.efdb.ch\/de\/team-und-organisation\/#breadcrumb\",\"itemListElement\":[{\"@type\":\"ListItem\",\"position\":1,\"name\":\"Accueil\",\"item\":\"https:\/\/staging.efdb.ch\/de\/\"},{\"@type\":\"ListItem\",\"position\":2,\"name\":\"Team und Organisation\"}]},{\"@type\":\"WebSite\",\"@id\":\"https:\/\/staging.efdb.ch\/de\/#website\",\"url\":\"https:\/\/staging.efdb.ch\/de\/\",\"name\":\"EFDB\",\"description\":\"\u00c9cole fran\u00e7aise de B\u00e2le\",\"potentialAction\":[{\"@type\":\"SearchAction\",\"target\":{\"@type\":\"EntryPoint\",\"urlTemplate\":\"https:\/\/staging.efdb.ch\/de\/?s={search_term_string}\"},\"query-input\":\"required name=search_term_string\"}],\"inLanguage\":\"de\"}]}<\/script>\n<!-- \/ Yoast SEO plugin. -->","yoast_head_json":{"title":"Team und Organisation - EFDB","robots":{"index":"index","follow":"follow","max-snippet":"max-snippet:-1","max-image-preview":"max-image-preview:large","max-video-preview":"max-video-preview:-1"},"canonical":"https:\/\/staging.efdb.ch\/de\/team-und-organisation\/","og_locale":"de_DE","og_type":"article","og_title":"Team und Organisation - EFDB","og_description":"der \u00c9cole Fran\u00e7aise de B\u00e2leOrganigramm &nbsp; Organigramm EFDB Schulleiter: Fr\u00e9d\u00e9ric FOURT Buchhalter: G\u00e9rard BOUELE Sekret\u00e4rin Kindergarten und Kinderkrippe: Caroline KLEIN Sekret\u00e4rin Primarschule: Anne-Sophie RINGENBACH P\u00e4dagogische Assistentin: Pauline LAZIES Erzieher\/innen: Laura GEISS Anna\u00eblle BAY Charline ROHFRITSCH Kinderbetreuungsassistenten\/innen: Marie COUVE Jacqueline RUCHTY Kindergartenassistenten\/innen: Camille AUBLE D\u00e9borah CAILLEUX Muriel DIJOUX Sandra GASSER Morgane TIRELLI Sabine VAISSEAU Lehrer\/innen &amp; [&hellip;]","og_url":"https:\/\/staging.efdb.ch\/de\/team-und-organisation\/","og_site_name":"EFDB","article_modified_time":"2023-03-09T18:14:55+00:00","twitter_card":"summary_large_image","twitter_misc":{"Gesch\u00e4tzte Lesezeit":"4\u00a0Minuten"},"schema":{"@context":"https:\/\/schema.org","@graph":[{"@type":"WebPage","@id":"https:\/\/staging.efdb.ch\/de\/team-und-organisation\/","url":"https:\/\/staging.efdb.ch\/de\/team-und-organisation\/","name":"Team und Organisation - EFDB","isPartOf":{"@id":"https:\/\/staging.efdb.ch\/de\/#website"},"datePublished":"2022-07-27T16:23:25+00:00","dateModified":"2023-03-09T18:14:55+00:00","breadcrumb":{"@id":"https:\/\/staging.efdb.ch\/de\/team-und-organisation\/#breadcrumb"},"inLanguage":"de","potentialAction":[{"@type":"ReadAction","target":["https:\/\/staging.efdb.ch\/de\/team-und-organisation\/"]}]},{"@type":"BreadcrumbList","@id":"https:\/\/staging.efdb.ch\/de\/team-und-organisation\/#breadcrumb","itemListElement":[{"@type":"ListItem","position":1,"name":"Accueil","item":"https:\/\/staging.efdb.ch\/de\/"},{"@type":"ListItem","position":2,"name":"Team und Organisation"}]},{"@type":"WebSite","@id":"https:\/\/staging.efdb.ch\/de\/#website","url":"https:\/\/staging.efdb.ch\/de\/","name":"EFDB","description":"\u00c9cole fran\u00e7aise de B\u00e2le","potentialAction":[{"@type":"SearchAction","target":{"@type":"EntryPoint","urlTemplate":"https:\/\/staging.efdb.ch\/de\/?s={search_term_string}"},"query-input":"required name=search_term_string"}],"inLanguage":"de"}]}},"_links":{"self":[{"href":"https:\/\/staging.efdb.ch\/de\/wp-json\/wp\/v2\/pages\/15085"}],"collection":[{"href":"https:\/\/staging.efdb.ch\/de\/wp-json\/wp\/v2\/pages"}],"about":[{"href":"https:\/\/staging.efdb.ch\/de\/wp-json\/wp\/v2\/types\/page"}],"author":[{"embeddable":true,"href":"https:\/\/staging.efdb.ch\/de\/wp-json\/wp\/v2\/users\/1"}],"replies":[{"embeddable":true,"href":"https:\/\/staging.efdb.ch\/de\/wp-json\/wp\/v2\/comments?post=15085"}],"version-history":[{"count":104,"href":"https:\/\/staging.efdb.ch\/de\/wp-json\/wp\/v2\/pages\/15085\/revisions"}],"predecessor-version":[{"id":17513,"href":"https:\/\/staging.efdb.ch\/de\/wp-json\/wp\/v2\/pages\/15085\/revisions\/17513"}],"wp:attachment":[{"href":"https:\/\/staging.efdb.ch\/de\/wp-json\/wp\/v2\/media?parent=15085"}],"curies":[{"name":"wp","href":"https:\/\/api.w.org\/{rel}","templated":true}]}}