{"id":15983,"date":"2022-11-21T16:27:10","date_gmt":"2022-11-21T14:27:10","guid":{"rendered":"https:\/\/www.efdb.ch\/?page_id=15983"},"modified":"2023-02-03T14:47:00","modified_gmt":"2023-02-03T12:47:00","slug":"zeitplane","status":"publish","type":"page","link":"https:\/\/staging.efdb.ch\/de\/zeitplane\/","title":{"rendered":"Zeitpl\u00e4ne"},"content":{"rendered":"<p>[et_pb_section fb_built=&#8220;1&#8243; admin_label=&#8220;section&#8220; _builder_version=&#8220;4.16&#8243; global_colors_info=&#8220;{}&#8220;][et_pb_row _builder_version=&#8220;4.17.6&#8243; _module_preset=&#8220;default&#8220; global_colors_info=&#8220;{}&#8220;][et_pb_column type=&#8220;4_4&#8243; _builder_version=&#8220;4.17.6&#8243; _module_preset=&#8220;default&#8220; global_colors_info=&#8220;{}&#8220;][et_pb_text _builder_version=&#8220;4.19.0&#8243; _module_preset=&#8220;default&#8220; global_colors_info=&#8220;{}&#8220;]<\/p>\n<h1>Zeitpl\u00e4ne<\/h1>\n<p>[\/et_pb_text][\/et_pb_column][\/et_pb_row][et_pb_row admin_label=&#8220;row&#8220; _builder_version=&#8220;4.16&#8243; background_size=&#8220;initial&#8220; background_position=&#8220;top_left&#8220; background_repeat=&#8220;repeat&#8220; global_colors_info=&#8220;{}&#8220;][et_pb_column type=&#8220;4_4&#8243; _builder_version=&#8220;4.16&#8243; custom_padding=&#8220;|||&#8220; global_colors_info=&#8220;{}&#8220; custom_padding__hover=&#8220;|||&#8220;][et_pb_text admin_label=&#8220;Text&#8220; _builder_version=&#8220;4.19.4&#8243; background_size=&#8220;initial&#8220; background_position=&#8220;top_left&#8220; background_repeat=&#8220;repeat&#8220; hover_enabled=&#8220;0&#8243; global_colors_info=&#8220;{}&#8220; sticky_enabled=&#8220;0&#8243;]<\/p>\n<p><strong>Emplois du temps 2022-2023:<\/strong><\/p>\n<ul>\n<li><a href=\"https:\/\/staging.efdb.ch\/wp-content\/uploads\/2022\/09\/emploi-du-temps-PS-2022-2023.pdf\" rel=\"attachment wp-att-15704\">Petite section 2022-2023<\/a><\/li>\n<li><a href=\"https:\/\/staging.efdb.ch\/wp-content\/uploads\/2022\/09\/emploi-du-temps-MS-22-23.pdf\" rel=\"attachment wp-att-15701\">Moyenne section 2022-2023<\/a><\/li>\n<li><a href=\"https:\/\/staging.efdb.ch\/wp-content\/uploads\/2022\/09\/Emploi-du-temps-GS-2022-2023.pdf\" rel=\"attachment wp-att-15707\">Grande section 2022-2023<\/a><\/li>\n<li><a href=\"https:\/\/staging.efdb.ch\/wp-content\/uploads\/2022\/05\/EDT-cp-a-6e-2021-22.pdf\">1. bis 6. Klasse<\/a><\/li>\n<\/ul>\n<p>[\/et_pb_text][\/et_pb_column][\/et_pb_row][\/et_pb_section]<\/p>\n","protected":false},"excerpt":{"rendered":"<p>Zeitpl\u00e4neEmplois du temps 2022-2023: Petite section 2022-2023 Moyenne section 2022-2023 Grande section 2022-2023 1. bis 6. Klasse<\/p>\n","protected":false},"author":1,"featured_media":0,"parent":0,"menu_order":0,"comment_status":"closed","ping_status":"closed","template":"","meta":{"_et_pb_use_builder":"on","_et_pb_old_content":"","_et_gb_content_width":""},"yoast_head":"<!-- This site is optimized with the Yoast SEO plugin v21.1 - https:\/\/yoast.com\/wordpress\/plugins\/seo\/ -->\n<title>Zeitpl\u00e4ne - EFDB<\/title>\n<meta name=\"robots\" content=\"index, follow, max-snippet:-1, max-image-preview:large, max-video-preview:-1\" \/>\n<link rel=\"canonical\" href=\"https:\/\/staging.efdb.ch\/de\/zeitplane\/\" \/>\n<meta property=\"og:locale\" content=\"de_DE\" \/>\n<meta property=\"og:type\" content=\"article\" \/>\n<meta property=\"og:title\" content=\"Zeitpl\u00e4ne - EFDB\" \/>\n<meta property=\"og:description\" content=\"Zeitpl\u00e4neEmplois du temps 2022-2023: Petite section 2022-2023 Moyenne section 2022-2023 Grande section 2022-2023 1. bis 6. Klasse\" \/>\n<meta property=\"og:url\" content=\"https:\/\/staging.efdb.ch\/de\/zeitplane\/\" \/>\n<meta property=\"og:site_name\" content=\"EFDB\" \/>\n<meta property=\"article:modified_time\" content=\"2023-02-03T12:47:00+00:00\" \/>\n<meta name=\"twitter:card\" content=\"summary_large_image\" \/>\n<meta name=\"twitter:label1\" content=\"Gesch\u00e4tzte Lesezeit\" \/>\n\t<meta name=\"twitter:data1\" content=\"1\u00a0Minute\" \/>\n<script type=\"application\/ld+json\" class=\"yoast-schema-graph\">{\"@context\":\"https:\/\/schema.org\",\"@graph\":[{\"@type\":\"WebPage\",\"@id\":\"https:\/\/staging.efdb.ch\/de\/zeitplane\/\",\"url\":\"https:\/\/staging.efdb.ch\/de\/zeitplane\/\",\"name\":\"Zeitpl\u00e4ne - EFDB\",\"isPartOf\":{\"@id\":\"https:\/\/staging.efdb.ch\/de\/#website\"},\"datePublished\":\"2022-11-21T14:27:10+00:00\",\"dateModified\":\"2023-02-03T12:47:00+00:00\",\"breadcrumb\":{\"@id\":\"https:\/\/staging.efdb.ch\/de\/zeitplane\/#breadcrumb\"},\"inLanguage\":\"de\",\"potentialAction\":[{\"@type\":\"ReadAction\",\"target\":[\"https:\/\/staging.efdb.ch\/de\/zeitplane\/\"]}]},{\"@type\":\"BreadcrumbList\",\"@id\":\"https:\/\/staging.efdb.ch\/de\/zeitplane\/#breadcrumb\",\"itemListElement\":[{\"@type\":\"ListItem\",\"position\":1,\"name\":\"Accueil\",\"item\":\"https:\/\/staging.efdb.ch\/de\/\"},{\"@type\":\"ListItem\",\"position\":2,\"name\":\"Zeitpl\u00e4ne\"}]},{\"@type\":\"WebSite\",\"@id\":\"https:\/\/staging.efdb.ch\/de\/#website\",\"url\":\"https:\/\/staging.efdb.ch\/de\/\",\"name\":\"EFDB\",\"description\":\"\u00c9cole fran\u00e7aise de B\u00e2le\",\"potentialAction\":[{\"@type\":\"SearchAction\",\"target\":{\"@type\":\"EntryPoint\",\"urlTemplate\":\"https:\/\/staging.efdb.ch\/de\/?s={search_term_string}\"},\"query-input\":\"required name=search_term_string\"}],\"inLanguage\":\"de\"}]}<\/script>\n<!-- \/ Yoast SEO plugin. -->","yoast_head_json":{"title":"Zeitpl\u00e4ne - EFDB","robots":{"index":"index","follow":"follow","max-snippet":"max-snippet:-1","max-image-preview":"max-image-preview:large","max-video-preview":"max-video-preview:-1"},"canonical":"https:\/\/staging.efdb.ch\/de\/zeitplane\/","og_locale":"de_DE","og_type":"article","og_title":"Zeitpl\u00e4ne - EFDB","og_description":"Zeitpl\u00e4neEmplois du temps 2022-2023: Petite section 2022-2023 Moyenne section 2022-2023 Grande section 2022-2023 1. bis 6. Klasse","og_url":"https:\/\/staging.efdb.ch\/de\/zeitplane\/","og_site_name":"EFDB","article_modified_time":"2023-02-03T12:47:00+00:00","twitter_card":"summary_large_image","twitter_misc":{"Gesch\u00e4tzte Lesezeit":"1\u00a0Minute"},"schema":{"@context":"https:\/\/schema.org","@graph":[{"@type":"WebPage","@id":"https:\/\/staging.efdb.ch\/de\/zeitplane\/","url":"https:\/\/staging.efdb.ch\/de\/zeitplane\/","name":"Zeitpl\u00e4ne - EFDB","isPartOf":{"@id":"https:\/\/staging.efdb.ch\/de\/#website"},"datePublished":"2022-11-21T14:27:10+00:00","dateModified":"2023-02-03T12:47:00+00:00","breadcrumb":{"@id":"https:\/\/staging.efdb.ch\/de\/zeitplane\/#breadcrumb"},"inLanguage":"de","potentialAction":[{"@type":"ReadAction","target":["https:\/\/staging.efdb.ch\/de\/zeitplane\/"]}]},{"@type":"BreadcrumbList","@id":"https:\/\/staging.efdb.ch\/de\/zeitplane\/#breadcrumb","itemListElement":[{"@type":"ListItem","position":1,"name":"Accueil","item":"https:\/\/staging.efdb.ch\/de\/"},{"@type":"ListItem","position":2,"name":"Zeitpl\u00e4ne"}]},{"@type":"WebSite","@id":"https:\/\/staging.efdb.ch\/de\/#website","url":"https:\/\/staging.efdb.ch\/de\/","name":"EFDB","description":"\u00c9cole fran\u00e7aise de B\u00e2le","potentialAction":[{"@type":"SearchAction","target":{"@type":"EntryPoint","urlTemplate":"https:\/\/staging.efdb.ch\/de\/?s={search_term_string}"},"query-input":"required name=search_term_string"}],"inLanguage":"de"}]}},"_links":{"self":[{"href":"https:\/\/staging.efdb.ch\/de\/wp-json\/wp\/v2\/pages\/15983"}],"collection":[{"href":"https:\/\/staging.efdb.ch\/de\/wp-json\/wp\/v2\/pages"}],"about":[{"href":"https:\/\/staging.efdb.ch\/de\/wp-json\/wp\/v2\/types\/page"}],"author":[{"embeddable":true,"href":"https:\/\/staging.efdb.ch\/de\/wp-json\/wp\/v2\/users\/1"}],"replies":[{"embeddable":true,"href":"https:\/\/staging.efdb.ch\/de\/wp-json\/wp\/v2\/comments?post=15983"}],"version-history":[{"count":14,"href":"https:\/\/staging.efdb.ch\/de\/wp-json\/wp\/v2\/pages\/15983\/revisions"}],"predecessor-version":[{"id":17361,"href":"https:\/\/staging.efdb.ch\/de\/wp-json\/wp\/v2\/pages\/15983\/revisions\/17361"}],"wp:attachment":[{"href":"https:\/\/staging.efdb.ch\/de\/wp-json\/wp\/v2\/media?parent=15983"}],"curies":[{"name":"wp","href":"https:\/\/api.w.org\/{rel}","templated":true}]}}