{"id":16310,"date":"2022-11-28T12:26:07","date_gmt":"2022-11-28T10:26:07","guid":{"rendered":"https:\/\/www.efdb.ch\/?page_id=16310"},"modified":"2023-02-03T14:40:32","modified_gmt":"2023-02-03T12:40:32","slug":"anmeldung","status":"publish","type":"page","link":"https:\/\/staging.efdb.ch\/de\/anmeldung\/","title":{"rendered":"Anmeldung"},"content":{"rendered":"<p>[et_pb_section fb_built=&#8220;1&#8243; _builder_version=&#8220;4.16&#8243; global_colors_info=&#8220;{}&#8220;][et_pb_row _builder_version=&#8220;4.16&#8243; background_size=&#8220;initial&#8220; background_position=&#8220;top_left&#8220; background_repeat=&#8220;repeat&#8220; global_colors_info=&#8220;{}&#8220;][et_pb_column type=&#8220;4_4&#8243; _builder_version=&#8220;4.16&#8243; custom_padding=&#8220;|||&#8220; global_colors_info=&#8220;{}&#8220; custom_padding__hover=&#8220;|||&#8220;][et_pb_text _builder_version=&#8220;4.16&#8243; global_colors_info=&#8220;{}&#8220;]<\/p>\n<h1>Anmeldung<\/h1>\n<p>Sollten Sie bereits einen Familienbereich haben, loggen Sie sich bitte dort ein, um Ihre Anmeldung vorzunehmen.<\/p>\n<p>[\/et_pb_text][et_pb_button button_url=&#8220;@ET-DC@eyJkeW5hbWljIjp0cnVlLCJjb250ZW50IjoicG9zdF9saW5rX3VybF9wYWdlIiwic2V0dGluZ3MiOnsicG9zdF9pZCI6IjQxNzkifX0=@&#8220; button_text=&#8220;Loggin zum Familienbereich&#8220; _builder_version=&#8220;4.19.4&#8243; custom_button=&#8220;on&#8220; button_text_color=&#8220;#ffffff&#8220; button_bg_color=&#8220;#d10a11&#8243; background_layout=&#8220;dark&#8220; hover_enabled=&#8220;0&#8243; global_colors_info=&#8220;{}&#8220; _dynamic_attributes=&#8220;button_url&#8220; sticky_enabled=&#8220;0&#8243;][\/et_pb_button][et_pb_text _builder_version=&#8220;4.19.1&#8243; _module_preset=&#8220;default&#8220; global_colors_info=&#8220;{}&#8220;]<\/p>\n<p>Oder<\/p>\n<p>[\/et_pb_text][et_pb_button button_url=&#8220;@ET-DC@eyJkeW5hbWljIjp0cnVlLCJjb250ZW50IjoicG9zdF9saW5rX3VybF9wYWdlIiwic2V0dGluZ3MiOnsicG9zdF9pZCI6IjE2MzIifX0=@&#8220; button_text=&#8220;Neuanmeldung an der EFDB&#8220; _builder_version=&#8220;4.19.4&#8243; _dynamic_attributes=&#8220;button_url&#8220; _module_preset=&#8220;default&#8220; global_colors_info=&#8220;{}&#8220;][\/et_pb_button][\/et_pb_column][\/et_pb_row][\/et_pb_section]<\/p>\n","protected":false},"excerpt":{"rendered":"<p>Anmeldung Sollten Sie bereits einen Familienbereich haben, loggen Sie sich bitte dort ein, um Ihre Anmeldung vorzunehmen. Oder<\/p>\n","protected":false},"author":1,"featured_media":0,"parent":0,"menu_order":0,"comment_status":"closed","ping_status":"closed","template":"","meta":{"_et_pb_use_builder":"on","_et_pb_old_content":"","_et_gb_content_width":""},"yoast_head":"<!-- This site is optimized with the Yoast SEO plugin v21.1 - https:\/\/yoast.com\/wordpress\/plugins\/seo\/ -->\n<title>Anmeldung - EFDB<\/title>\n<meta name=\"robots\" content=\"index, follow, max-snippet:-1, max-image-preview:large, max-video-preview:-1\" \/>\n<link rel=\"canonical\" href=\"https:\/\/staging.efdb.ch\/de\/anmeldung\/\" \/>\n<meta property=\"og:locale\" content=\"de_DE\" \/>\n<meta property=\"og:type\" content=\"article\" \/>\n<meta property=\"og:title\" content=\"Anmeldung - EFDB\" \/>\n<meta property=\"og:description\" content=\"Anmeldung Sollten Sie bereits einen Familienbereich haben, loggen Sie sich bitte dort ein, um Ihre Anmeldung vorzunehmen. Oder\" \/>\n<meta property=\"og:url\" content=\"https:\/\/staging.efdb.ch\/de\/anmeldung\/\" \/>\n<meta property=\"og:site_name\" content=\"EFDB\" \/>\n<meta property=\"article:modified_time\" content=\"2023-02-03T12:40:32+00:00\" \/>\n<meta name=\"twitter:card\" content=\"summary_large_image\" \/>\n<meta name=\"twitter:label1\" content=\"Gesch\u00e4tzte Lesezeit\" \/>\n\t<meta name=\"twitter:data1\" content=\"1\u00a0Minute\" \/>\n<script type=\"application\/ld+json\" class=\"yoast-schema-graph\">{\"@context\":\"https:\/\/schema.org\",\"@graph\":[{\"@type\":\"WebPage\",\"@id\":\"https:\/\/staging.efdb.ch\/de\/anmeldung\/\",\"url\":\"https:\/\/staging.efdb.ch\/de\/anmeldung\/\",\"name\":\"Anmeldung - EFDB\",\"isPartOf\":{\"@id\":\"https:\/\/staging.efdb.ch\/de\/#website\"},\"datePublished\":\"2022-11-28T10:26:07+00:00\",\"dateModified\":\"2023-02-03T12:40:32+00:00\",\"breadcrumb\":{\"@id\":\"https:\/\/staging.efdb.ch\/de\/anmeldung\/#breadcrumb\"},\"inLanguage\":\"de\",\"potentialAction\":[{\"@type\":\"ReadAction\",\"target\":[\"https:\/\/staging.efdb.ch\/de\/anmeldung\/\"]}]},{\"@type\":\"BreadcrumbList\",\"@id\":\"https:\/\/staging.efdb.ch\/de\/anmeldung\/#breadcrumb\",\"itemListElement\":[{\"@type\":\"ListItem\",\"position\":1,\"name\":\"Accueil\",\"item\":\"https:\/\/staging.efdb.ch\/de\/\"},{\"@type\":\"ListItem\",\"position\":2,\"name\":\"Anmeldung\"}]},{\"@type\":\"WebSite\",\"@id\":\"https:\/\/staging.efdb.ch\/de\/#website\",\"url\":\"https:\/\/staging.efdb.ch\/de\/\",\"name\":\"EFDB\",\"description\":\"\u00c9cole fran\u00e7aise de B\u00e2le\",\"potentialAction\":[{\"@type\":\"SearchAction\",\"target\":{\"@type\":\"EntryPoint\",\"urlTemplate\":\"https:\/\/staging.efdb.ch\/de\/?s={search_term_string}\"},\"query-input\":\"required name=search_term_string\"}],\"inLanguage\":\"de\"}]}<\/script>\n<!-- \/ Yoast SEO plugin. -->","yoast_head_json":{"title":"Anmeldung - EFDB","robots":{"index":"index","follow":"follow","max-snippet":"max-snippet:-1","max-image-preview":"max-image-preview:large","max-video-preview":"max-video-preview:-1"},"canonical":"https:\/\/staging.efdb.ch\/de\/anmeldung\/","og_locale":"de_DE","og_type":"article","og_title":"Anmeldung - EFDB","og_description":"Anmeldung Sollten Sie bereits einen Familienbereich haben, loggen Sie sich bitte dort ein, um Ihre Anmeldung vorzunehmen. Oder","og_url":"https:\/\/staging.efdb.ch\/de\/anmeldung\/","og_site_name":"EFDB","article_modified_time":"2023-02-03T12:40:32+00:00","twitter_card":"summary_large_image","twitter_misc":{"Gesch\u00e4tzte Lesezeit":"1\u00a0Minute"},"schema":{"@context":"https:\/\/schema.org","@graph":[{"@type":"WebPage","@id":"https:\/\/staging.efdb.ch\/de\/anmeldung\/","url":"https:\/\/staging.efdb.ch\/de\/anmeldung\/","name":"Anmeldung - EFDB","isPartOf":{"@id":"https:\/\/staging.efdb.ch\/de\/#website"},"datePublished":"2022-11-28T10:26:07+00:00","dateModified":"2023-02-03T12:40:32+00:00","breadcrumb":{"@id":"https:\/\/staging.efdb.ch\/de\/anmeldung\/#breadcrumb"},"inLanguage":"de","potentialAction":[{"@type":"ReadAction","target":["https:\/\/staging.efdb.ch\/de\/anmeldung\/"]}]},{"@type":"BreadcrumbList","@id":"https:\/\/staging.efdb.ch\/de\/anmeldung\/#breadcrumb","itemListElement":[{"@type":"ListItem","position":1,"name":"Accueil","item":"https:\/\/staging.efdb.ch\/de\/"},{"@type":"ListItem","position":2,"name":"Anmeldung"}]},{"@type":"WebSite","@id":"https:\/\/staging.efdb.ch\/de\/#website","url":"https:\/\/staging.efdb.ch\/de\/","name":"EFDB","description":"\u00c9cole fran\u00e7aise de B\u00e2le","potentialAction":[{"@type":"SearchAction","target":{"@type":"EntryPoint","urlTemplate":"https:\/\/staging.efdb.ch\/de\/?s={search_term_string}"},"query-input":"required name=search_term_string"}],"inLanguage":"de"}]}},"_links":{"self":[{"href":"https:\/\/staging.efdb.ch\/de\/wp-json\/wp\/v2\/pages\/16310"}],"collection":[{"href":"https:\/\/staging.efdb.ch\/de\/wp-json\/wp\/v2\/pages"}],"about":[{"href":"https:\/\/staging.efdb.ch\/de\/wp-json\/wp\/v2\/types\/page"}],"author":[{"embeddable":true,"href":"https:\/\/staging.efdb.ch\/de\/wp-json\/wp\/v2\/users\/1"}],"replies":[{"embeddable":true,"href":"https:\/\/staging.efdb.ch\/de\/wp-json\/wp\/v2\/comments?post=16310"}],"version-history":[{"count":27,"href":"https:\/\/staging.efdb.ch\/de\/wp-json\/wp\/v2\/pages\/16310\/revisions"}],"predecessor-version":[{"id":17346,"href":"https:\/\/staging.efdb.ch\/de\/wp-json\/wp\/v2\/pages\/16310\/revisions\/17346"}],"wp:attachment":[{"href":"https:\/\/staging.efdb.ch\/de\/wp-json\/wp\/v2\/media?parent=16310"}],"curies":[{"name":"wp","href":"https:\/\/api.w.org\/{rel}","templated":true}]}}