{"id":14206,"date":"2022-04-06T16:27:48","date_gmt":"2022-04-06T14:27:48","guid":{"rendered":"https:\/\/www.efdb.ch\/formulaires-adminsitratifs\/"},"modified":"2023-02-16T16:52:03","modified_gmt":"2023-02-16T14:52:03","slug":"administrative-forms","status":"publish","type":"page","link":"https:\/\/staging.efdb.ch\/en\/administrative-forms\/","title":{"rendered":"Administrative forms"},"content":{"rendered":"<p><strong>Forms specific to the Ecole Fran\u00e7aise de B\u00e2le<\/strong><\/p>\n<ul>\n<li><a href=\"https:\/\/staging.efdb.ch\/en\/power-of-attorney\/\">Demande de procuration<\/a> (online) OR <a href=\"https:\/\/staging.efdb.ch\/wp-content\/uploads\/2022\/03\/Formulaire-de-procuration.pdf\">Demande de procuration en format PDF\u00a0<\/a><\/li>\n<li><a href=\"https:\/\/staging.efdb.ch\/en\/disclaimer\/\">\u00a0 D\u00e9charge de responsabilit\u00e9<\/a> (online) OR\n<ul>\n<li><a href=\"https:\/\/staging.efdb.ch\/wp-content\/uploads\/2022\/03\/decharge-de-responsabilite.pdf\">d\u00e9charge de responsabilit\u00e9 ponctuelle en format PDF<\/a>,<\/li>\n<li><a href=\"https:\/\/staging.efdb.ch\/wp-content\/uploads\/2022\/03\/Decharge-de-responsabilite-annuelle.pdf\">d\u00e9charge de responsabilit\u00e9 annuelle en format PDF<\/a><\/li>\n<\/ul>\n<\/li>\n<li><a href=\"https:\/\/staging.efdb.ch\/en\/registration-to-the-holiday-camp\/\">Formulaire d&#8217;inscription au centre a\u00e9r\u00e9<\/a><\/li>\n<\/ul>\n<p>\u00a0 <strong>External forms:<\/strong><\/p>\n<ul>\n<li><a href=\"https:\/\/staging.efdb.ch\/wp-content\/uploads\/2018\/06\/Urlaubsgesuch_demande_dautorisation_.pdf\">Urlaubsgesuch (demande d&#8217;autorisation d&#8217;absence)<\/a><\/li>\n<li><a href=\"https:\/\/staging.efdb.ch\/wp-content\/uploads\/2022\/01\/2022-2023-Formulaire-de-demande-de-bourses-scolaires.pdf\">Formulaire de demande de bourse scolaire<\/a> (vous pouvez aussi consulter la <a href=\"https:\/\/staging.efdb.ch\/wp-content\/uploads\/2022\/05\/brochure-dinformation-aux-familles.pptx\" rel=\"attachment wp-att-14433\">brochure d&#8217;information aux familles<\/a> et\/ou la liste des <a href=\"https:\/\/staging.efdb.ch\/wp-content\/uploads\/2022\/01\/2022-2023-Pieces-justificatives-bourses.pdf\">pi\u00e8ces justificatives \u00e0 fournir<\/a>)<\/li>\n<li><a href=\"https:\/\/staging.efdb.ch\/wp-content\/uploads\/2018\/06\/cerfa_15646-01-autorisation-sortie-territoire.pdf\">Autorisation de sortie du territoire<\/a><\/li>\n<\/ul>\n","protected":false},"excerpt":{"rendered":"<p>Forms specific to the Ecole Fran\u00e7aise de B\u00e2le Demande de procuration (online) OR Demande de procuration en format PDF\u00a0 \u00a0 D\u00e9charge de responsabilit\u00e9 (online) OR d\u00e9charge de responsabilit\u00e9 ponctuelle en format PDF, d\u00e9charge de responsabilit\u00e9 annuelle en format PDF Formulaire d&#8217;inscription au centre a\u00e9r\u00e9 \u00a0 External forms: Urlaubsgesuch (demande d&#8217;autorisation d&#8217;absence) Formulaire de demande de [&hellip;]<\/p>\n","protected":false},"author":1,"featured_media":0,"parent":0,"menu_order":0,"comment_status":"closed","ping_status":"closed","template":"","meta":{"_et_pb_use_builder":"off","_et_pb_old_content":"","_et_gb_content_width":""},"yoast_head":"<!-- This site is optimized with the Yoast SEO plugin v21.1 - https:\/\/yoast.com\/wordpress\/plugins\/seo\/ -->\n<title>Administrative forms - EFDB<\/title>\n<meta name=\"robots\" content=\"index, follow, max-snippet:-1, max-image-preview:large, max-video-preview:-1\" \/>\n<link rel=\"canonical\" href=\"https:\/\/staging.efdb.ch\/en\/administrative-forms\/\" \/>\n<meta property=\"og:locale\" content=\"en_US\" \/>\n<meta property=\"og:type\" content=\"article\" \/>\n<meta property=\"og:title\" content=\"Administrative forms - EFDB\" \/>\n<meta property=\"og:description\" content=\"Forms specific to the Ecole Fran\u00e7aise de B\u00e2le Demande de procuration (online) OR Demande de procuration en format PDF\u00a0 \u00a0 D\u00e9charge de responsabilit\u00e9 (online) OR d\u00e9charge de responsabilit\u00e9 ponctuelle en format PDF, d\u00e9charge de responsabilit\u00e9 annuelle en format PDF Formulaire d&#8217;inscription au centre a\u00e9r\u00e9 \u00a0 External forms: Urlaubsgesuch (demande d&#8217;autorisation d&#8217;absence) Formulaire de demande de [&hellip;]\" \/>\n<meta property=\"og:url\" content=\"https:\/\/staging.efdb.ch\/en\/administrative-forms\/\" \/>\n<meta property=\"og:site_name\" content=\"EFDB\" \/>\n<meta property=\"article:modified_time\" content=\"2023-02-16T14:52:03+00:00\" \/>\n<meta name=\"twitter:card\" content=\"summary_large_image\" \/>\n<meta name=\"twitter:label1\" content=\"Est. reading time\" \/>\n\t<meta name=\"twitter:data1\" content=\"1 minute\" \/>\n<script type=\"application\/ld+json\" class=\"yoast-schema-graph\">{\"@context\":\"https:\/\/schema.org\",\"@graph\":[{\"@type\":\"WebPage\",\"@id\":\"https:\/\/staging.efdb.ch\/en\/administrative-forms\/\",\"url\":\"https:\/\/staging.efdb.ch\/en\/administrative-forms\/\",\"name\":\"Administrative forms - EFDB\",\"isPartOf\":{\"@id\":\"https:\/\/staging.efdb.ch\/en\/#website\"},\"datePublished\":\"2022-04-06T14:27:48+00:00\",\"dateModified\":\"2023-02-16T14:52:03+00:00\",\"breadcrumb\":{\"@id\":\"https:\/\/staging.efdb.ch\/en\/administrative-forms\/#breadcrumb\"},\"inLanguage\":\"en-US\",\"potentialAction\":[{\"@type\":\"ReadAction\",\"target\":[\"https:\/\/staging.efdb.ch\/en\/administrative-forms\/\"]}]},{\"@type\":\"BreadcrumbList\",\"@id\":\"https:\/\/staging.efdb.ch\/en\/administrative-forms\/#breadcrumb\",\"itemListElement\":[{\"@type\":\"ListItem\",\"position\":1,\"name\":\"Accueil\",\"item\":\"https:\/\/staging.efdb.ch\/en\/\"},{\"@type\":\"ListItem\",\"position\":2,\"name\":\"Administrative forms\"}]},{\"@type\":\"WebSite\",\"@id\":\"https:\/\/staging.efdb.ch\/en\/#website\",\"url\":\"https:\/\/staging.efdb.ch\/en\/\",\"name\":\"EFDB\",\"description\":\"\u00c9cole fran\u00e7aise de B\u00e2le\",\"potentialAction\":[{\"@type\":\"SearchAction\",\"target\":{\"@type\":\"EntryPoint\",\"urlTemplate\":\"https:\/\/staging.efdb.ch\/en\/?s={search_term_string}\"},\"query-input\":\"required name=search_term_string\"}],\"inLanguage\":\"en-US\"}]}<\/script>\n<!-- \/ Yoast SEO plugin. -->","yoast_head_json":{"title":"Administrative forms - EFDB","robots":{"index":"index","follow":"follow","max-snippet":"max-snippet:-1","max-image-preview":"max-image-preview:large","max-video-preview":"max-video-preview:-1"},"canonical":"https:\/\/staging.efdb.ch\/en\/administrative-forms\/","og_locale":"en_US","og_type":"article","og_title":"Administrative forms - EFDB","og_description":"Forms specific to the Ecole Fran\u00e7aise de B\u00e2le Demande de procuration (online) OR Demande de procuration en format PDF\u00a0 \u00a0 D\u00e9charge de responsabilit\u00e9 (online) OR d\u00e9charge de responsabilit\u00e9 ponctuelle en format PDF, d\u00e9charge de responsabilit\u00e9 annuelle en format PDF Formulaire d&#8217;inscription au centre a\u00e9r\u00e9 \u00a0 External forms: Urlaubsgesuch (demande d&#8217;autorisation d&#8217;absence) Formulaire de demande de [&hellip;]","og_url":"https:\/\/staging.efdb.ch\/en\/administrative-forms\/","og_site_name":"EFDB","article_modified_time":"2023-02-16T14:52:03+00:00","twitter_card":"summary_large_image","twitter_misc":{"Est. reading time":"1 minute"},"schema":{"@context":"https:\/\/schema.org","@graph":[{"@type":"WebPage","@id":"https:\/\/staging.efdb.ch\/en\/administrative-forms\/","url":"https:\/\/staging.efdb.ch\/en\/administrative-forms\/","name":"Administrative forms - EFDB","isPartOf":{"@id":"https:\/\/staging.efdb.ch\/en\/#website"},"datePublished":"2022-04-06T14:27:48+00:00","dateModified":"2023-02-16T14:52:03+00:00","breadcrumb":{"@id":"https:\/\/staging.efdb.ch\/en\/administrative-forms\/#breadcrumb"},"inLanguage":"en-US","potentialAction":[{"@type":"ReadAction","target":["https:\/\/staging.efdb.ch\/en\/administrative-forms\/"]}]},{"@type":"BreadcrumbList","@id":"https:\/\/staging.efdb.ch\/en\/administrative-forms\/#breadcrumb","itemListElement":[{"@type":"ListItem","position":1,"name":"Accueil","item":"https:\/\/staging.efdb.ch\/en\/"},{"@type":"ListItem","position":2,"name":"Administrative forms"}]},{"@type":"WebSite","@id":"https:\/\/staging.efdb.ch\/en\/#website","url":"https:\/\/staging.efdb.ch\/en\/","name":"EFDB","description":"\u00c9cole fran\u00e7aise de B\u00e2le","potentialAction":[{"@type":"SearchAction","target":{"@type":"EntryPoint","urlTemplate":"https:\/\/staging.efdb.ch\/en\/?s={search_term_string}"},"query-input":"required name=search_term_string"}],"inLanguage":"en-US"}]}},"_links":{"self":[{"href":"https:\/\/staging.efdb.ch\/en\/wp-json\/wp\/v2\/pages\/14206"}],"collection":[{"href":"https:\/\/staging.efdb.ch\/en\/wp-json\/wp\/v2\/pages"}],"about":[{"href":"https:\/\/staging.efdb.ch\/en\/wp-json\/wp\/v2\/types\/page"}],"author":[{"embeddable":true,"href":"https:\/\/staging.efdb.ch\/en\/wp-json\/wp\/v2\/users\/1"}],"replies":[{"embeddable":true,"href":"https:\/\/staging.efdb.ch\/en\/wp-json\/wp\/v2\/comments?post=14206"}],"version-history":[{"count":27,"href":"https:\/\/staging.efdb.ch\/en\/wp-json\/wp\/v2\/pages\/14206\/revisions"}],"predecessor-version":[{"id":17398,"href":"https:\/\/staging.efdb.ch\/en\/wp-json\/wp\/v2\/pages\/14206\/revisions\/17398"}],"wp:attachment":[{"href":"https:\/\/staging.efdb.ch\/en\/wp-json\/wp\/v2\/media?parent=14206"}],"curies":[{"name":"wp","href":"https:\/\/api.w.org\/{rel}","templated":true}]}}