{"id":15800,"date":"2022-10-04T09:53:12","date_gmt":"2022-10-04T07:53:12","guid":{"rendered":"https:\/\/www.efdb.ch\/school-life\/documents\/"},"modified":"2022-11-21T17:12:10","modified_gmt":"2022-11-21T15:12:10","slug":"supplies","status":"publish","type":"page","link":"https:\/\/staging.efdb.ch\/en\/supplies\/","title":{"rendered":"Supplies"},"content":{"rendered":"<p>[et_pb_section fb_built=&#8221;1&#8243; admin_label=&#8221;section&#8221; _builder_version=&#8221;4.16&#8243; global_colors_info=&#8221;{}&#8221;][et_pb_row _builder_version=&#8221;4.17.6&#8243; _module_preset=&#8221;default&#8221; global_colors_info=&#8221;{}&#8221;][et_pb_column type=&#8221;4_4&#8243; _builder_version=&#8221;4.17.6&#8243; _module_preset=&#8221;default&#8221; global_colors_info=&#8221;{}&#8221;][et_pb_text _builder_version=&#8221;4.19.0&#8243; _module_preset=&#8221;default&#8221; global_colors_info=&#8221;{}&#8221;]<\/p>\n<h1>School supplies<\/h1>\n<p>[\/et_pb_text][\/et_pb_column][\/et_pb_row][et_pb_row admin_label=&#8221;row&#8221; _builder_version=&#8221;4.16&#8243; background_size=&#8221;initial&#8221; background_position=&#8221;top_left&#8221; background_repeat=&#8221;repeat&#8221; global_colors_info=&#8221;{}&#8221;][et_pb_column type=&#8221;4_4&#8243; _builder_version=&#8221;4.16&#8243; custom_padding=&#8221;|||&#8221; global_colors_info=&#8221;{}&#8221; custom_padding__hover=&#8221;|||&#8221;][et_pb_text admin_label=&#8221;Text&#8221; _builder_version=&#8221;4.19.0&#8243; background_size=&#8221;initial&#8221; background_position=&#8221;top_left&#8221; background_repeat=&#8221;repeat&#8221; global_colors_info=&#8221;{}&#8221;]<\/p>\n<p><strong>Fournitures scolaires:<\/strong><\/p>\n<ul>\n<li><a href=\"https:\/\/staging.efdb.ch\/wp-content\/uploads\/2022\/09\/Fournitures-Petits-2022-2023.pdf\" rel=\"attachment wp-att-15410\">Fournitures Petits 2022-2023<\/a><\/li>\n<li><a href=\"https:\/\/staging.efdb.ch\/wp-content\/uploads\/2022\/09\/Fournitures-Moyens-2022-2023.pdf\" rel=\"attachment wp-att-15413\">Fournitures Moyens 2022-2023<\/a><\/li>\n<li><a href=\"https:\/\/staging.efdb.ch\/wp-content\/uploads\/2022\/09\/Fournitures-Grands-2022-2023.pdf\" rel=\"attachment wp-att-15416\">Fournitures Grands 2022-2023<\/a><\/li>\n<li><a href=\"https:\/\/staging.efdb.ch\/wp-content\/uploads\/2021\/07\/CP-Liste-de-fournitures-scolaires-EFDB-2021-2022.pdf\">CP<\/a><\/li>\n<li><a href=\"https:\/\/staging.efdb.ch\/wp-content\/uploads\/2021\/07\/CE1-Liste-de-fournitures-scolaires-EFDB-2021-2022.pdf\">CE1<\/a><\/li>\n<li><a href=\"https:\/\/staging.efdb.ch\/wp-content\/uploads\/2021\/07\/CE2-Liste-de-fournitures-scolaires-EFDB-2021-2022.pdf\">CE2<\/a><\/li>\n<li><a href=\"https:\/\/staging.efdb.ch\/wp-content\/uploads\/2021\/07\/CM1_CM2_6eme-Liste-de-fournitures-scolaires-EFDB-2021-2022.pdf\">CM1, CM2, 6e<\/a><\/li>\n<\/ul>\n<p>[\/et_pb_text][\/et_pb_column][\/et_pb_row][\/et_pb_section]<\/p>\n","protected":false},"excerpt":{"rendered":"<p>School suppliesFournitures scolaires: Fournitures Petits 2022-2023 Fournitures Moyens 2022-2023 Fournitures Grands 2022-2023 CP CE1 CE2 CM1, CM2, 6e<\/p>\n","protected":false},"author":2,"featured_media":0,"parent":0,"menu_order":0,"comment_status":"closed","ping_status":"closed","template":"","meta":{"_et_pb_use_builder":"on","_et_pb_old_content":"","_et_gb_content_width":""},"yoast_head":"<!-- This site is optimized with the Yoast SEO plugin v21.1 - https:\/\/yoast.com\/wordpress\/plugins\/seo\/ -->\n<title>Supplies - EFDB<\/title>\n<meta name=\"robots\" content=\"index, follow, max-snippet:-1, max-image-preview:large, max-video-preview:-1\" \/>\n<link rel=\"canonical\" href=\"https:\/\/staging.efdb.ch\/en\/supplies\/\" \/>\n<meta property=\"og:locale\" content=\"en_US\" \/>\n<meta property=\"og:type\" content=\"article\" \/>\n<meta property=\"og:title\" content=\"Supplies - EFDB\" \/>\n<meta property=\"og:description\" content=\"School suppliesFournitures scolaires: Fournitures Petits 2022-2023 Fournitures Moyens 2022-2023 Fournitures Grands 2022-2023 CP CE1 CE2 CM1, CM2, 6e\" \/>\n<meta property=\"og:url\" content=\"https:\/\/staging.efdb.ch\/en\/supplies\/\" \/>\n<meta property=\"og:site_name\" content=\"EFDB\" \/>\n<meta property=\"article:modified_time\" content=\"2022-11-21T15:12:10+00:00\" \/>\n<meta name=\"twitter:card\" content=\"summary_large_image\" \/>\n<meta name=\"twitter:label1\" content=\"Est. reading time\" \/>\n\t<meta name=\"twitter:data1\" content=\"1 minute\" \/>\n<script type=\"application\/ld+json\" class=\"yoast-schema-graph\">{\"@context\":\"https:\/\/schema.org\",\"@graph\":[{\"@type\":\"WebPage\",\"@id\":\"https:\/\/staging.efdb.ch\/en\/supplies\/\",\"url\":\"https:\/\/staging.efdb.ch\/en\/supplies\/\",\"name\":\"Supplies - EFDB\",\"isPartOf\":{\"@id\":\"https:\/\/staging.efdb.ch\/en\/#website\"},\"datePublished\":\"2022-10-04T07:53:12+00:00\",\"dateModified\":\"2022-11-21T15:12:10+00:00\",\"breadcrumb\":{\"@id\":\"https:\/\/staging.efdb.ch\/en\/supplies\/#breadcrumb\"},\"inLanguage\":\"en-US\",\"potentialAction\":[{\"@type\":\"ReadAction\",\"target\":[\"https:\/\/staging.efdb.ch\/en\/supplies\/\"]}]},{\"@type\":\"BreadcrumbList\",\"@id\":\"https:\/\/staging.efdb.ch\/en\/supplies\/#breadcrumb\",\"itemListElement\":[{\"@type\":\"ListItem\",\"position\":1,\"name\":\"Accueil\",\"item\":\"https:\/\/staging.efdb.ch\/en\/\"},{\"@type\":\"ListItem\",\"position\":2,\"name\":\"Supplies\"}]},{\"@type\":\"WebSite\",\"@id\":\"https:\/\/staging.efdb.ch\/en\/#website\",\"url\":\"https:\/\/staging.efdb.ch\/en\/\",\"name\":\"EFDB\",\"description\":\"\u00c9cole fran\u00e7aise de B\u00e2le\",\"potentialAction\":[{\"@type\":\"SearchAction\",\"target\":{\"@type\":\"EntryPoint\",\"urlTemplate\":\"https:\/\/staging.efdb.ch\/en\/?s={search_term_string}\"},\"query-input\":\"required name=search_term_string\"}],\"inLanguage\":\"en-US\"}]}<\/script>\n<!-- \/ Yoast SEO plugin. -->","yoast_head_json":{"title":"Supplies - EFDB","robots":{"index":"index","follow":"follow","max-snippet":"max-snippet:-1","max-image-preview":"max-image-preview:large","max-video-preview":"max-video-preview:-1"},"canonical":"https:\/\/staging.efdb.ch\/en\/supplies\/","og_locale":"en_US","og_type":"article","og_title":"Supplies - EFDB","og_description":"School suppliesFournitures scolaires: Fournitures Petits 2022-2023 Fournitures Moyens 2022-2023 Fournitures Grands 2022-2023 CP CE1 CE2 CM1, CM2, 6e","og_url":"https:\/\/staging.efdb.ch\/en\/supplies\/","og_site_name":"EFDB","article_modified_time":"2022-11-21T15:12:10+00:00","twitter_card":"summary_large_image","twitter_misc":{"Est. reading time":"1 minute"},"schema":{"@context":"https:\/\/schema.org","@graph":[{"@type":"WebPage","@id":"https:\/\/staging.efdb.ch\/en\/supplies\/","url":"https:\/\/staging.efdb.ch\/en\/supplies\/","name":"Supplies - EFDB","isPartOf":{"@id":"https:\/\/staging.efdb.ch\/en\/#website"},"datePublished":"2022-10-04T07:53:12+00:00","dateModified":"2022-11-21T15:12:10+00:00","breadcrumb":{"@id":"https:\/\/staging.efdb.ch\/en\/supplies\/#breadcrumb"},"inLanguage":"en-US","potentialAction":[{"@type":"ReadAction","target":["https:\/\/staging.efdb.ch\/en\/supplies\/"]}]},{"@type":"BreadcrumbList","@id":"https:\/\/staging.efdb.ch\/en\/supplies\/#breadcrumb","itemListElement":[{"@type":"ListItem","position":1,"name":"Accueil","item":"https:\/\/staging.efdb.ch\/en\/"},{"@type":"ListItem","position":2,"name":"Supplies"}]},{"@type":"WebSite","@id":"https:\/\/staging.efdb.ch\/en\/#website","url":"https:\/\/staging.efdb.ch\/en\/","name":"EFDB","description":"\u00c9cole fran\u00e7aise de B\u00e2le","potentialAction":[{"@type":"SearchAction","target":{"@type":"EntryPoint","urlTemplate":"https:\/\/staging.efdb.ch\/en\/?s={search_term_string}"},"query-input":"required name=search_term_string"}],"inLanguage":"en-US"}]}},"_links":{"self":[{"href":"https:\/\/staging.efdb.ch\/en\/wp-json\/wp\/v2\/pages\/15800"}],"collection":[{"href":"https:\/\/staging.efdb.ch\/en\/wp-json\/wp\/v2\/pages"}],"about":[{"href":"https:\/\/staging.efdb.ch\/en\/wp-json\/wp\/v2\/types\/page"}],"author":[{"embeddable":true,"href":"https:\/\/staging.efdb.ch\/en\/wp-json\/wp\/v2\/users\/2"}],"replies":[{"embeddable":true,"href":"https:\/\/staging.efdb.ch\/en\/wp-json\/wp\/v2\/comments?post=15800"}],"version-history":[{"count":6,"href":"https:\/\/staging.efdb.ch\/en\/wp-json\/wp\/v2\/pages\/15800\/revisions"}],"predecessor-version":[{"id":16141,"href":"https:\/\/staging.efdb.ch\/en\/wp-json\/wp\/v2\/pages\/15800\/revisions\/16141"}],"wp:attachment":[{"href":"https:\/\/staging.efdb.ch\/en\/wp-json\/wp\/v2\/media?parent=15800"}],"curies":[{"name":"wp","href":"https:\/\/api.w.org\/{rel}","templated":true}]}}