{"id":15971,"date":"2022-11-21T16:11:20","date_gmt":"2022-11-21T14:11:20","guid":{"rendered":"https:\/\/www.efdb.ch\/?page_id=15971"},"modified":"2023-06-03T20:00:47","modified_gmt":"2023-06-03T18:00:47","slug":"calendars","status":"publish","type":"page","link":"https:\/\/staging.efdb.ch\/en\/calendars\/","title":{"rendered":"Calendars"},"content":{"rendered":"<p>[et_pb_section fb_built=&#8221;1&#8243; admin_label=&#8221;section&#8221; _builder_version=&#8221;4.16&#8243; global_colors_info=&#8221;{}&#8221;][et_pb_row _builder_version=&#8221;4.17.6&#8243; _module_preset=&#8221;default&#8221; global_colors_info=&#8221;{}&#8221;][et_pb_column type=&#8221;4_4&#8243; _builder_version=&#8221;4.17.6&#8243; _module_preset=&#8221;default&#8221; global_colors_info=&#8221;{}&#8221;][et_pb_text _builder_version=&#8221;4.17.6&#8243; _module_preset=&#8221;default&#8221; global_colors_info=&#8221;{}&#8221;]<\/p>\n<h1>Calendars<\/h1>\n<p>[\/et_pb_text][\/et_pb_column][\/et_pb_row][et_pb_row admin_label=&#8221;row&#8221; _builder_version=&#8221;4.16&#8243; background_size=&#8221;initial&#8221; background_position=&#8221;top_left&#8221; background_repeat=&#8221;repeat&#8221; global_colors_info=&#8221;{}&#8221;][et_pb_column type=&#8221;4_4&#8243; _builder_version=&#8221;4.16&#8243; custom_padding=&#8221;|||&#8221; global_colors_info=&#8221;{}&#8221; custom_padding__hover=&#8221;|||&#8221;][et_pb_text admin_label=&#8221;Text&#8221; _builder_version=&#8221;4.20.2&#8243; background_size=&#8221;initial&#8221; background_position=&#8221;top_left&#8221; background_repeat=&#8221;repeat&#8221; hover_enabled=&#8221;0&#8243; global_colors_info=&#8221;{}&#8221; sticky_enabled=&#8221;0&#8243;]<\/p>\n<p><strong>Schedule of the school holidays:<\/strong><\/p>\n<ul>\n<li>Elementary and Maternelle :\n<ul>\n<li><a href=\"https:\/\/staging.efdb.ch\/wp-content\/uploads\/2022\/03\/Calendrier-des-vacances-et-conges-scolaires-2022-2023.pdf\">School holidays 2022-2023<\/a><\/li>\n<li><a href=\"https:\/\/staging.efdb.ch\/wp-content\/uploads\/2023\/05\/Calendrier-EFDB-des-vacances-et-conges-scolaires-2023-2024.pdf\" rel=\"attachment wp-att-17876\">School holiday 2023-2024<\/a><\/li>\n<\/ul>\n<\/li>\n<li>Daycare :\n<ul>\n<li><a href=\"https:\/\/staging.efdb.ch\/wp-content\/uploads\/2022\/05\/Calendrier-creche-2022-2023.pdf\">Schedule Cr\u00e8che 2022-2023<\/a><\/li>\n<li><a href=\"https:\/\/staging.efdb.ch\/wp-content\/uploads\/2023\/05\/Calendrier-creche-2023-2024.pdf\" rel=\"attachment wp-att-17931\">Schedule Cr\u00e8che 2023-2024<\/a><\/li>\n<\/ul>\n<\/li>\n<\/ul>\n<p>&nbsp;<\/p>\n<p>[\/et_pb_text][\/et_pb_column][\/et_pb_row][\/et_pb_section]<\/p>\n","protected":false},"excerpt":{"rendered":"<p>CalendarsSchedule of the school holidays: Elementary and Maternelle : School holidays 2022-2023 School holiday 2023-2024 Daycare : Schedule Cr\u00e8che 2022-2023 Schedule Cr\u00e8che 2023-2024 &nbsp;<\/p>\n","protected":false},"author":1,"featured_media":0,"parent":0,"menu_order":0,"comment_status":"closed","ping_status":"closed","template":"","meta":{"_et_pb_use_builder":"on","_et_pb_old_content":"","_et_gb_content_width":""},"yoast_head":"<!-- This site is optimized with the Yoast SEO plugin v21.1 - https:\/\/yoast.com\/wordpress\/plugins\/seo\/ -->\n<title>Calendars - EFDB<\/title>\n<meta name=\"robots\" content=\"index, follow, max-snippet:-1, max-image-preview:large, max-video-preview:-1\" \/>\n<link rel=\"canonical\" href=\"https:\/\/staging.efdb.ch\/en\/calendars\/\" \/>\n<meta property=\"og:locale\" content=\"en_US\" \/>\n<meta property=\"og:type\" content=\"article\" \/>\n<meta property=\"og:title\" content=\"Calendars - EFDB\" \/>\n<meta property=\"og:description\" content=\"CalendarsSchedule of the school holidays: Elementary and Maternelle : School holidays 2022-2023 School holiday 2023-2024 Daycare : Schedule Cr\u00e8che 2022-2023 Schedule Cr\u00e8che 2023-2024 &nbsp;\" \/>\n<meta property=\"og:url\" content=\"https:\/\/staging.efdb.ch\/en\/calendars\/\" \/>\n<meta property=\"og:site_name\" content=\"EFDB\" \/>\n<meta property=\"article:modified_time\" content=\"2023-06-03T18:00:47+00:00\" \/>\n<meta name=\"twitter:card\" content=\"summary_large_image\" \/>\n<meta name=\"twitter:label1\" content=\"Est. reading time\" \/>\n\t<meta name=\"twitter:data1\" content=\"1 minute\" \/>\n<script type=\"application\/ld+json\" class=\"yoast-schema-graph\">{\"@context\":\"https:\/\/schema.org\",\"@graph\":[{\"@type\":\"WebPage\",\"@id\":\"https:\/\/staging.efdb.ch\/en\/calendars\/\",\"url\":\"https:\/\/staging.efdb.ch\/en\/calendars\/\",\"name\":\"Calendars - EFDB\",\"isPartOf\":{\"@id\":\"https:\/\/staging.efdb.ch\/en\/#website\"},\"datePublished\":\"2022-11-21T14:11:20+00:00\",\"dateModified\":\"2023-06-03T18:00:47+00:00\",\"breadcrumb\":{\"@id\":\"https:\/\/staging.efdb.ch\/en\/calendars\/#breadcrumb\"},\"inLanguage\":\"en-US\",\"potentialAction\":[{\"@type\":\"ReadAction\",\"target\":[\"https:\/\/staging.efdb.ch\/en\/calendars\/\"]}]},{\"@type\":\"BreadcrumbList\",\"@id\":\"https:\/\/staging.efdb.ch\/en\/calendars\/#breadcrumb\",\"itemListElement\":[{\"@type\":\"ListItem\",\"position\":1,\"name\":\"Accueil\",\"item\":\"https:\/\/staging.efdb.ch\/en\/\"},{\"@type\":\"ListItem\",\"position\":2,\"name\":\"Calendars\"}]},{\"@type\":\"WebSite\",\"@id\":\"https:\/\/staging.efdb.ch\/en\/#website\",\"url\":\"https:\/\/staging.efdb.ch\/en\/\",\"name\":\"EFDB\",\"description\":\"\u00c9cole fran\u00e7aise de B\u00e2le\",\"potentialAction\":[{\"@type\":\"SearchAction\",\"target\":{\"@type\":\"EntryPoint\",\"urlTemplate\":\"https:\/\/staging.efdb.ch\/en\/?s={search_term_string}\"},\"query-input\":\"required name=search_term_string\"}],\"inLanguage\":\"en-US\"}]}<\/script>\n<!-- \/ Yoast SEO plugin. -->","yoast_head_json":{"title":"Calendars - EFDB","robots":{"index":"index","follow":"follow","max-snippet":"max-snippet:-1","max-image-preview":"max-image-preview:large","max-video-preview":"max-video-preview:-1"},"canonical":"https:\/\/staging.efdb.ch\/en\/calendars\/","og_locale":"en_US","og_type":"article","og_title":"Calendars - EFDB","og_description":"CalendarsSchedule of the school holidays: Elementary and Maternelle : School holidays 2022-2023 School holiday 2023-2024 Daycare : Schedule Cr\u00e8che 2022-2023 Schedule Cr\u00e8che 2023-2024 &nbsp;","og_url":"https:\/\/staging.efdb.ch\/en\/calendars\/","og_site_name":"EFDB","article_modified_time":"2023-06-03T18:00:47+00:00","twitter_card":"summary_large_image","twitter_misc":{"Est. reading time":"1 minute"},"schema":{"@context":"https:\/\/schema.org","@graph":[{"@type":"WebPage","@id":"https:\/\/staging.efdb.ch\/en\/calendars\/","url":"https:\/\/staging.efdb.ch\/en\/calendars\/","name":"Calendars - EFDB","isPartOf":{"@id":"https:\/\/staging.efdb.ch\/en\/#website"},"datePublished":"2022-11-21T14:11:20+00:00","dateModified":"2023-06-03T18:00:47+00:00","breadcrumb":{"@id":"https:\/\/staging.efdb.ch\/en\/calendars\/#breadcrumb"},"inLanguage":"en-US","potentialAction":[{"@type":"ReadAction","target":["https:\/\/staging.efdb.ch\/en\/calendars\/"]}]},{"@type":"BreadcrumbList","@id":"https:\/\/staging.efdb.ch\/en\/calendars\/#breadcrumb","itemListElement":[{"@type":"ListItem","position":1,"name":"Accueil","item":"https:\/\/staging.efdb.ch\/en\/"},{"@type":"ListItem","position":2,"name":"Calendars"}]},{"@type":"WebSite","@id":"https:\/\/staging.efdb.ch\/en\/#website","url":"https:\/\/staging.efdb.ch\/en\/","name":"EFDB","description":"\u00c9cole fran\u00e7aise de B\u00e2le","potentialAction":[{"@type":"SearchAction","target":{"@type":"EntryPoint","urlTemplate":"https:\/\/staging.efdb.ch\/en\/?s={search_term_string}"},"query-input":"required name=search_term_string"}],"inLanguage":"en-US"}]}},"_links":{"self":[{"href":"https:\/\/staging.efdb.ch\/en\/wp-json\/wp\/v2\/pages\/15971"}],"collection":[{"href":"https:\/\/staging.efdb.ch\/en\/wp-json\/wp\/v2\/pages"}],"about":[{"href":"https:\/\/staging.efdb.ch\/en\/wp-json\/wp\/v2\/types\/page"}],"author":[{"embeddable":true,"href":"https:\/\/staging.efdb.ch\/en\/wp-json\/wp\/v2\/users\/1"}],"replies":[{"embeddable":true,"href":"https:\/\/staging.efdb.ch\/en\/wp-json\/wp\/v2\/comments?post=15971"}],"version-history":[{"count":17,"href":"https:\/\/staging.efdb.ch\/en\/wp-json\/wp\/v2\/pages\/15971\/revisions"}],"predecessor-version":[{"id":18002,"href":"https:\/\/staging.efdb.ch\/en\/wp-json\/wp\/v2\/pages\/15971\/revisions\/18002"}],"wp:attachment":[{"href":"https:\/\/staging.efdb.ch\/en\/wp-json\/wp\/v2\/media?parent=15971"}],"curies":[{"name":"wp","href":"https:\/\/api.w.org\/{rel}","templated":true}]}}