{"id":2684,"date":"2018-03-01T10:51:53","date_gmt":"2018-03-01T09:51:53","guid":{"rendered":"http:\/\/pprspnga.preview.infomaniak.website\/holiday-camp\/"},"modified":"2023-03-16T22:26:15","modified_gmt":"2023-03-16T20:26:15","slug":"holiday-camp","status":"publish","type":"page","link":"https:\/\/staging.efdb.ch\/en\/school-life\/holiday-camp\/","title":{"rendered":"Holiday camp"},"content":{"rendered":"<p>[et_pb_section fb_built=&#8221;1&#8243; fullwidth=&#8221;on&#8221; _builder_version=&#8221;4.16&#8243; global_colors_info=&#8221;{}&#8221;][et_pb_fullwidth_slider admin_label=&#8221;Fullwidth Slider&#8221; _builder_version=&#8221;4.16&#8243; custom_padding=&#8221;|||&#8221; global_colors_info=&#8221;{}&#8221; button_text_size__hover_enabled=&#8221;off&#8221; button_one_text_size__hover_enabled=&#8221;off&#8221; button_two_text_size__hover_enabled=&#8221;off&#8221; button_text_color__hover_enabled=&#8221;off&#8221; button_one_text_color__hover_enabled=&#8221;off&#8221; button_two_text_color__hover_enabled=&#8221;off&#8221; button_border_width__hover_enabled=&#8221;off&#8221; button_one_border_width__hover_enabled=&#8221;off&#8221; button_two_border_width__hover_enabled=&#8221;off&#8221; button_border_color__hover_enabled=&#8221;off&#8221; button_one_border_color__hover_enabled=&#8221;off&#8221; button_two_border_color__hover_enabled=&#8221;off&#8221; button_border_radius__hover_enabled=&#8221;off&#8221; button_one_border_radius__hover_enabled=&#8221;off&#8221; button_two_border_radius__hover_enabled=&#8221;off&#8221; button_letter_spacing__hover_enabled=&#8221;off&#8221; button_one_letter_spacing__hover_enabled=&#8221;off&#8221; button_two_letter_spacing__hover_enabled=&#8221;off&#8221; button_bg_color__hover_enabled=&#8221;off&#8221; button_one_bg_color__hover_enabled=&#8221;off&#8221; button_two_bg_color__hover_enabled=&#8221;off&#8221;][et_pb_slide heading=&#8221;%22Holiday tune%22&#8243; use_bg_overlay=&#8221;on&#8221; use_text_overlay=&#8221;off&#8221; _builder_version=&#8221;4.16&#8243; background_color=&#8221;#ffffff&#8221; background_image=&#8221;https:\/\/staging.efdb.ch\/wp-content\/uploads\/2019\/10\/DSC6686.jpg&#8221; background_enable_image=&#8221;on&#8221; button_on_hover=&#8221;on&#8221; global_colors_info=&#8221;{}&#8221; button_text_size__hover_enabled=&#8221;off&#8221; button_one_text_size__hover_enabled=&#8221;off&#8221; button_two_text_size__hover_enabled=&#8221;off&#8221; button_text_color__hover_enabled=&#8221;off&#8221; button_one_text_color__hover_enabled=&#8221;off&#8221; button_two_text_color__hover_enabled=&#8221;off&#8221; button_border_width__hover_enabled=&#8221;off&#8221; button_one_border_width__hover_enabled=&#8221;off&#8221; button_two_border_width__hover_enabled=&#8221;off&#8221; button_border_color__hover_enabled=&#8221;off&#8221; button_one_border_color__hover_enabled=&#8221;off&#8221; button_two_border_color__hover_enabled=&#8221;off&#8221; button_border_radius__hover_enabled=&#8221;off&#8221; button_one_border_radius__hover_enabled=&#8221;off&#8221; button_two_border_radius__hover_enabled=&#8221;off&#8221; button_letter_spacing__hover_enabled=&#8221;off&#8221; button_one_letter_spacing__hover_enabled=&#8221;off&#8221; button_two_letter_spacing__hover_enabled=&#8221;off&#8221; button_bg_color__hover_enabled=&#8221;off&#8221; button_one_bg_color__hover_enabled=&#8221;off&#8221; button_two_bg_color__hover_enabled=&#8221;off&#8221; sticky_transition=&#8221;on&#8221;]<\/p>\n<p>The EFDB holiday camp during school holidays<\/p>\n<p>[\/et_pb_slide][\/et_pb_fullwidth_slider][\/et_pb_section][et_pb_section fb_built=&#8221;1&#8243; _builder_version=&#8221;4.16&#8243; global_colors_info=&#8221;{}&#8221;][et_pb_row _builder_version=&#8221;4.16&#8243; global_colors_info=&#8221;{}&#8221;][et_pb_column type=&#8221;4_4&#8243; _builder_version=&#8221;4.16&#8243; custom_padding=&#8221;|||&#8221; global_colors_info=&#8221;{}&#8221; custom_padding__hover=&#8221;|||&#8221;][et_pb_text admin_label=&#8221;Titre&#8221; _builder_version=&#8221;4.19.4&#8243; hover_enabled=&#8221;0&#8243; global_colors_info=&#8221;{}&#8221; sticky_enabled=&#8221;0&#8243;]<\/p>\n<h2>Holiday camp during Spring break<\/h2>\n<h2>Yahoo, holidays are here ! We will enjoy this time to :<\/h2>\n<p>move, explore, do DYI, sing, discover, enjoy yummy treats and laugh !<\/p>\n<p>\u00a0WELCOME TO OUR HOLIDAY CAMP<\/p>\n<p><strong><span style=\"font-size: xx-large; color: #6957cc;\">From\u00a0 17 to 28 April <\/span><strong style=\"color: #6957cc; font-size: xx-large;\">2023<\/strong><\/strong><\/p>\n<p>The Ecole Fran\u00e7aise de B\u00e2le welcomes your children for a joyful, educative program\u00a0 !<\/p>\n<p>Our qualified and dynamic team is preparing a program with various activities at the school specially prepared for that, and also in various locations around the Basel area.<\/p>\n<p>\u00a0Our \u201cHoliday tune\u201d is available<\/p>\n<p>for children from<strong> 3 (born in 2019) to 12<\/strong>, from 7:30 to 18:30.<\/p>\n<p>Ask for the\u00a0<a href=\"https:\/\/staging.efdb.ch\/wp-content\/uploads\/2023\/03\/programme-avril-2023.pdf\">spring 2023 program !<\/a><\/p>\n<p>Registration<\/p>\n<ul>\n<li><a href=\"https:\/\/staging.efdb.ch\/en\/registration-to-the-holiday-camp\/\" rel=\"attachment wp-att-13529\">Registration form<\/a><\/li>\n<\/ul>\n<p>Send your registration until\u00a0<strong>31 March 2023<\/strong>\u00a0:\u00a0<a href=\"mailto:centreaere@efdb.ch\">centreaere@efdb.ch<\/a><\/p>\n<p>[\/et_pb_text][et_pb_button button_url=&#8221;@ET-DC@eyJkeW5hbWljIjp0cnVlLCJjb250ZW50IjoicG9zdF9saW5rX3VybF9wYWdlIiwic2V0dGluZ3MiOnsicG9zdF9pZCI6IjE0MjYzIn19@&#8221; button_text=&#8221;Registration to the holiday camp&#8221; disabled_on=&#8221;off|off|off&#8221; _builder_version=&#8221;4.19.4&#8243; _dynamic_attributes=&#8221;button_url&#8221; _module_preset=&#8221;default&#8221; hover_enabled=&#8221;0&#8243; global_colors_info=&#8221;{}&#8221; sticky_enabled=&#8221;0&#8243;][\/et_pb_button][\/et_pb_column][\/et_pb_row][et_pb_row _builder_version=&#8221;4.16&#8243; global_colors_info=&#8221;{}&#8221;][et_pb_column type=&#8221;4_4&#8243; _builder_version=&#8221;4.16&#8243; custom_padding=&#8221;|||&#8221; global_colors_info=&#8221;{}&#8221; custom_padding__hover=&#8221;|||&#8221;][et_pb_text disabled_on=&#8221;off|off|off&#8221; admin_label=&#8221;Tarifs &#038; inscription&#8221; _builder_version=&#8221;4.19.4&#8243; hover_enabled=&#8221;0&#8243; global_colors_info=&#8221;{}&#8221; sticky_enabled=&#8221;0&#8243;]<\/p>\n<p><strong>Practical information<\/strong>\u00a0:<\/p>\n<p><strong>Drop off<\/strong>\u00a0from 7:30 to 9:30<\/p>\n<p><strong>Pick-up<\/strong>\u00a0from 16:00 to 18:30<\/p>\n<p><strong><u>Where<\/u><\/strong>: at the EFDB\u00a0<strong>Section maternelle<\/strong>\u00a0(tel 061 271 75 72)<\/p>\n<p>Dornacherstrasse 192, 4053 Basel<\/p>\n<p><strong><u>How<\/u>:<\/strong>\u00a0with a qualified and dynamic team who will offer an adapted program.<\/p>\n<p><u><strong>And here are the <a href=\"https:\/\/staging.efdb.ch\/wp-content\/uploads\/2023\/03\/Tarifs-et-Conditions-Generales-centres-aeres-2022-23-VF.pdf\">prices of the holiday camp.<\/a><\/strong><\/u><\/p>\n<p style=\"text-align: center;\">\u00a0<\/p>\n<p>[\/et_pb_text][\/et_pb_column][\/et_pb_row][\/et_pb_section]<\/p>\n","protected":false},"excerpt":{"rendered":"<p>The EFDB holiday camp during school holidays Holiday camp during Spring break Yahoo, holidays are here ! We will enjoy this time to : move, explore, do DYI, sing, discover, enjoy yummy treats and laugh ! \u00a0WELCOME TO OUR HOLIDAY CAMP From\u00a0 17 to 28 April 2023 The Ecole Fran\u00e7aise de B\u00e2le welcomes your children [&hellip;]<\/p>\n","protected":false},"author":1,"featured_media":0,"parent":2714,"menu_order":0,"comment_status":"closed","ping_status":"closed","template":"","meta":{"_et_pb_use_builder":"on","_et_pb_old_content":"","_et_gb_content_width":""},"yoast_head":"<!-- This site is optimized with the Yoast SEO plugin v21.1 - https:\/\/yoast.com\/wordpress\/plugins\/seo\/ -->\n<title>Holiday camp - EFDB<\/title>\n<meta name=\"robots\" content=\"index, follow, max-snippet:-1, max-image-preview:large, max-video-preview:-1\" \/>\n<link rel=\"canonical\" href=\"https:\/\/staging.efdb.ch\/en\/school-life\/holiday-camp\/\" \/>\n<meta property=\"og:locale\" content=\"en_US\" \/>\n<meta property=\"og:type\" content=\"article\" \/>\n<meta property=\"og:title\" content=\"Holiday camp - EFDB\" \/>\n<meta property=\"og:description\" content=\"The EFDB holiday camp during school holidays Holiday camp during Spring break Yahoo, holidays are here ! We will enjoy this time to : move, explore, do DYI, sing, discover, enjoy yummy treats and laugh ! \u00a0WELCOME TO OUR HOLIDAY CAMP From\u00a0 17 to 28 April 2023 The Ecole Fran\u00e7aise de B\u00e2le welcomes your children [&hellip;]\" \/>\n<meta property=\"og:url\" content=\"https:\/\/staging.efdb.ch\/en\/school-life\/holiday-camp\/\" \/>\n<meta property=\"og:site_name\" content=\"EFDB\" \/>\n<meta property=\"article:modified_time\" content=\"2023-03-16T20:26:15+00:00\" \/>\n<meta name=\"twitter:card\" content=\"summary_large_image\" \/>\n<meta name=\"twitter:label1\" content=\"Est. reading time\" \/>\n\t<meta name=\"twitter:data1\" content=\"3 minutes\" \/>\n<script type=\"application\/ld+json\" class=\"yoast-schema-graph\">{\"@context\":\"https:\/\/schema.org\",\"@graph\":[{\"@type\":\"WebPage\",\"@id\":\"https:\/\/staging.efdb.ch\/en\/school-life\/holiday-camp\/\",\"url\":\"https:\/\/staging.efdb.ch\/en\/school-life\/holiday-camp\/\",\"name\":\"Holiday camp - EFDB\",\"isPartOf\":{\"@id\":\"https:\/\/staging.efdb.ch\/en\/#website\"},\"datePublished\":\"2018-03-01T09:51:53+00:00\",\"dateModified\":\"2023-03-16T20:26:15+00:00\",\"breadcrumb\":{\"@id\":\"https:\/\/staging.efdb.ch\/en\/school-life\/holiday-camp\/#breadcrumb\"},\"inLanguage\":\"en-US\",\"potentialAction\":[{\"@type\":\"ReadAction\",\"target\":[\"https:\/\/staging.efdb.ch\/en\/school-life\/holiday-camp\/\"]}]},{\"@type\":\"BreadcrumbList\",\"@id\":\"https:\/\/staging.efdb.ch\/en\/school-life\/holiday-camp\/#breadcrumb\",\"itemListElement\":[{\"@type\":\"ListItem\",\"position\":1,\"name\":\"Accueil\",\"item\":\"https:\/\/staging.efdb.ch\/en\/\"},{\"@type\":\"ListItem\",\"position\":2,\"name\":\"School life\",\"item\":\"https:\/\/staging.efdb.ch\/en\/vie-scolaire\/\"},{\"@type\":\"ListItem\",\"position\":3,\"name\":\"Holiday camp\"}]},{\"@type\":\"WebSite\",\"@id\":\"https:\/\/staging.efdb.ch\/en\/#website\",\"url\":\"https:\/\/staging.efdb.ch\/en\/\",\"name\":\"EFDB\",\"description\":\"\u00c9cole fran\u00e7aise de B\u00e2le\",\"potentialAction\":[{\"@type\":\"SearchAction\",\"target\":{\"@type\":\"EntryPoint\",\"urlTemplate\":\"https:\/\/staging.efdb.ch\/en\/?s={search_term_string}\"},\"query-input\":\"required name=search_term_string\"}],\"inLanguage\":\"en-US\"}]}<\/script>\n<!-- \/ Yoast SEO plugin. -->","yoast_head_json":{"title":"Holiday camp - EFDB","robots":{"index":"index","follow":"follow","max-snippet":"max-snippet:-1","max-image-preview":"max-image-preview:large","max-video-preview":"max-video-preview:-1"},"canonical":"https:\/\/staging.efdb.ch\/en\/school-life\/holiday-camp\/","og_locale":"en_US","og_type":"article","og_title":"Holiday camp - EFDB","og_description":"The EFDB holiday camp during school holidays Holiday camp during Spring break Yahoo, holidays are here ! We will enjoy this time to : move, explore, do DYI, sing, discover, enjoy yummy treats and laugh ! \u00a0WELCOME TO OUR HOLIDAY CAMP From\u00a0 17 to 28 April 2023 The Ecole Fran\u00e7aise de B\u00e2le welcomes your children [&hellip;]","og_url":"https:\/\/staging.efdb.ch\/en\/school-life\/holiday-camp\/","og_site_name":"EFDB","article_modified_time":"2023-03-16T20:26:15+00:00","twitter_card":"summary_large_image","twitter_misc":{"Est. reading time":"3 minutes"},"schema":{"@context":"https:\/\/schema.org","@graph":[{"@type":"WebPage","@id":"https:\/\/staging.efdb.ch\/en\/school-life\/holiday-camp\/","url":"https:\/\/staging.efdb.ch\/en\/school-life\/holiday-camp\/","name":"Holiday camp - EFDB","isPartOf":{"@id":"https:\/\/staging.efdb.ch\/en\/#website"},"datePublished":"2018-03-01T09:51:53+00:00","dateModified":"2023-03-16T20:26:15+00:00","breadcrumb":{"@id":"https:\/\/staging.efdb.ch\/en\/school-life\/holiday-camp\/#breadcrumb"},"inLanguage":"en-US","potentialAction":[{"@type":"ReadAction","target":["https:\/\/staging.efdb.ch\/en\/school-life\/holiday-camp\/"]}]},{"@type":"BreadcrumbList","@id":"https:\/\/staging.efdb.ch\/en\/school-life\/holiday-camp\/#breadcrumb","itemListElement":[{"@type":"ListItem","position":1,"name":"Accueil","item":"https:\/\/staging.efdb.ch\/en\/"},{"@type":"ListItem","position":2,"name":"School life","item":"https:\/\/staging.efdb.ch\/en\/vie-scolaire\/"},{"@type":"ListItem","position":3,"name":"Holiday camp"}]},{"@type":"WebSite","@id":"https:\/\/staging.efdb.ch\/en\/#website","url":"https:\/\/staging.efdb.ch\/en\/","name":"EFDB","description":"\u00c9cole fran\u00e7aise de B\u00e2le","potentialAction":[{"@type":"SearchAction","target":{"@type":"EntryPoint","urlTemplate":"https:\/\/staging.efdb.ch\/en\/?s={search_term_string}"},"query-input":"required name=search_term_string"}],"inLanguage":"en-US"}]}},"_links":{"self":[{"href":"https:\/\/staging.efdb.ch\/en\/wp-json\/wp\/v2\/pages\/2684"}],"collection":[{"href":"https:\/\/staging.efdb.ch\/en\/wp-json\/wp\/v2\/pages"}],"about":[{"href":"https:\/\/staging.efdb.ch\/en\/wp-json\/wp\/v2\/types\/page"}],"author":[{"embeddable":true,"href":"https:\/\/staging.efdb.ch\/en\/wp-json\/wp\/v2\/users\/1"}],"replies":[{"embeddable":true,"href":"https:\/\/staging.efdb.ch\/en\/wp-json\/wp\/v2\/comments?post=2684"}],"version-history":[{"count":60,"href":"https:\/\/staging.efdb.ch\/en\/wp-json\/wp\/v2\/pages\/2684\/revisions"}],"predecessor-version":[{"id":17675,"href":"https:\/\/staging.efdb.ch\/en\/wp-json\/wp\/v2\/pages\/2684\/revisions\/17675"}],"up":[{"embeddable":true,"href":"https:\/\/staging.efdb.ch\/en\/wp-json\/wp\/v2\/pages\/2714"}],"wp:attachment":[{"href":"https:\/\/staging.efdb.ch\/en\/wp-json\/wp\/v2\/media?parent=2684"}],"curies":[{"name":"wp","href":"https:\/\/api.w.org\/{rel}","templated":true}]}}