{"id":2740,"date":"2018-03-01T14:11:42","date_gmt":"2018-03-01T13:11:42","guid":{"rendered":"http:\/\/pprspnga.preview.infomaniak.website\/the-school\/"},"modified":"2023-01-31T19:44:45","modified_gmt":"2023-01-31T17:44:45","slug":"the-school","status":"publish","type":"page","link":"https:\/\/staging.efdb.ch\/en\/the-school\/","title":{"rendered":"The school"},"content":{"rendered":"<p>[et_pb_section fb_built=&#8221;1&#8243; fullwidth=&#8221;on&#8221; _builder_version=&#8221;4.16&#8243; global_colors_info=&#8221;{}&#8221;][et_pb_fullwidth_slider admin_label=&#8221;Fullwidth Slider&#8221; _builder_version=&#8221;4.19.4&#8243; custom_padding=&#8221;|||&#8221; custom_padding_tablet=&#8221;|||&#8221; custom_padding_phone=&#8221;|||&#8221; hover_enabled=&#8221;0&#8243; box_shadow_style=&#8221;preset6&#8243; box_shadow_blur=&#8221;10px&#8221; box_shadow_color=&#8221;rgba(0,0,0,0.1)&#8221; global_colors_info=&#8221;{}&#8221; button_text_size__hover_enabled=&#8221;off&#8221; button_one_text_size__hover_enabled=&#8221;off&#8221; button_two_text_size__hover_enabled=&#8221;off&#8221; button_text_color__hover_enabled=&#8221;off&#8221; button_one_text_color__hover_enabled=&#8221;off&#8221; button_two_text_color__hover_enabled=&#8221;off&#8221; button_border_width__hover_enabled=&#8221;off&#8221; button_one_border_width__hover_enabled=&#8221;off&#8221; button_two_border_width__hover_enabled=&#8221;off&#8221; button_border_color__hover_enabled=&#8221;off&#8221; button_one_border_color__hover_enabled=&#8221;off&#8221; button_two_border_color__hover_enabled=&#8221;off&#8221; button_border_radius__hover_enabled=&#8221;off&#8221; button_one_border_radius__hover_enabled=&#8221;off&#8221; button_two_border_radius__hover_enabled=&#8221;off&#8221; button_letter_spacing__hover_enabled=&#8221;off&#8221; button_one_letter_spacing__hover_enabled=&#8221;off&#8221; button_two_letter_spacing__hover_enabled=&#8221;off&#8221; button_bg_color__hover_enabled=&#8221;off&#8221; button_one_bg_color__hover_enabled=&#8221;off&#8221; button_two_bg_color__hover_enabled=&#8221;off&#8221; sticky_enabled=&#8221;0&#8243;][et_pb_slide heading=&#8221;L&#039;\u00c9cole Fran\u00e7aise de B\u00e2le &#8221; use_bg_overlay=&#8221;on&#8221; _builder_version=&#8221;4.19.4&#8243; background_color=&#8221;#ffffff&#8221; background_image=&#8221;https:\/\/staging.efdb.ch\/wp-content\/uploads\/2019\/10\/DSC6948-e1572210682222.jpg&#8221; background_enable_image=&#8221;on&#8221; hover_enabled=&#8221;0&#8243; global_colors_info=&#8221;{}&#8221; button_text_size__hover_enabled=&#8221;off&#8221; button_one_text_size__hover_enabled=&#8221;off&#8221; button_two_text_size__hover_enabled=&#8221;off&#8221; button_text_color__hover_enabled=&#8221;off&#8221; button_one_text_color__hover_enabled=&#8221;off&#8221; button_two_text_color__hover_enabled=&#8221;off&#8221; button_border_width__hover_enabled=&#8221;off&#8221; button_one_border_width__hover_enabled=&#8221;off&#8221; button_two_border_width__hover_enabled=&#8221;off&#8221; button_border_color__hover_enabled=&#8221;off&#8221; button_one_border_color__hover_enabled=&#8221;off&#8221; button_two_border_color__hover_enabled=&#8221;off&#8221; button_border_radius__hover_enabled=&#8221;off&#8221; button_one_border_radius__hover_enabled=&#8221;off&#8221; button_two_border_radius__hover_enabled=&#8221;off&#8221; button_letter_spacing__hover_enabled=&#8221;off&#8221; button_one_letter_spacing__hover_enabled=&#8221;off&#8221; button_two_letter_spacing__hover_enabled=&#8221;off&#8221; button_bg_color__hover_enabled=&#8221;off&#8221; button_one_bg_color__hover_enabled=&#8221;off&#8221; button_two_bg_color__hover_enabled=&#8221;off&#8221; sticky_transition=&#8221;on&#8221; sticky_enabled=&#8221;0&#8243;]<\/p>\n<p>Organization, Missions and Projects<\/p>\n<p>[\/et_pb_slide][\/et_pb_fullwidth_slider][\/et_pb_section][et_pb_section fb_built=&#8221;1&#8243; specialty=&#8221;on&#8221; _builder_version=&#8221;4.16&#8243; global_colors_info=&#8221;{}&#8221;][et_pb_column type=&#8221;2_3&#8243; specialty_columns=&#8221;2&#8243; _builder_version=&#8221;4.16&#8243; custom_padding=&#8221;|||&#8221; global_colors_info=&#8221;{}&#8221; parallax__hover=&#8221;off&#8221; parallax_method__hover=&#8221;on&#8221; custom_padding__hover=&#8221;|||&#8221;][et_pb_row_inner admin_label=&#8221;Ligne&#8221; _builder_version=&#8221;4.16&#8243; global_colors_info=&#8221;{}&#8221;][et_pb_column_inner saved_specialty_column_type=&#8221;2_3&#8243; _builder_version=&#8221;4.16&#8243; custom_padding=&#8221;|||&#8221; global_colors_info=&#8221;{}&#8221; parallax__hover=&#8221;off&#8221; parallax_method__hover=&#8221;on&#8221; custom_padding__hover=&#8221;|||&#8221;][et_pb_text admin_label=&#8221;Organisation de l&#8217;\u00e9cole&#8221; _builder_version=&#8221;4.16&#8243; global_colors_info=&#8221;{}&#8221;]<\/p>\n<h2>School organisation<\/h2>\n<p>[\/et_pb_text][et_pb_video src=&#8221;https:\/\/www.youtube.com\/watch?v=Med9H5WBs5s&#8221; _builder_version=&#8221;4.16&#8243; global_colors_info=&#8221;{}&#8221;]<\/p>\n<p>[\/et_pb_video][\/et_pb_column_inner][\/et_pb_row_inner][et_pb_row_inner admin_label=&#8221;Ligne&#8221; _builder_version=&#8221;4.16&#8243; custom_padding=&#8221;37px|||||&#8221; global_colors_info=&#8221;{}&#8221;][et_pb_column_inner saved_specialty_column_type=&#8221;2_3&#8243; _builder_version=&#8221;4.16&#8243; custom_padding=&#8221;|||&#8221; global_colors_info=&#8221;{}&#8221; parallax__hover=&#8221;off&#8221; parallax_method__hover=&#8221;on&#8221; custom_padding__hover=&#8221;|||&#8221;][et_pb_text admin_label=&#8221;Missions et Projets&#8221; _builder_version=&#8221;4.19.2&#8243; global_colors_info=&#8221;{}&#8221;]<\/p>\n<p><a href=\"https:\/\/staging.efdb.ch\/wp-content\/uploads\/2022\/01\/Livret-daccueil-EFDB-FR-2022.01.18.pdf\" rel=\"attachment wp-att-13526\">Welcome leaflet EFDB &#8211; FR &#8211; 2022.01.18<\/a><\/p>\n<p><a href=\"https:\/\/staging.efdb.ch\/wp-content\/uploads\/2022\/01\/Livret-daccueil-EFDB-DE-2022.01.18.pdf\" rel=\"attachment wp-att-13529\">Welcome leaflet EFDB &#8211; DE &#8211; 2022.01.18<\/a><\/p>\n<p><a href=\"https:\/\/staging.efdb.ch\/wp-content\/uploads\/2022\/01\/Livret-daccueil-EFDB-EN-2022.01.18.pdf\" rel=\"attachment wp-att-13532\">Welcome leaflet EFDB &#8211; EN &#8211; 2022.01.18<\/a><\/p>\n<p>The school <a href=\"https:\/\/staging.efdb.ch\/wp-content\/uploads\/2018\/02\/Statuts-de-l_EFDB-du-17-f\u00e9vrier-2011-sign\u00e9s.pdf\">Statutes<\/a>.<\/p>\n<p>The <a href=\"https:\/\/staging.efdb.ch\/wp-content\/uploads\/2023\/01\/Reglement-interieur-EFDB-2022-2023.pdf\">school handbook<\/a>\u00a0<\/p>\n<p>[\/et_pb_text][\/et_pb_column_inner][\/et_pb_row_inner][\/et_pb_column][et_pb_column type=&#8221;1_3&#8243; _builder_version=&#8221;4.16&#8243; custom_padding=&#8221;|||&#8221; global_colors_info=&#8221;{}&#8221; parallax__hover=&#8221;off&#8221; parallax_method__hover=&#8221;on&#8221; custom_padding__hover=&#8221;|||&#8221;][et_pb_text admin_label=&#8221;EFDB&#8221; _builder_version=&#8221;4.16&#8243; global_colors_info=&#8221;{}&#8221;]Founded in 1884, Ecole Fran\u00e7aise de B\u00e2le is the only school in the canton approved by the Agence de l&#8217;Enseignement Fran\u00e7ais \u00e0 l&#8217;Etranger (AEFE) and is also controlled by the Basel-Stadt Ministry of Education and the Strasbourg Academy.<br \/>\n[\/et_pb_text][et_pb_text admin_label=&#8221;Partenaires&#8221; _builder_version=&#8221;4.16&#8243; global_colors_info=&#8221;{}&#8221;]<\/p>\n<h3>Partnerships<\/h3>\n<ul>\n<li><a href=\"http:\/\/www.aefe.fr\/\" target=\"_blank\" rel=\"noopener\">AEFE<\/a><\/li>\n<li><a href=\"http:\/\/www.education.gouv.fr\/\" target=\"_blank\" rel=\"noopener\">French\u00a0Ministry of National Education<\/a><\/li>\n<li><a href=\"http:\/\/www.ed.bs.ch\/\" target=\"_blank\" rel=\"noopener\">Erziehungsdepartement of Basel-Stadt<\/a><\/li>\n<\/ul>\n<p>[\/et_pb_text][et_pb_image src=&#8221;https:\/\/staging.efdb.ch\/wp-content\/uploads\/2021\/09\/delf-goethe-cambridge-combines-1.png&#8221; alt=&#8221;Certifications&#8221; title_text=&#8221;delf goethe cambridge combin\u00e9s&#8221; _builder_version=&#8221;4.16&#8243; _module_preset=&#8221;default&#8221; global_colors_info=&#8221;{}&#8221;][\/et_pb_image][et_pb_image src=&#8221;https:\/\/staging.efdb.ch\/wp-content\/uploads\/2021\/09\/certification-efe3d-niveau1.png&#8221; title_text=&#8221;certification-efe3d-niveau1&#8243; _builder_version=&#8221;4.16&#8243; _module_preset=&#8221;default&#8221; global_colors_info=&#8221;{}&#8221;][\/et_pb_image][\/et_pb_column][\/et_pb_section]<\/p>\n","protected":false},"excerpt":{"rendered":"<p>Organization, Missions and ProjectsSchool organisation Welcome leaflet EFDB &#8211; FR &#8211; 2022.01.18 Welcome leaflet EFDB &#8211; DE &#8211; 2022.01.18 Welcome leaflet EFDB &#8211; EN &#8211; 2022.01.18 The school Statutes. The school handbook\u00a0Founded in 1884, Ecole Fran\u00e7aise de B\u00e2le is the only school in the canton approved by the Agence de l&#8217;Enseignement Fran\u00e7ais \u00e0 l&#8217;Etranger (AEFE) [&hellip;]<\/p>\n","protected":false},"author":1,"featured_media":0,"parent":0,"menu_order":0,"comment_status":"closed","ping_status":"closed","template":"","meta":{"_et_pb_use_builder":"on","_et_pb_old_content":"","_et_gb_content_width":""},"yoast_head":"<!-- This site is optimized with the Yoast SEO plugin v21.1 - https:\/\/yoast.com\/wordpress\/plugins\/seo\/ -->\n<title>The school - EFDB<\/title>\n<meta name=\"robots\" content=\"index, follow, max-snippet:-1, max-image-preview:large, max-video-preview:-1\" \/>\n<link rel=\"canonical\" href=\"https:\/\/staging.efdb.ch\/en\/the-school\/\" \/>\n<meta property=\"og:locale\" content=\"en_US\" \/>\n<meta property=\"og:type\" content=\"article\" \/>\n<meta property=\"og:title\" content=\"The school - EFDB\" \/>\n<meta property=\"og:description\" content=\"Organization, Missions and ProjectsSchool organisation Welcome leaflet EFDB - FR - 2022.01.18 Welcome leaflet EFDB - DE - 2022.01.18 Welcome leaflet EFDB - EN - 2022.01.18 The school Statutes. The school handbook\u00a0Founded in 1884, Ecole Fran\u00e7aise de B\u00e2le is the only school in the canton approved by the Agence de l&#039;Enseignement Fran\u00e7ais \u00e0 l&#039;Etranger (AEFE) [&hellip;]\" \/>\n<meta property=\"og:url\" content=\"https:\/\/staging.efdb.ch\/en\/the-school\/\" \/>\n<meta property=\"og:site_name\" content=\"EFDB\" \/>\n<meta property=\"article:modified_time\" content=\"2023-01-31T17:44:45+00:00\" \/>\n<meta name=\"twitter:card\" content=\"summary_large_image\" \/>\n<meta name=\"twitter:label1\" content=\"Est. reading time\" \/>\n\t<meta name=\"twitter:data1\" content=\"4 minutes\" \/>\n<script type=\"application\/ld+json\" class=\"yoast-schema-graph\">{\"@context\":\"https:\/\/schema.org\",\"@graph\":[{\"@type\":\"WebPage\",\"@id\":\"https:\/\/staging.efdb.ch\/en\/the-school\/\",\"url\":\"https:\/\/staging.efdb.ch\/en\/the-school\/\",\"name\":\"The school - EFDB\",\"isPartOf\":{\"@id\":\"https:\/\/staging.efdb.ch\/en\/#website\"},\"datePublished\":\"2018-03-01T13:11:42+00:00\",\"dateModified\":\"2023-01-31T17:44:45+00:00\",\"breadcrumb\":{\"@id\":\"https:\/\/staging.efdb.ch\/en\/the-school\/#breadcrumb\"},\"inLanguage\":\"en-US\",\"potentialAction\":[{\"@type\":\"ReadAction\",\"target\":[\"https:\/\/staging.efdb.ch\/en\/the-school\/\"]}]},{\"@type\":\"BreadcrumbList\",\"@id\":\"https:\/\/staging.efdb.ch\/en\/the-school\/#breadcrumb\",\"itemListElement\":[{\"@type\":\"ListItem\",\"position\":1,\"name\":\"Accueil\",\"item\":\"https:\/\/staging.efdb.ch\/en\/\"},{\"@type\":\"ListItem\",\"position\":2,\"name\":\"The school\"}]},{\"@type\":\"WebSite\",\"@id\":\"https:\/\/staging.efdb.ch\/en\/#website\",\"url\":\"https:\/\/staging.efdb.ch\/en\/\",\"name\":\"EFDB\",\"description\":\"\u00c9cole fran\u00e7aise de B\u00e2le\",\"potentialAction\":[{\"@type\":\"SearchAction\",\"target\":{\"@type\":\"EntryPoint\",\"urlTemplate\":\"https:\/\/staging.efdb.ch\/en\/?s={search_term_string}\"},\"query-input\":\"required name=search_term_string\"}],\"inLanguage\":\"en-US\"}]}<\/script>\n<!-- \/ Yoast SEO plugin. -->","yoast_head_json":{"title":"The school - EFDB","robots":{"index":"index","follow":"follow","max-snippet":"max-snippet:-1","max-image-preview":"max-image-preview:large","max-video-preview":"max-video-preview:-1"},"canonical":"https:\/\/staging.efdb.ch\/en\/the-school\/","og_locale":"en_US","og_type":"article","og_title":"The school - EFDB","og_description":"Organization, Missions and ProjectsSchool organisation Welcome leaflet EFDB - FR - 2022.01.18 Welcome leaflet EFDB - DE - 2022.01.18 Welcome leaflet EFDB - EN - 2022.01.18 The school Statutes. The school handbook\u00a0Founded in 1884, Ecole Fran\u00e7aise de B\u00e2le is the only school in the canton approved by the Agence de l'Enseignement Fran\u00e7ais \u00e0 l'Etranger (AEFE) [&hellip;]","og_url":"https:\/\/staging.efdb.ch\/en\/the-school\/","og_site_name":"EFDB","article_modified_time":"2023-01-31T17:44:45+00:00","twitter_card":"summary_large_image","twitter_misc":{"Est. reading time":"4 minutes"},"schema":{"@context":"https:\/\/schema.org","@graph":[{"@type":"WebPage","@id":"https:\/\/staging.efdb.ch\/en\/the-school\/","url":"https:\/\/staging.efdb.ch\/en\/the-school\/","name":"The school - EFDB","isPartOf":{"@id":"https:\/\/staging.efdb.ch\/en\/#website"},"datePublished":"2018-03-01T13:11:42+00:00","dateModified":"2023-01-31T17:44:45+00:00","breadcrumb":{"@id":"https:\/\/staging.efdb.ch\/en\/the-school\/#breadcrumb"},"inLanguage":"en-US","potentialAction":[{"@type":"ReadAction","target":["https:\/\/staging.efdb.ch\/en\/the-school\/"]}]},{"@type":"BreadcrumbList","@id":"https:\/\/staging.efdb.ch\/en\/the-school\/#breadcrumb","itemListElement":[{"@type":"ListItem","position":1,"name":"Accueil","item":"https:\/\/staging.efdb.ch\/en\/"},{"@type":"ListItem","position":2,"name":"The school"}]},{"@type":"WebSite","@id":"https:\/\/staging.efdb.ch\/en\/#website","url":"https:\/\/staging.efdb.ch\/en\/","name":"EFDB","description":"\u00c9cole fran\u00e7aise de B\u00e2le","potentialAction":[{"@type":"SearchAction","target":{"@type":"EntryPoint","urlTemplate":"https:\/\/staging.efdb.ch\/en\/?s={search_term_string}"},"query-input":"required name=search_term_string"}],"inLanguage":"en-US"}]}},"_links":{"self":[{"href":"https:\/\/staging.efdb.ch\/en\/wp-json\/wp\/v2\/pages\/2740"}],"collection":[{"href":"https:\/\/staging.efdb.ch\/en\/wp-json\/wp\/v2\/pages"}],"about":[{"href":"https:\/\/staging.efdb.ch\/en\/wp-json\/wp\/v2\/types\/page"}],"author":[{"embeddable":true,"href":"https:\/\/staging.efdb.ch\/en\/wp-json\/wp\/v2\/users\/1"}],"replies":[{"embeddable":true,"href":"https:\/\/staging.efdb.ch\/en\/wp-json\/wp\/v2\/comments?post=2740"}],"version-history":[{"count":103,"href":"https:\/\/staging.efdb.ch\/en\/wp-json\/wp\/v2\/pages\/2740\/revisions"}],"predecessor-version":[{"id":17206,"href":"https:\/\/staging.efdb.ch\/en\/wp-json\/wp\/v2\/pages\/2740\/revisions\/17206"}],"wp:attachment":[{"href":"https:\/\/staging.efdb.ch\/en\/wp-json\/wp\/v2\/media?parent=2740"}],"curies":[{"name":"wp","href":"https:\/\/api.w.org\/{rel}","templated":true}]}}