{"id":2766,"date":"2018-03-01T14:35:00","date_gmt":"2018-03-01T13:35:00","guid":{"rendered":"http:\/\/pprspnga.preview.infomaniak.website\/fees-registration\/"},"modified":"2023-06-03T19:57:39","modified_gmt":"2023-06-03T17:57:39","slug":"fees-registration","status":"publish","type":"page","link":"https:\/\/staging.efdb.ch\/en\/fees-registration\/","title":{"rendered":"Tuitions"},"content":{"rendered":"<p>[et_pb_section fb_built=&#8221;1&#8243; fullwidth=&#8221;on&#8221; _builder_version=&#8221;4.16&#8243; global_colors_info=&#8221;{}&#8221;][et_pb_fullwidth_slider admin_label=&#8221;Fullwidth Slider&#8221; _builder_version=&#8221;4.20.2&#8243; custom_padding=&#8221;|||&#8221; custom_padding_tablet=&#8221;|||&#8221; custom_padding_phone=&#8221;|||&#8221; box_shadow_style=&#8221;preset6&#8243; box_shadow_blur=&#8221;10px&#8221; box_shadow_color=&#8221;rgba(0,0,0,0.1)&#8221; global_colors_info=&#8221;{}&#8221; button_text_size__hover_enabled=&#8221;off&#8221; button_one_text_size__hover_enabled=&#8221;off&#8221; button_two_text_size__hover_enabled=&#8221;off&#8221; button_text_color__hover_enabled=&#8221;off&#8221; button_one_text_color__hover_enabled=&#8221;off&#8221; button_two_text_color__hover_enabled=&#8221;off&#8221; button_border_width__hover_enabled=&#8221;off&#8221; button_one_border_width__hover_enabled=&#8221;off&#8221; button_two_border_width__hover_enabled=&#8221;off&#8221; button_border_color__hover_enabled=&#8221;off&#8221; button_one_border_color__hover_enabled=&#8221;off&#8221; button_two_border_color__hover_enabled=&#8221;off&#8221; button_border_radius__hover_enabled=&#8221;off&#8221; button_one_border_radius__hover_enabled=&#8221;off&#8221; button_two_border_radius__hover_enabled=&#8221;off&#8221; button_letter_spacing__hover_enabled=&#8221;off&#8221; button_one_letter_spacing__hover_enabled=&#8221;off&#8221; button_two_letter_spacing__hover_enabled=&#8221;off&#8221; button_bg_color__hover_enabled=&#8221;off&#8221; button_one_bg_color__hover_enabled=&#8221;off&#8221; button_two_bg_color__hover_enabled=&#8221;off&#8221;][et_pb_slide heading=&#8221;Tuitions&#8221; use_bg_overlay=&#8221;on&#8221; _builder_version=&#8221;4.20.2&#8243; background_color=&#8221;#ffffff&#8221; background_image=&#8221;https:\/\/staging.efdb.ch\/wp-content\/uploads\/2019\/10\/DSC6948.jpg&#8221; background_enable_image=&#8221;on&#8221; global_colors_info=&#8221;{}&#8221; button_text_size__hover_enabled=&#8221;off&#8221; button_one_text_size__hover_enabled=&#8221;off&#8221; button_two_text_size__hover_enabled=&#8221;off&#8221; button_text_color__hover_enabled=&#8221;off&#8221; button_one_text_color__hover_enabled=&#8221;off&#8221; button_two_text_color__hover_enabled=&#8221;off&#8221; button_border_width__hover_enabled=&#8221;off&#8221; button_one_border_width__hover_enabled=&#8221;off&#8221; button_two_border_width__hover_enabled=&#8221;off&#8221; button_border_color__hover_enabled=&#8221;off&#8221; button_one_border_color__hover_enabled=&#8221;off&#8221; button_two_border_color__hover_enabled=&#8221;off&#8221; button_border_radius__hover_enabled=&#8221;off&#8221; button_one_border_radius__hover_enabled=&#8221;off&#8221; button_two_border_radius__hover_enabled=&#8221;off&#8221; button_letter_spacing__hover_enabled=&#8221;off&#8221; button_one_letter_spacing__hover_enabled=&#8221;off&#8221; button_two_letter_spacing__hover_enabled=&#8221;off&#8221; button_bg_color__hover_enabled=&#8221;off&#8221; button_one_bg_color__hover_enabled=&#8221;off&#8221; button_two_bg_color__hover_enabled=&#8221;off&#8221; sticky_transition=&#8221;on&#8221;][\/et_pb_slide][\/et_pb_fullwidth_slider][\/et_pb_section][et_pb_section fb_built=&#8221;1&#8243; _builder_version=&#8221;4.16&#8243; custom_padding=&#8221;57px|0px|57px|0px&#8221; global_colors_info=&#8221;{}&#8221;][et_pb_row _builder_version=&#8221;4.16&#8243; global_colors_info=&#8221;{}&#8221;][et_pb_column type=&#8221;4_4&#8243; _builder_version=&#8221;4.16&#8243; custom_padding=&#8221;|||&#8221; global_colors_info=&#8221;{}&#8221; custom_padding__hover=&#8221;|||&#8221;][et_pb_text admin_label=&#8221;Texte intro tarifs&#8221; _builder_version=&#8221;4.19.0&#8243; global_colors_info=&#8221;{}&#8221;]<\/p>\n<h2 style=\"text-align: center;\"><span style=\"font-weight: 400;\">Registration fee<\/span><\/h2>\n<p style=\"text-align: center;\">The registration fee is CHF 500 for the first registration only.<\/p>\n<p>[\/et_pb_text][\/et_pb_column][\/et_pb_row][et_pb_row column_structure=&#8221;1_3,1_3,1_3&#8243; _builder_version=&#8221;4.16&#8243; global_colors_info=&#8221;{}&#8221;][et_pb_column type=&#8221;1_3&#8243; _builder_version=&#8221;4.16&#8243; custom_padding=&#8221;|||&#8221; global_colors_info=&#8221;{}&#8221; custom_padding__hover=&#8221;|||&#8221;][et_pb_text _builder_version=&#8221;4.20.2&#8243; global_colors_info=&#8221;{}&#8221;]<\/p>\n<h3>Daycare<\/h3>\n<ul>\n<li><strong><a href=\"https:\/\/staging.efdb.ch\/wp-content\/uploads\/2022\/09\/Tarifs-et-Conditions-Generales-Creche-2022-23.pdf\" rel=\"attachment wp-att-15663\">Prices and Terms and conditions Daycare 2022-23<\/a><\/strong><\/li>\n<li><strong><a href=\"https:\/\/staging.efdb.ch\/wp-content\/uploads\/2022\/09\/Tarifs-et-Conditions-Generales-Creche-2022-23.pdf\" rel=\"attachment wp-att-15663\">Prices and Terms and conditions Daycare<\/a><a href=\"https:\/\/staging.efdb.ch\/wp-content\/uploads\/2022\/12\/Tarifs-et-Conditions-Generales-Creche-2023-24.pdf\" rel=\"attachment wp-att-16667\">e 2023-24<\/a><\/strong><\/li>\n<\/ul>\n<p>[\/et_pb_text][et_pb_button button_url=&#8221;@ET-DC@eyJkeW5hbWljIjp0cnVlLCJjb250ZW50IjoicG9zdF9saW5rX3VybF9wYWdlIiwic2V0dGluZ3MiOnsicG9zdF9pZCI6IjE2MzA5In19@&#8221; button_text=&#8221;Registration Form&#8221; _builder_version=&#8221;4.19.1&#8243; _dynamic_attributes=&#8221;button_url&#8221; _module_preset=&#8221;default&#8221; global_colors_info=&#8221;{}&#8221;][\/et_pb_button][\/et_pb_column][et_pb_column type=&#8221;1_3&#8243; _builder_version=&#8221;4.16&#8243; custom_padding=&#8221;|||&#8221; global_colors_info=&#8221;{}&#8221; custom_padding__hover=&#8221;|||&#8221;][et_pb_text _builder_version=&#8221;4.20.2&#8243; global_colors_info=&#8221;{}&#8221;]<\/p>\n<h3>Maternelle, Elementary and 6th grade<\/h3>\n<p>Yearly fees in CHF per child:<\/p>\n<ul>\n<li><strong><a href=\"https:\/\/staging.efdb.ch\/wp-content\/uploads\/2022\/09\/Tarifs-et-Conditions-Generales-Creche-2022-23.pdf\" rel=\"attachment wp-att-15663\">Tuitions and Terms and Conditions<\/a><a href=\"https:\/\/staging.efdb.ch\/wp-content\/uploads\/2022\/09\/Tarifs-Ecolages-et-Conditions-Generales-EM-et-EP-2022-23.pdf\" rel=\"attachment wp-att-15667\"> maternelle and elementary 2022-23<\/a><\/strong><\/li>\n<li><strong><a href=\"https:\/\/staging.efdb.ch\/wp-content\/uploads\/2022\/09\/Tarifs-et-Conditions-Generales-Creche-2022-23.pdf\" rel=\"attachment wp-att-15663\">Tuitions and Terms and Conditions<\/a><a href=\"https:\/\/staging.efdb.ch\/wp-content\/uploads\/2022\/12\/Tarifs-Ecolages-et-Conditions-Generales-maternelle-et-elementaire-2023-24.pdf\" rel=\"attachment wp-att-16670\"> maternelle and elementary 2023-24<\/a><\/strong><\/li>\n<\/ul>\n<p>[\/et_pb_text][et_pb_button button_url=&#8221;@ET-DC@eyJkeW5hbWljIjp0cnVlLCJjb250ZW50IjoicG9zdF9saW5rX3VybF9wYWdlIiwic2V0dGluZ3MiOnsicG9zdF9pZCI6IjE2MzA5In19@&#8221; button_text=&#8221;Registration Form&#8221; _builder_version=&#8221;4.19.1&#8243; _dynamic_attributes=&#8221;button_url&#8221; _module_preset=&#8221;default&#8221; global_colors_info=&#8221;{}&#8221;][\/et_pb_button][\/et_pb_column][et_pb_column type=&#8221;1_3&#8243; _builder_version=&#8221;4.16&#8243; custom_padding=&#8221;|||&#8221; global_colors_info=&#8221;{}&#8221; custom_padding__hover=&#8221;|||&#8221;][et_pb_text _builder_version=&#8221;4.20.2&#8243; text_font=&#8221;||||||||&#8221; header_font=&#8221;||||||||&#8221; hover_enabled=&#8221;0&#8243; global_colors_info=&#8221;{}&#8221; sticky_enabled=&#8221;0&#8243;]<\/p>\n<h3>Canteen<\/h3>\n<ul>\n<li><strong><a href=\"https:\/\/staging.efdb.ch\/wp-content\/uploads\/2022\/09\/Tarifs-et-Conditions-Generales-Creche-2022-23.pdf\" rel=\"attachment wp-att-15663\">Prices and Terms and conditions <\/a><a href=\"https:\/\/staging.efdb.ch\/wp-content\/uploads\/2022\/12\/Tarifs-et-Conditions-Generales-Cantine-2022-23.pdf\" rel=\"attachment wp-att-16408\">Canteen\u00a02022-23<\/a><\/strong><\/li>\n<li><strong><a href=\"https:\/\/staging.efdb.ch\/wp-content\/uploads\/2022\/09\/Tarifs-et-Conditions-Generales-Creche-2022-23.pdf\" rel=\"attachment wp-att-15663\">Prices and Terms and conditions <\/a><a href=\"https:\/\/staging.efdb.ch\/wp-content\/uploads\/2023\/05\/Tarifs-et-Conditions-Generales-cantine-2023-24.pdf\" rel=\"attachment wp-att-17863\">anteen\u00a02023-24<\/a><\/strong><\/li>\n<\/ul>\n<h3>After-school<\/h3>\n<ul>\n<li><strong><a href=\"https:\/\/staging.efdb.ch\/wp-content\/uploads\/2022\/09\/Tarifs-et-Conditions-Generales-Creche-2022-23.pdf\" rel=\"attachment wp-att-15663\">Prices and Terms and conditions <\/a><a href=\"https:\/\/staging.efdb.ch\/wp-content\/uploads\/2022\/05\/Tarifs-du-periscolaire-EM-2022-23.pdf\">Afterschool\u00a0maternelle 2022-23<\/a><\/strong><\/li>\n<li><strong><a href=\"https:\/\/staging.efdb.ch\/wp-content\/uploads\/2022\/09\/Tarifs-et-Conditions-Generales-Creche-2022-23.pdf\" rel=\"attachment wp-att-15663\">Prices and Terms and conditions <\/a><a href=\"https:\/\/staging.efdb.ch\/wp-content\/uploads\/2022\/05\/Tarifs-du-periscolaire-EM-2022-23.pdf\">Afterschool<\/a><a href=\"https:\/\/staging.efdb.ch\/wp-content\/uploads\/2023\/05\/Tarifs-et-Conditions-Generales-periscolaire-maternelle-2023-24.pdf\" rel=\"attachment wp-att-17866\"> maternelle 2023-24<\/a><\/strong><\/li>\n<li><strong><a href=\"https:\/\/staging.efdb.ch\/wp-content\/uploads\/2022\/09\/Tarifs-et-Conditions-Generales-Creche-2022-23.pdf\" rel=\"attachment wp-att-15663\">Prices and Terms and conditions <\/a><a href=\"https:\/\/staging.efdb.ch\/wp-content\/uploads\/2022\/05\/Tarifs-du-periscolaire-EM-2022-23.pdf\">Afterschool<\/a><a href=\"https:\/\/staging.efdb.ch\/wp-content\/uploads\/2022\/06\/Tarifs-et-Conditions-Generales-periscolaire-EP-2022-23.pdf\"> elementary 2022-23<\/a><\/strong><\/li>\n<li><strong><a href=\"https:\/\/staging.efdb.ch\/wp-content\/uploads\/2022\/09\/Tarifs-et-Conditions-Generales-Creche-2022-23.pdf\" rel=\"attachment wp-att-15663\">Prices and Terms and conditions <\/a><a href=\"https:\/\/staging.efdb.ch\/wp-content\/uploads\/2022\/05\/Tarifs-du-periscolaire-EM-2022-23.pdf\">Afterschool<\/a><a href=\"https:\/\/staging.efdb.ch\/wp-content\/uploads\/2023\/06\/Tarifs-et-Conditions-Generales-periscolaire-elementaire-2023-24.pdf\" rel=\"attachment wp-att-17963\"> elementary 2023-24<\/a><\/strong><\/li>\n<\/ul>\n<h3>Holiday Camp<\/h3>\n<ul>\n<li><strong><a href=\"https:\/\/staging.efdb.ch\/wp-content\/uploads\/2022\/09\/Tarifs-et-Conditions-Generales-Creche-2022-23.pdf\" rel=\"attachment wp-att-15663\">Prices and Terms and conditions <\/a><a href=\"https:\/\/staging.efdb.ch\/wp-content\/uploads\/2023\/03\/Tarifs-et-Conditions-Generales-centres-aeres-2022-23.pdf\" rel=\"attachment wp-att-17480\">Holidy Camp\u00a02022-23<\/a><\/strong><\/li>\n<li><strong><a href=\"https:\/\/staging.efdb.ch\/wp-content\/uploads\/2022\/09\/Tarifs-et-Conditions-Generales-Creche-2022-23.pdf\" rel=\"attachment wp-att-15663\">Prices and Terms and conditions <\/a><a href=\"https:\/\/staging.efdb.ch\/wp-content\/uploads\/2023\/05\/Tarifs-et-Conditions-Generales-centres-aeres-2023-24.pdf\" rel=\"attachment wp-att-17872\">Holiday Camp 2023-24<\/a><\/strong><\/li>\n<\/ul>\n<p>[\/et_pb_text][\/et_pb_column][\/et_pb_row][et_pb_row _builder_version=&#8221;4.16&#8243; global_colors_info=&#8221;{}&#8221;][et_pb_column type=&#8221;4_4&#8243; _builder_version=&#8221;4.16&#8243; global_colors_info=&#8221;{}&#8221;][et_pb_text _builder_version=&#8221;4.19.0&#8243; global_colors_info=&#8221;{}&#8221;][\/et_pb_text][\/et_pb_column][\/et_pb_row][et_pb_row _builder_version=&#8221;4.16&#8243; global_colors_info=&#8221;{}&#8221;][et_pb_column type=&#8221;4_4&#8243; _builder_version=&#8221;4.16&#8243; custom_padding=&#8221;|||&#8221; global_colors_info=&#8221;{}&#8221; custom_padding__hover=&#8221;|||&#8221;][et_pb_text admin_label=&#8221;Conditions particuli\u00e8res&#8221; _builder_version=&#8221;4.19.4&#8243; global_colors_info=&#8221;{}&#8221;]<\/p>\n<p style=\"text-align: center;\">\u00a0<\/p>\n<p style=\"text-align: center;\"><strong>Special discounts \u2013 Daycare, Maternelle, Elementary, 6th grade<\/strong><\/p>\n<p style=\"text-align: center;\"><span style=\"font-size: 14px;\">We offer a discount on fees for sibling children (all sections included) :<\/span><\/p>\n<p style=\"text-align: center;\">10% for the 2nd child and 15% from the 3rd child.<\/p>\n<p style=\"text-align: center;\">\u00a0<\/p>\n<p>[\/et_pb_text][\/et_pb_column][\/et_pb_row][\/et_pb_section][et_pb_section fb_built=&#8221;1&#8243; _builder_version=&#8221;4.16&#8243; background_color=&#8221;#5e89c4&#8243; custom_padding=&#8221;57px|0px|57px|0px&#8221; global_colors_info=&#8221;{}&#8221;][et_pb_row column_structure=&#8221;1_2,1_2&#8243; _builder_version=&#8221;4.16&#8243; global_colors_info=&#8221;{}&#8221;][et_pb_column type=&#8221;1_2&#8243; _builder_version=&#8221;4.16&#8243; custom_padding=&#8221;|||&#8221; global_colors_info=&#8221;{}&#8221; custom_padding__hover=&#8221;|||&#8221;][et_pb_blurb title=&#8221;Corporate Rates&#8221; admin_label=&#8221;Tarification Corporate&#8221; _builder_version=&#8221;4.16&#8243; header_level=&#8221;h3&#8243; header_font=&#8221;|700|||||||&#8221; header_font_size=&#8221;24px&#8221; body_font=&#8221;|600|||||||&#8221; text_orientation=&#8221;center&#8221; background_layout=&#8221;dark&#8221; header_font_size_tablet=&#8221;&#8221; header_font_size_phone=&#8221;&#8221; header_font_size_last_edited=&#8221;on|desktop&#8221; global_colors_info=&#8221;{}&#8221;]<\/p>\n<p>For families whose school fees are paid by their employer. Corporate rates include all available activities, and at your choice, from Monday to Friday from 8am to 6:30pm. The canteen and music classes are not included, and will be invoiced separately for the families who choose them.<\/p>\n<p>[\/et_pb_blurb][\/et_pb_column][et_pb_column type=&#8221;1_2&#8243; _builder_version=&#8221;4.16&#8243; custom_padding=&#8221;|||&#8221; global_colors_info=&#8221;{}&#8221; custom_padding__hover=&#8221;|||&#8221;][et_pb_blurb title=&#8221;AEFE scolarship&#8221; admin_label=&#8221;Bourse AEFE&#8221; _builder_version=&#8221;4.16&#8243; header_level=&#8221;h3&#8243; header_font=&#8221;|700|||||||&#8221; header_font_size=&#8221;24px&#8221; body_font=&#8221;|600|||||||&#8221; text_orientation=&#8221;center&#8221; background_layout=&#8221;dark&#8221; header_font_size_tablet=&#8221;&#8221; header_font_size_phone=&#8221;&#8221; header_font_size_last_edited=&#8221;on|desktop&#8221; global_colors_info=&#8221;{}&#8221;]<\/p>\n<p>For children of French nationality living in Switzerland. The scholarship application is submitted through the French Consulate in Zurich and is based on resource criteria. Information and files to be provided by the Scholarship Service of the Consulate General of France in Zurich.<\/p>\n<p>[\/et_pb_blurb][\/et_pb_column][\/et_pb_row][\/et_pb_section][et_pb_section fb_built=&#8221;1&#8243; _builder_version=&#8221;4.16&#8243; background_color=&#8221;#ffffff&#8221; global_colors_info=&#8221;{}&#8221;][et_pb_row _builder_version=&#8221;4.16&#8243; custom_padding=&#8221;28px|0px|28px|0px&#8221; global_colors_info=&#8221;{}&#8221;][et_pb_column type=&#8221;4_4&#8243; _builder_version=&#8221;4.16&#8243; custom_padding=&#8221;|||&#8221; global_colors_info=&#8221;{}&#8221; custom_padding__hover=&#8221;|||&#8221;][et_pb_text admin_label=&#8221;Besoin de r\u00e9fl\u00e9chir ?&#8221; _builder_version=&#8221;4.16&#8243; text_orientation=&#8221;center&#8221; global_colors_info=&#8221;{}&#8221;]<\/p>\n<h3>You still need to think about it?<\/h3>\n<p>The French school of Basel is at your disposal to answer your questions, to visit the school and <strong>meet the pedagogical team<\/strong>. To do so, we invite you to apply online by clicking on the button below :<\/p>\n<p>[\/et_pb_text][et_pb_button button_url=&#8221;https:\/\/staging.efdb.ch\/en\/fees-registration\/contact-form\/&#8221; button_text=&#8221;Contact form&#8221; button_alignment=&#8221;center&#8221; admin_label=&#8221;Bouton contact&#8221; _builder_version=&#8221;4.16&#8243; background_layout=&#8221;dark&#8221; custom_margin=&#8221;0px||0px|&#8221; custom_padding=&#8221;|||&#8221; global_colors_info=&#8221;{}&#8221; button_text_size__hover_enabled=&#8221;off&#8221; button_one_text_size__hover_enabled=&#8221;off&#8221; button_two_text_size__hover_enabled=&#8221;off&#8221; button_text_color__hover_enabled=&#8221;off&#8221; button_one_text_color__hover_enabled=&#8221;off&#8221; button_two_text_color__hover_enabled=&#8221;off&#8221; button_border_width__hover_enabled=&#8221;off&#8221; button_one_border_width__hover_enabled=&#8221;off&#8221; button_two_border_width__hover_enabled=&#8221;off&#8221; button_border_color__hover_enabled=&#8221;off&#8221; button_one_border_color__hover_enabled=&#8221;off&#8221; button_two_border_color__hover_enabled=&#8221;off&#8221; button_border_radius__hover_enabled=&#8221;off&#8221; button_one_border_radius__hover_enabled=&#8221;off&#8221; button_two_border_radius__hover_enabled=&#8221;off&#8221; button_letter_spacing__hover_enabled=&#8221;off&#8221; button_one_letter_spacing__hover_enabled=&#8221;off&#8221; button_two_letter_spacing__hover_enabled=&#8221;off&#8221; button_bg_color__hover_enabled=&#8221;off&#8221; button_one_bg_color__hover_enabled=&#8221;off&#8221; button_two_bg_color__hover_enabled=&#8221;off&#8221;][\/et_pb_button][\/et_pb_column][\/et_pb_row][et_pb_row _builder_version=&#8221;4.16&#8243; global_colors_info=&#8221;{}&#8221;][et_pb_column type=&#8221;4_4&#8243; _builder_version=&#8221;4.16&#8243; custom_padding=&#8221;|||&#8221; global_colors_info=&#8221;{}&#8221; custom_padding__hover=&#8221;|||&#8221;][et_pb_text admin_label=&#8221;Inscription en 3 \u00e9tapes&#8221; _builder_version=&#8221;4.19.4&#8243; global_colors_info=&#8221;{}&#8221;]<\/p>\n<h2 style=\"text-align: center;\">Registration in 3 stages at the Ecole Fran\u00e7aise de B\u00e2le<\/h2>\n<p style=\"text-align: center;\">\u00a0<\/p>\n<p>[\/et_pb_text][\/et_pb_column][\/et_pb_row][et_pb_row column_structure=&#8221;1_3,1_3,1_3&#8243; _builder_version=&#8221;4.16&#8243; global_colors_info=&#8221;{}&#8221;][et_pb_column type=&#8221;1_3&#8243; _builder_version=&#8221;4.16&#8243; custom_padding=&#8221;|||&#8221; global_colors_info=&#8221;{}&#8221; custom_padding__hover=&#8221;|||&#8221;][et_pb_blurb url=&#8221;https:\/\/staging.efdb.ch\/en\/registration\/&#8221; image=&#8221;https:\/\/staging.efdb.ch\/wp-content\/uploads\/2018\/01\/formulaire.png&#8221; admin_label=&#8221;Etape 1&#8243; _builder_version=&#8221;4.16&#8243; text_orientation=&#8221;center&#8221; global_colors_info=&#8221;{}&#8221;]<\/p>\n<p><strong>The registration request\u00a0<\/strong><strong>is done online.<\/strong><\/p>\n<p>[\/et_pb_blurb][\/et_pb_column][et_pb_column type=&#8221;1_3&#8243; _builder_version=&#8221;4.16&#8243; custom_padding=&#8221;|||&#8221; global_colors_info=&#8221;{}&#8221; custom_padding__hover=&#8221;|||&#8221;][et_pb_blurb image=&#8221;https:\/\/staging.efdb.ch\/wp-content\/uploads\/2018\/01\/phone.png&#8221; admin_label=&#8221;Etape 2&#8243; _builder_version=&#8221;4.16&#8243; text_orientation=&#8221;center&#8221; global_colors_info=&#8221;{}&#8221;]<\/p>\n<p><strong>The secretariat will contact you to arrange an appointment with the direction and validate your registration.<\/strong><\/p>\n<p>[\/et_pb_blurb][\/et_pb_column][et_pb_column type=&#8221;1_3&#8243; _builder_version=&#8221;4.16&#8243; custom_padding=&#8221;|||&#8221; global_colors_info=&#8221;{}&#8221; custom_padding__hover=&#8221;|||&#8221;][et_pb_blurb image=&#8221;https:\/\/staging.efdb.ch\/wp-content\/uploads\/2018\/01\/courrier.png&#8221; admin_label=&#8221;Etape 3&#8243; _builder_version=&#8221;4.16&#8243; text_orientation=&#8221;center&#8221; global_colors_info=&#8221;{}&#8221;]<\/p>\n<p><strong>Registration is final upon receipt of the registration fee.<\/strong><\/p>\n<p>[\/et_pb_blurb][\/et_pb_column][\/et_pb_row][\/et_pb_section]<\/p>\n","protected":false},"excerpt":{"rendered":"<p>Registration fee The registration fee is CHF 500 for the first registration only.Daycare Prices and Terms and conditions Daycare 2022-23 Prices and Terms and conditions Daycaree 2023-24 Maternelle, Elementary and 6th grade Yearly fees in CHF per child: Tuitions and Terms and Conditions maternelle and elementary 2022-23 Tuitions and Terms and Conditions maternelle and elementary [&hellip;]<\/p>\n","protected":false},"author":1,"featured_media":0,"parent":0,"menu_order":0,"comment_status":"closed","ping_status":"closed","template":"","meta":{"_et_pb_use_builder":"on","_et_pb_old_content":"","_et_gb_content_width":""},"yoast_head":"<!-- This site is optimized with the Yoast SEO plugin v21.1 - https:\/\/yoast.com\/wordpress\/plugins\/seo\/ -->\n<title>Tuitions - EFDB<\/title>\n<meta name=\"robots\" content=\"index, follow, max-snippet:-1, max-image-preview:large, max-video-preview:-1\" \/>\n<link rel=\"canonical\" href=\"https:\/\/staging.efdb.ch\/en\/fees-registration\/\" \/>\n<meta property=\"og:locale\" content=\"en_US\" \/>\n<meta property=\"og:type\" content=\"article\" \/>\n<meta property=\"og:title\" content=\"Tuitions - EFDB\" \/>\n<meta property=\"og:description\" content=\"Registration fee The registration fee is CHF 500 for the first registration only.Daycare Prices and Terms and conditions Daycare 2022-23 Prices and Terms and conditions Daycaree 2023-24 Maternelle, Elementary and 6th grade Yearly fees in CHF per child: Tuitions and Terms and Conditions maternelle and elementary 2022-23 Tuitions and Terms and Conditions maternelle and elementary [&hellip;]\" \/>\n<meta property=\"og:url\" content=\"https:\/\/staging.efdb.ch\/en\/fees-registration\/\" \/>\n<meta property=\"og:site_name\" content=\"EFDB\" \/>\n<meta property=\"article:modified_time\" content=\"2023-06-03T17:57:39+00:00\" \/>\n<meta name=\"twitter:card\" content=\"summary_large_image\" \/>\n<meta name=\"twitter:label1\" content=\"Est. reading time\" \/>\n\t<meta name=\"twitter:data1\" content=\"8 minutes\" \/>\n<script type=\"application\/ld+json\" class=\"yoast-schema-graph\">{\"@context\":\"https:\/\/schema.org\",\"@graph\":[{\"@type\":\"WebPage\",\"@id\":\"https:\/\/staging.efdb.ch\/en\/fees-registration\/\",\"url\":\"https:\/\/staging.efdb.ch\/en\/fees-registration\/\",\"name\":\"Tuitions - EFDB\",\"isPartOf\":{\"@id\":\"https:\/\/staging.efdb.ch\/en\/#website\"},\"datePublished\":\"2018-03-01T13:35:00+00:00\",\"dateModified\":\"2023-06-03T17:57:39+00:00\",\"breadcrumb\":{\"@id\":\"https:\/\/staging.efdb.ch\/en\/fees-registration\/#breadcrumb\"},\"inLanguage\":\"en-US\",\"potentialAction\":[{\"@type\":\"ReadAction\",\"target\":[\"https:\/\/staging.efdb.ch\/en\/fees-registration\/\"]}]},{\"@type\":\"BreadcrumbList\",\"@id\":\"https:\/\/staging.efdb.ch\/en\/fees-registration\/#breadcrumb\",\"itemListElement\":[{\"@type\":\"ListItem\",\"position\":1,\"name\":\"Accueil\",\"item\":\"https:\/\/staging.efdb.ch\/en\/\"},{\"@type\":\"ListItem\",\"position\":2,\"name\":\"Tuitions\"}]},{\"@type\":\"WebSite\",\"@id\":\"https:\/\/staging.efdb.ch\/en\/#website\",\"url\":\"https:\/\/staging.efdb.ch\/en\/\",\"name\":\"EFDB\",\"description\":\"\u00c9cole fran\u00e7aise de B\u00e2le\",\"potentialAction\":[{\"@type\":\"SearchAction\",\"target\":{\"@type\":\"EntryPoint\",\"urlTemplate\":\"https:\/\/staging.efdb.ch\/en\/?s={search_term_string}\"},\"query-input\":\"required name=search_term_string\"}],\"inLanguage\":\"en-US\"}]}<\/script>\n<!-- \/ Yoast SEO plugin. -->","yoast_head_json":{"title":"Tuitions - EFDB","robots":{"index":"index","follow":"follow","max-snippet":"max-snippet:-1","max-image-preview":"max-image-preview:large","max-video-preview":"max-video-preview:-1"},"canonical":"https:\/\/staging.efdb.ch\/en\/fees-registration\/","og_locale":"en_US","og_type":"article","og_title":"Tuitions - EFDB","og_description":"Registration fee The registration fee is CHF 500 for the first registration only.Daycare Prices and Terms and conditions Daycare 2022-23 Prices and Terms and conditions Daycaree 2023-24 Maternelle, Elementary and 6th grade Yearly fees in CHF per child: Tuitions and Terms and Conditions maternelle and elementary 2022-23 Tuitions and Terms and Conditions maternelle and elementary [&hellip;]","og_url":"https:\/\/staging.efdb.ch\/en\/fees-registration\/","og_site_name":"EFDB","article_modified_time":"2023-06-03T17:57:39+00:00","twitter_card":"summary_large_image","twitter_misc":{"Est. reading time":"8 minutes"},"schema":{"@context":"https:\/\/schema.org","@graph":[{"@type":"WebPage","@id":"https:\/\/staging.efdb.ch\/en\/fees-registration\/","url":"https:\/\/staging.efdb.ch\/en\/fees-registration\/","name":"Tuitions - EFDB","isPartOf":{"@id":"https:\/\/staging.efdb.ch\/en\/#website"},"datePublished":"2018-03-01T13:35:00+00:00","dateModified":"2023-06-03T17:57:39+00:00","breadcrumb":{"@id":"https:\/\/staging.efdb.ch\/en\/fees-registration\/#breadcrumb"},"inLanguage":"en-US","potentialAction":[{"@type":"ReadAction","target":["https:\/\/staging.efdb.ch\/en\/fees-registration\/"]}]},{"@type":"BreadcrumbList","@id":"https:\/\/staging.efdb.ch\/en\/fees-registration\/#breadcrumb","itemListElement":[{"@type":"ListItem","position":1,"name":"Accueil","item":"https:\/\/staging.efdb.ch\/en\/"},{"@type":"ListItem","position":2,"name":"Tuitions"}]},{"@type":"WebSite","@id":"https:\/\/staging.efdb.ch\/en\/#website","url":"https:\/\/staging.efdb.ch\/en\/","name":"EFDB","description":"\u00c9cole fran\u00e7aise de B\u00e2le","potentialAction":[{"@type":"SearchAction","target":{"@type":"EntryPoint","urlTemplate":"https:\/\/staging.efdb.ch\/en\/?s={search_term_string}"},"query-input":"required name=search_term_string"}],"inLanguage":"en-US"}]}},"_links":{"self":[{"href":"https:\/\/staging.efdb.ch\/en\/wp-json\/wp\/v2\/pages\/2766"}],"collection":[{"href":"https:\/\/staging.efdb.ch\/en\/wp-json\/wp\/v2\/pages"}],"about":[{"href":"https:\/\/staging.efdb.ch\/en\/wp-json\/wp\/v2\/types\/page"}],"author":[{"embeddable":true,"href":"https:\/\/staging.efdb.ch\/en\/wp-json\/wp\/v2\/users\/1"}],"replies":[{"embeddable":true,"href":"https:\/\/staging.efdb.ch\/en\/wp-json\/wp\/v2\/comments?post=2766"}],"version-history":[{"count":93,"href":"https:\/\/staging.efdb.ch\/en\/wp-json\/wp\/v2\/pages\/2766\/revisions"}],"predecessor-version":[{"id":17997,"href":"https:\/\/staging.efdb.ch\/en\/wp-json\/wp\/v2\/pages\/2766\/revisions\/17997"}],"wp:attachment":[{"href":"https:\/\/staging.efdb.ch\/en\/wp-json\/wp\/v2\/media?parent=2766"}],"curies":[{"name":"wp","href":"https:\/\/api.w.org\/{rel}","templated":true}]}}